{"id":776959,"date":"2025-10-08T10:27:15","date_gmt":"2025-10-08T07:27:15","guid":{"rendered":"https:\/\/roveyayinevi.com.tr\/index.php\/urun\/postmodernlik-ve-hosnutsuzluklari\/"},"modified":"2026-04-16T02:06:52","modified_gmt":"2026-04-15T23:06:52","slug":"postmodernlik-ve-hosnutsuzluklari","status":"publish","type":"product","link":"https:\/\/roveyayinevi.com.tr\/index.php\/urun\/postmodernlik-ve-hosnutsuzluklari\/","title":{"rendered":"Postmodernlik ve Ho\u015fnutsuzluklar\u0131"},"content":{"rendered":"<p>Felsefe yapmak hep u\u00e7uk ve soyut \u015feylerden s\u00f6z etmek anlam\u0131na gelmi\u015ftir. Diyebiliriz ki Postmodernlik ve Ho\u015fnutsuzluklar\u0131 bu anlay\u0131\u015f\u0131 ve \u00f6nyarg\u0131y\u0131 silebilecek nitelikte.Zygmunt Bauman bu kitapta \u201cprati\u011fin felsefesini\u201d yap\u0131yor. \u201cPostmodern\u201d d\u00fcnyada kesin olan tek \u015feyin \u201cbelirsizlik\u201d oldu\u011funu ve \u201columsall\u0131k\u201d de\u011firmeninin b\u00fct\u00fcn \u201cparadigmalar\u0131\u201d her an \u201cyeniden kurdu\u011funu\u201d g\u00f6zlemliyor. Bundan dolay\u0131 da, hi\u00e7 kimsenin \u201cavangartl\u0131k\u201d iddias\u0131nda bulunamayaca\u011f\u0131n\u0131; \u00e7\u00fcnk\u00fc \u201columsall\u0131k\u201d de\u011firmenin de \u00f6\u011f\u00fct\u00fclmekten ka\u00e7man\u0131n m\u00fcmk\u00fcn olmad\u0131\u011f\u0131n\u0131 s\u00f6yl\u00fcyor.Bauman Postmodernlik ve Ho\u015fnutsuzluklar\u0131\u2019nda bizi \u201cyabanc\u0131lar\u0131n\u201d, \u201ct\u00fcredilerin\u201d, \u201cparyalar\u0131n\u201d, \u201cturistlerin\u201d, \u201caylaklar\u0131n\u201d, \u201ck\u00f6ktencilerin\u201d ve benzerlerinin d\u00fcnyas\u0131na sokuyor. S\u00f6z konusu kesimlerin neden toplumun \u201cvazge\u00e7ilmez\u201d \u00fcyeleri oldu\u011funu g\u00f6r\u00fcyoruz. \u201cYerliler\u201din \u201ct\u00fcrediler\u201de ne kadar muhta\u00e7 oldu\u011funu, onlar olmadan kendilerinin de \u201cyersiz\u201d kald\u0131\u011f\u0131n\u0131 fark ediyoruz. \u201cYerli\u201dden fazla \u201cyerlici\u201d kesilen \u201cyabanc\u0131lar\u201d\u0131n ruh halini anlamaya \u00e7al\u0131\u015f\u0131yoruz. O \u00e7ok y\u00fcceltti\u011fimiz \u201ck\u00fclt\u00fcr\u201de bir de \u201ct\u00fcketici kooperatifi\u201d olarak bak\u0131yoruz.\u201cAyd\u0131nlanma\u201dn\u0131n \u00e7eli\u015fkilerine tan\u0131k oluyoruz. \u201cToplumu e\u011fitmek\u201d isteyen \u201cavangart ayd\u0131nlatmac\u0131lar\u0131n\u201d, i\u015flevleri sona erip i\u015fsiz kal\u0131nca nas\u0131l deliye d\u00f6nd\u00fc\u011f\u00fcn\u00fc, y\u0131\u011f\u0131nlara sald\u0131rd\u0131\u011f\u0131n\u0131 g\u00f6r\u00fcyoruz. \u00d6te yandan modern \u00e7a\u011f\u0131n ba\u015f\u0131ndaki \u201ce\u011fitim devrimi\u201dnin izini s\u00fcrerek Foucault\u2019nun Cinselli\u011fin Tarihi\u2019ni g\u00f6zden ge\u00e7iriyoruz.\u201cPostmodern prati\u011fin felsefesi\u201d olarak nitelendirebilece\u011fimiz bu \u00e7al\u0131\u015fman\u0131n kendi \u00f6zg\u00fcn \u201ctemelleri\u201d de var: \u00d6zg\u00fcrl\u00fck, daha fazla \u00f6zg\u00fcrl\u00fck; farkl\u0131l\u0131k, daha fazla farkl\u0131l\u0131k; ve bir de (bunlar\u0131n s\u00fcreklili\u011finin sa\u011flanmas\u0131 i\u00e7in) dayan\u0131\u015fma, daha fazla dayan\u0131\u015fma.Belirsizlik ve farkl\u0131l\u0131klar\u0131n egemen oldu\u011fu postmodern d\u00fcnyada sorumluluk ile \u00f6zg\u00fcrl\u00fc\u011f\u00fc bir madalyonun iki y\u00fcz\u00fc olarak g\u00f6ren Bauman son s\u00f6z\u00fc de \u00f6zg\u00fcrl\u00fc\u011fe veriyor. <\/p>\n","protected":false},"excerpt":{"rendered":"<p>Felsefe yapmak hep u\u00e7uk ve soyut \u015feylerden s\u00f6z etmek anlam\u0131na gelmi\u015ftir. Diyebiliriz ki Postmodernlik ve Ho\u015fnutsuzluklar\u0131 bu anlay\u0131\u015f\u0131 ve \u00f6nyarg\u0131y\u0131 silebilecek nitelikte.Zygmunt Bauman bu kitapta \u201cprati\u011fin<span class=\"excerpt-hellip\"> [\u2026]<\/span><\/p>\n","protected":false},"featured_media":0,"template":"","meta":{"_monsterinsights_skip_tracking":false,"_monsterinsights_sitenote_active":false,"_monsterinsights_sitenote_note":"","_monsterinsights_sitenote_category":0},"product_brand":[],"product_cat":[12388,15309],"product_tag":[],"class_list":{"0":"post-776959","1":"product","2":"type-product","3":"status-publish","5":"product_cat-felsefe","6":"product_cat-felsefi-akimlar","7":"pa_cilt-ciltsiz","8":"pa_tur-kitap","9":"pa_yayinevi-ayrinti-yayinlari","10":"pa_yazar-zygmunt-bauman","12":"first","13":"instock","14":"sale","15":"shipping-taxable","16":"purchasable","17":"product-type-simple"},"_links":{"self":[{"href":"https:\/\/roveyayinevi.com.tr\/index.php\/wp-json\/wp\/v2\/product\/776959","targetHints":{"allow":["GET"]}}],"collection":[{"href":"https:\/\/roveyayinevi.com.tr\/index.php\/wp-json\/wp\/v2\/product"}],"about":[{"href":"https:\/\/roveyayinevi.com.tr\/index.php\/wp-json\/wp\/v2\/types\/product"}],"wp:attachment":[{"href":"https:\/\/roveyayinevi.com.tr\/index.php\/wp-json\/wp\/v2\/media?parent=776959"}],"wp:term":[{"taxonomy":"product_brand","embeddable":true,"href":"https:\/\/roveyayinevi.com.tr\/index.php\/wp-json\/wp\/v2\/product_brand?post=776959"},{"taxonomy":"product_cat","embeddable":true,"href":"https:\/\/roveyayinevi.com.tr\/index.php\/wp-json\/wp\/v2\/product_cat?post=776959"},{"taxonomy":"product_tag","embeddable":true,"href":"https:\/\/roveyayinevi.com.tr\/index.php\/wp-json\/wp\/v2\/product_tag?post=776959"}],"curies":[{"name":"wp","href":"https:\/\/api.w.org\/{rel}","templated":true}]}}