{"id":776958,"date":"2025-10-08T10:18:19","date_gmt":"2025-10-08T07:18:19","guid":{"rendered":"https:\/\/roveyayinevi.com.tr\/index.php\/urun\/taseron-mesih\/"},"modified":"2026-04-16T02:05:11","modified_gmt":"2026-04-15T23:05:11","slug":"taseron-mesih","status":"publish","type":"product","link":"https:\/\/roveyayinevi.com.tr\/index.php\/urun\/taseron-mesih\/","title":{"rendered":"Ta\u015feron Mesih"},"content":{"rendered":"<p>Mehmet Ali A\u011fca olay\u0131n\u0131 \u00e2deta yeniden ya\u015fad\u0131m. Baz\u0131 konular\u0131 bildi\u011fimi zannederdim. Okuyunca g\u00f6rd\u00fcm ki, bildiklerim \u00e7ok eksikmi\u015f. Neredeyse yeni bir konuya s\u0131f\u0131rdan ba\u015flad\u0131m ve \u00e7ok \u015fey \u00f6\u011frendim. <\/p>\n","protected":false},"excerpt":{"rendered":"<p>Mehmet Ali A\u011fca olay\u0131n\u0131 \u00e2deta yeniden ya\u015fad\u0131m. Baz\u0131 konular\u0131 bildi\u011fimi zannederdim. Okuyunca g\u00f6rd\u00fcm ki, bildiklerim \u00e7ok eksikmi\u015f. Neredeyse yeni bir konuya s\u0131f\u0131rdan ba\u015flad\u0131m ve \u00e7ok \u015fey<span class=\"excerpt-hellip\"> [\u2026]<\/span><\/p>\n","protected":false},"featured_media":0,"template":"","meta":{"_monsterinsights_skip_tracking":false,"_monsterinsights_sitenote_active":false,"_monsterinsights_sitenote_note":"","_monsterinsights_sitenote_category":0},"product_brand":[],"product_cat":[13059,12337],"product_tag":[],"class_list":{"0":"post-776958","1":"product","2":"type-product","3":"status-publish","5":"product_cat-diger-politika-siyaset","6":"product_cat-politika-siyaset","7":"pa_cilt-ciltsiz","8":"pa_tur-kitap","9":"pa_yayinevi-dogan-kitap","10":"pa_yazar-saygi-ozturk","12":"first","13":"instock","14":"sale","15":"shipping-taxable","16":"purchasable","17":"product-type-simple"},"_links":{"self":[{"href":"https:\/\/roveyayinevi.com.tr\/index.php\/wp-json\/wp\/v2\/product\/776958","targetHints":{"allow":["GET"]}}],"collection":[{"href":"https:\/\/roveyayinevi.com.tr\/index.php\/wp-json\/wp\/v2\/product"}],"about":[{"href":"https:\/\/roveyayinevi.com.tr\/index.php\/wp-json\/wp\/v2\/types\/product"}],"wp:attachment":[{"href":"https:\/\/roveyayinevi.com.tr\/index.php\/wp-json\/wp\/v2\/media?parent=776958"}],"wp:term":[{"taxonomy":"product_brand","embeddable":true,"href":"https:\/\/roveyayinevi.com.tr\/index.php\/wp-json\/wp\/v2\/product_brand?post=776958"},{"taxonomy":"product_cat","embeddable":true,"href":"https:\/\/roveyayinevi.com.tr\/index.php\/wp-json\/wp\/v2\/product_cat?post=776958"},{"taxonomy":"product_tag","embeddable":true,"href":"https:\/\/roveyayinevi.com.tr\/index.php\/wp-json\/wp\/v2\/product_tag?post=776958"}],"curies":[{"name":"wp","href":"https:\/\/api.w.org\/{rel}","templated":true}]}}