{"id":776944,"date":"2025-10-06T00:26:29","date_gmt":"2025-10-05T21:26:29","guid":{"rendered":"https:\/\/roveyayinevi.com.tr\/index.php\/urun\/buna-kim-inanir\/"},"modified":"2026-04-08T03:39:19","modified_gmt":"2026-04-08T00:39:19","slug":"buna-kim-inanir","status":"publish","type":"product","link":"https:\/\/roveyayinevi.com.tr\/index.php\/urun\/buna-kim-inanir\/","title":{"rendered":"Buna Kim \u0130nan\u0131r?"},"content":{"rendered":"<p>Ta\u015fl\u0131 bir tarla i\u00e7inde, kuru otlar aras\u0131nda yapraklar\u0131 p\u00f6rs\u00fcm\u00fc\u015f c\u0131l\u0131z bir \u0131hlamur a\u011fac\u0131&#8230; &#8220;Buras\u0131 d\u00fcnyan\u0131n en g\u00fczel yeri!&#8221; deseler kimse inanmaz. Bir ki\u015fi hari\u00e7&#8230; Kahraman\u0131m\u0131z Bay \u0130nan\u0131r! \u201cD\u00fcnyan\u0131n en g\u00fczel yeri\u201dni g\u00f6rmek istiyorsan\u0131z siz de ona inan\u0131n! Nuri Kurucu\u2019nun esprili kalemiyle Berna D\u00f6rtp\u0131nar\u2019\u0131n birbirinden g\u00fczel resimleri birle\u015fiyor ve ortaya e\u011flenceli bir hik\u00e2ye \u00e7\u0131k\u0131yor. <\/p>\n","protected":false},"excerpt":{"rendered":"<p>Ta\u015fl\u0131 bir tarla i\u00e7inde, kuru otlar aras\u0131nda yapraklar\u0131 p\u00f6rs\u00fcm\u00fc\u015f c\u0131l\u0131z bir \u0131hlamur a\u011fac\u0131&#8230; &#8220;Buras\u0131 d\u00fcnyan\u0131n en g\u00fczel yeri!&#8221; deseler kimse inanmaz. Bir ki\u015fi hari\u00e7&#8230; Kahraman\u0131m\u0131z Bay<span class=\"excerpt-hellip\"> [\u2026]<\/span><\/p>\n","protected":false},"featured_media":0,"template":"","meta":{"_monsterinsights_skip_tracking":false,"_monsterinsights_sitenote_active":false,"_monsterinsights_sitenote_note":"","_monsterinsights_sitenote_category":0},"product_brand":[],"product_cat":[12274,12284],"product_tag":[],"class_list":{"0":"post-776944","1":"product","2":"type-product","3":"status-publish","5":"product_cat-cocuk-ve-genclik-kitaplari","6":"product_cat-hikayeler","7":"pa_cilt-ciltsiz","8":"pa_tur-kitap","9":"pa_yayinevi-bilgi-yayinevi-cocuk","10":"pa_yazar-nuri-kurucu","12":"first","13":"instock","14":"sale","15":"shipping-taxable","16":"purchasable","17":"product-type-simple"},"_links":{"self":[{"href":"https:\/\/roveyayinevi.com.tr\/index.php\/wp-json\/wp\/v2\/product\/776944","targetHints":{"allow":["GET"]}}],"collection":[{"href":"https:\/\/roveyayinevi.com.tr\/index.php\/wp-json\/wp\/v2\/product"}],"about":[{"href":"https:\/\/roveyayinevi.com.tr\/index.php\/wp-json\/wp\/v2\/types\/product"}],"wp:attachment":[{"href":"https:\/\/roveyayinevi.com.tr\/index.php\/wp-json\/wp\/v2\/media?parent=776944"}],"wp:term":[{"taxonomy":"product_brand","embeddable":true,"href":"https:\/\/roveyayinevi.com.tr\/index.php\/wp-json\/wp\/v2\/product_brand?post=776944"},{"taxonomy":"product_cat","embeddable":true,"href":"https:\/\/roveyayinevi.com.tr\/index.php\/wp-json\/wp\/v2\/product_cat?post=776944"},{"taxonomy":"product_tag","embeddable":true,"href":"https:\/\/roveyayinevi.com.tr\/index.php\/wp-json\/wp\/v2\/product_tag?post=776944"}],"curies":[{"name":"wp","href":"https:\/\/api.w.org\/{rel}","templated":true}]}}