{"id":776942,"date":"2025-10-06T00:26:25","date_gmt":"2025-10-05T21:26:25","guid":{"rendered":"https:\/\/roveyayinevi.com.tr\/index.php\/urun\/frenk-sokaginda-sonbahar\/"},"modified":"2026-04-15T03:43:08","modified_gmt":"2026-04-15T00:43:08","slug":"frenk-sokaginda-sonbahar","status":"publish","type":"product","link":"https:\/\/roveyayinevi.com.tr\/index.php\/urun\/frenk-sokaginda-sonbahar\/","title":{"rendered":"Frenk Soka\u011f\u0131\u2019nda Sonbahar"},"content":{"rendered":"<p>Frenk Soka\u011f\u0131\u2019nda Sonbahar. Sava\u015flarla t\u00fckenen bir imparatorlu\u011fun \u00e7\u00f6k\u00fc\u015f s\u00fcrecinde \u00e7ok k\u00fclt\u00fcrl\u00fc bir liman kenti olan \u0130zmir\u2019de ge\u00e7iyor hik\u00e2ye. Bir yanda Levanten ticari ya\u015fam\u0131n\u0131n simgesi Frenk Soka\u011f\u0131, hemen arka sokaklarda ise frengi ve yoksullu\u011fun i\u00e7 i\u00e7e oldu\u011fu bir ya\u015fam&#8230;   Askeri Doktor \u0130zzet, Memleket Hastanesi\u2019nde \u00e7al\u0131\u015fmakta, \u0130svi\u00e7re\u2019de t\u0131p okuyan Stella ise \u00f6nce Karata\u015f\u2019ta sonra da Frengi Hastanesi\u2019nde staj yapmaktad\u0131r. Bir tarafta farkl\u0131 k\u00fclt\u00fcrlerin \u00e7at\u0131\u015fmas\u0131, di\u011fer taraftaysa arka sokaklarda frengi bata\u011f\u0131ndaki kad\u0131nlar\u0131n yoksul ya\u015fam\u0131, Stella\u2019n\u0131n bipolar ruhunda k\u0131r\u0131lganl\u0131klara yol a\u00e7ar&#8230;    B\u00fclent Ecevit\u2019in k\u00fclt\u00fcr bakanlar\u0131ndan olan Prof. Dr. Suat \u00c7a\u011flayan\u2019\u0131n hekimlik, a\u015fk ve sosyal sorunlarla \u00f6rd\u00fc\u011f\u00fc bu roman\u0131n\u0131 kolayl\u0131kla okuyacak ve keyif alacaks\u0131n\u0131z.         Prof. Dr. Y\u0131lmaz B\u00fcy\u00fcker\u015fen <\/p>\n","protected":false},"excerpt":{"rendered":"<p>Frenk Soka\u011f\u0131\u2019nda Sonbahar. Sava\u015flarla t\u00fckenen bir imparatorlu\u011fun \u00e7\u00f6k\u00fc\u015f s\u00fcrecinde \u00e7ok k\u00fclt\u00fcrl\u00fc bir liman kenti olan \u0130zmir\u2019de ge\u00e7iyor hik\u00e2ye. Bir yanda Levanten ticari ya\u015fam\u0131n\u0131n simgesi Frenk Soka\u011f\u0131,<span class=\"excerpt-hellip\"> [\u2026]<\/span><\/p>\n","protected":false},"featured_media":0,"template":"","meta":{"_monsterinsights_skip_tracking":false,"_monsterinsights_sitenote_active":false,"_monsterinsights_sitenote_note":"","_monsterinsights_sitenote_category":0},"product_brand":[],"product_cat":[12291,12711],"product_tag":[],"class_list":{"0":"post-776942","1":"product","2":"type-product","3":"status-publish","5":"product_cat-edebiyat","6":"product_cat-roman-oyku","7":"pa_cilt-ciltsiz","8":"pa_tur-kitap","9":"pa_yayinevi-bilgi-yayinevi","10":"pa_yazar-b-suat-caglayan","12":"first","13":"instock","14":"sale","15":"shipping-taxable","16":"purchasable","17":"product-type-simple"},"_links":{"self":[{"href":"https:\/\/roveyayinevi.com.tr\/index.php\/wp-json\/wp\/v2\/product\/776942","targetHints":{"allow":["GET"]}}],"collection":[{"href":"https:\/\/roveyayinevi.com.tr\/index.php\/wp-json\/wp\/v2\/product"}],"about":[{"href":"https:\/\/roveyayinevi.com.tr\/index.php\/wp-json\/wp\/v2\/types\/product"}],"wp:attachment":[{"href":"https:\/\/roveyayinevi.com.tr\/index.php\/wp-json\/wp\/v2\/media?parent=776942"}],"wp:term":[{"taxonomy":"product_brand","embeddable":true,"href":"https:\/\/roveyayinevi.com.tr\/index.php\/wp-json\/wp\/v2\/product_brand?post=776942"},{"taxonomy":"product_cat","embeddable":true,"href":"https:\/\/roveyayinevi.com.tr\/index.php\/wp-json\/wp\/v2\/product_cat?post=776942"},{"taxonomy":"product_tag","embeddable":true,"href":"https:\/\/roveyayinevi.com.tr\/index.php\/wp-json\/wp\/v2\/product_tag?post=776942"}],"curies":[{"name":"wp","href":"https:\/\/api.w.org\/{rel}","templated":true}]}}