{"id":776935,"date":"2025-10-06T00:26:12","date_gmt":"2025-10-05T21:26:12","guid":{"rendered":"https:\/\/roveyayinevi.com.tr\/index.php\/urun\/gonul-avcisi-2\/"},"modified":"2026-04-15T03:43:08","modified_gmt":"2026-04-15T00:43:08","slug":"gonul-avcisi-2","status":"publish","type":"product","link":"https:\/\/roveyayinevi.com.tr\/index.php\/urun\/gonul-avcisi-2\/","title":{"rendered":"G\u00f6n\u00fcl Avc\u0131s\u0131"},"content":{"rendered":"<p>Londra\u2019n\u0131n en k\u00f6t\u00fc \u015f\u00f6hretli su\u00e7lular\u0131 aras\u0131nda b\u00fcy\u00fcyen Adelaide Frampton, kaderin bir cilvesiyle kendini Mayfair\u2019in g\u00f6z al\u0131c\u0131 balo salonlar\u0131nda bulur. Fark edilmeden, adeta bir hayalet gibi g\u00f6zlerden uzak durur; oysa ger\u00e7ekte, yetenekleriyle ad\u0131ndan s\u00f6z ettiren usta bir h\u0131rs\u0131zd\u0131r ve ge\u00e7mi\u015fini saklamakta en az \u00e7almak kadar ba\u015far\u0131l\u0131d\u0131r.Henry Carrington, nam\u0131 di\u011fer Clayborn D\u00fck\u00fc, hayat\u0131 boyunca kusursuzlukla ya\u015fam\u0131\u015f, d\u00fczen ve kontrol\u00fc her \u015feyin \u00f6n\u00fcnde tutmu\u015f bir soyludur. \u0130tibar\u0131 lekesizdir ve en son isteyece\u011fi \u015fey, b\u00fcy\u00fcleyici ve bir o kadar da sinir bozucu bir kad\u0131n\u0131n ge\u00e7mi\u015finin ger\u00e7eklerini ya da \u00f6zenle saklad\u0131\u011f\u0131 s\u0131rlar\u0131n\u0131 ke\u015ffetmesidir. Ancak karde\u015fiyle m\u00fcstakbel e\u015finin ortadan kaybolmas\u0131, onu istemeden de olsa Adelaide\u2019le birlikte hareket etmeye mecbur b\u0131rak\u0131r. Farkl\u0131 nedenlerle yola \u00e7\u0131kan bu ikili, pe\u015flerindeki tehdit b\u00fcy\u00fcrken birbirlerine g\u00fcvenmekten ba\u015fka \u00e7are bulamaz. Her durakta s\u0131rlar\u0131 yava\u015f yava\u015f g\u00fcn y\u00fcz\u00fcne \u00e7\u0131kar ve aralar\u0131ndaki mesafe azald\u0131k\u00e7a, duygular\u0131n kontrol\u00fc ele almas\u0131 ka\u00e7\u0131n\u0131lmaz olur. \u00c7\u00fcnk\u00fc Clayborn D\u00fck\u00fc, g\u00f6r\u00fcnd\u00fc\u011f\u00fcnden \u00e7ok daha tutkulu bir adamken, Adelaide\u2019in kalbi art\u0131k eskisi kadar g\u00fcvende de\u011fildir.<\/p>\n","protected":false},"excerpt":{"rendered":"<p>Londra\u2019n\u0131n en k\u00f6t\u00fc \u015f\u00f6hretli su\u00e7lular\u0131 aras\u0131nda b\u00fcy\u00fcyen Adelaide Frampton, kaderin bir cilvesiyle kendini Mayfair\u2019in g\u00f6z al\u0131c\u0131 balo salonlar\u0131nda bulur. Fark edilmeden, adeta bir hayalet gibi g\u00f6zlerden<span class=\"excerpt-hellip\"> [\u2026]<\/span><\/p>\n","protected":false},"featured_media":0,"template":"","meta":{"_monsterinsights_skip_tracking":false,"_monsterinsights_sitenote_active":false,"_monsterinsights_sitenote_note":"","_monsterinsights_sitenote_category":0},"product_brand":[],"product_cat":[12291,12711],"product_tag":[],"class_list":{"0":"post-776935","1":"product","2":"type-product","3":"status-publish","5":"product_cat-edebiyat","6":"product_cat-roman-oyku","7":"pa_cilt-ciltsiz","8":"pa_tur-kitap","9":"pa_yayinevi-nemesis-kitap","10":"pa_yazar-sarah-maclean","12":"first","13":"instock","14":"sale","15":"shipping-taxable","16":"purchasable","17":"product-type-simple"},"_links":{"self":[{"href":"https:\/\/roveyayinevi.com.tr\/index.php\/wp-json\/wp\/v2\/product\/776935","targetHints":{"allow":["GET"]}}],"collection":[{"href":"https:\/\/roveyayinevi.com.tr\/index.php\/wp-json\/wp\/v2\/product"}],"about":[{"href":"https:\/\/roveyayinevi.com.tr\/index.php\/wp-json\/wp\/v2\/types\/product"}],"wp:attachment":[{"href":"https:\/\/roveyayinevi.com.tr\/index.php\/wp-json\/wp\/v2\/media?parent=776935"}],"wp:term":[{"taxonomy":"product_brand","embeddable":true,"href":"https:\/\/roveyayinevi.com.tr\/index.php\/wp-json\/wp\/v2\/product_brand?post=776935"},{"taxonomy":"product_cat","embeddable":true,"href":"https:\/\/roveyayinevi.com.tr\/index.php\/wp-json\/wp\/v2\/product_cat?post=776935"},{"taxonomy":"product_tag","embeddable":true,"href":"https:\/\/roveyayinevi.com.tr\/index.php\/wp-json\/wp\/v2\/product_tag?post=776935"}],"curies":[{"name":"wp","href":"https:\/\/api.w.org\/{rel}","templated":true}]}}