{"id":776934,"date":"2025-10-06T00:26:10","date_gmt":"2025-10-05T21:26:10","guid":{"rendered":"https:\/\/roveyayinevi.com.tr\/index.php\/urun\/calismadigim-yerden-cikti\/"},"modified":"2026-04-15T03:43:08","modified_gmt":"2026-04-15T00:43:08","slug":"calismadigim-yerden-cikti","status":"publish","type":"product","link":"https:\/\/roveyayinevi.com.tr\/index.php\/urun\/calismadigim-yerden-cikti\/","title":{"rendered":"C\u0327al\u0131s\u0327mad\u0131g\u0306\u0131m Yerden C\u0327\u0131kt\u0131"},"content":{"rendered":"<p>EYL\u00dcL \u0130\u00c7\u0130N MATEMAT\u0130K,KOCAMAN RAKAM CANAVARLARINDAN FARKSIZDI.AMA BU ONU YILDIRIYOR MUYDU? ASLA!O, problemleri \u00e7\u00f6zmek i\u00e7in farkl\u0131 yollar buluyor, kimsenin akl\u0131na gelmeyecek kadar muzip fikirler \u00fcretiyordu. Derken bir g\u00fcn, parktaki ya\u015fl\u0131 bir adam ona \u00f6yle bir soru sordu ki, Eyl\u00fcl\u2019\u00fcn akl\u0131 kar\u0131\u015ft\u0131, kalp at\u0131\u015flar\u0131 h\u0131zland\u0131.Cevab\u0131 bulmak kolay de\u011fildi ama bu macera, matemati\u011fe bak\u0131\u015f\u0131n\u0131 sonsuza dek de\u011fi\u015ftirecekti.Pe\u015f pe\u015fe gelen ipu\u00e7lar\u0131, kahkaha att\u0131ran hatalar, \u015fa\u015f\u0131rt\u0131c\u0131 hesaplar ve beklenmedik s\u00fcrprizlerle dolu bu hik\u00e2ye, sana da \u201cMatematik asl\u0131nda e\u011flenceliymi\u015f!\u201d dedirtecek. S\u0131navdan sonra \u201c\u00c7al\u0131\u015fmad\u0131\u011f\u0131m yerden \u00e7\u0131kt\u0131!\u201d diye s\u00f6yleniyor, form\u00fcllerden korkuyor, problemlerden ko\u015far ad\u0131m ka\u00e7\u0131yorsan Eyl\u00fcl\u2019\u00fcn hik\u00e2yesinde kendini bulmaya haz\u0131r ol!Kazan\u0131mlar:Merak duygusunu geli\u015ftirmeMatematikle e\u011flenme\u00d6zg\u00fcven kazanmaYarat\u0131c\u0131 d\u00fc\u015f\u00fcnme becerisiProblemleri \u00e7\u00f6zme yetene\u011fi<\/p>\n","protected":false},"excerpt":{"rendered":"<p>EYL\u00dcL \u0130\u00c7\u0130N MATEMAT\u0130K,KOCAMAN RAKAM CANAVARLARINDAN FARKSIZDI.AMA BU ONU YILDIRIYOR MUYDU? ASLA!O, problemleri \u00e7\u00f6zmek i\u00e7in farkl\u0131 yollar buluyor, kimsenin akl\u0131na gelmeyecek kadar muzip fikirler \u00fcretiyordu. Derken bir<span class=\"excerpt-hellip\"> [\u2026]<\/span><\/p>\n","protected":false},"featured_media":0,"template":"","meta":{"_monsterinsights_skip_tracking":false,"_monsterinsights_sitenote_active":false,"_monsterinsights_sitenote_note":"","_monsterinsights_sitenote_category":0},"product_brand":[],"product_cat":[141304],"product_tag":[],"class_list":{"0":"post-776934","1":"product","2":"type-product","3":"status-publish","5":"product_cat-yeni-cikanlar","6":"pa_cilt-ciltsiz","7":"pa_tur-kitap","8":"pa_yayinevi-masalperest","9":"pa_yazar-sumeyra-balikci","11":"first","12":"instock","13":"sale","14":"shipping-taxable","15":"purchasable","16":"product-type-simple"},"_links":{"self":[{"href":"https:\/\/roveyayinevi.com.tr\/index.php\/wp-json\/wp\/v2\/product\/776934","targetHints":{"allow":["GET"]}}],"collection":[{"href":"https:\/\/roveyayinevi.com.tr\/index.php\/wp-json\/wp\/v2\/product"}],"about":[{"href":"https:\/\/roveyayinevi.com.tr\/index.php\/wp-json\/wp\/v2\/types\/product"}],"wp:attachment":[{"href":"https:\/\/roveyayinevi.com.tr\/index.php\/wp-json\/wp\/v2\/media?parent=776934"}],"wp:term":[{"taxonomy":"product_brand","embeddable":true,"href":"https:\/\/roveyayinevi.com.tr\/index.php\/wp-json\/wp\/v2\/product_brand?post=776934"},{"taxonomy":"product_cat","embeddable":true,"href":"https:\/\/roveyayinevi.com.tr\/index.php\/wp-json\/wp\/v2\/product_cat?post=776934"},{"taxonomy":"product_tag","embeddable":true,"href":"https:\/\/roveyayinevi.com.tr\/index.php\/wp-json\/wp\/v2\/product_tag?post=776934"}],"curies":[{"name":"wp","href":"https:\/\/api.w.org\/{rel}","templated":true}]}}