{"id":776931,"date":"2025-10-06T00:26:05","date_gmt":"2025-10-05T21:26:05","guid":{"rendered":"https:\/\/roveyayinevi.com.tr\/index.php\/urun\/doganin-akvaryumu\/"},"modified":"2026-04-15T03:43:07","modified_gmt":"2026-04-15T00:43:07","slug":"doganin-akvaryumu","status":"publish","type":"product","link":"https:\/\/roveyayinevi.com.tr\/index.php\/urun\/doganin-akvaryumu\/","title":{"rendered":"Do\u011fan\u0131n Akvaryumu"},"content":{"rendered":"<p>Baz\u0131 sorular\u0131n cevab\u0131 kalbinizde sakl\u0131d\u0131r\u2026 \u201cMerhaba, nas\u0131ls\u0131n?\u201d Herkesin her g\u00fcn onlarca kez duydu\u011fu, basit gibi g\u00f6r\u00fcnen bir soru\u2026 Ama Do\u011fa i\u00e7in bu soru bamba\u015fka bir anlam ta\u015f\u0131yor. O, kelimelerin hakk\u0131n\u0131 veriyor. Soruldu\u011funda samimi bir \u015fekilde cevap veriyor, hatta \u00e7o\u011fu zaman su alt\u0131 canl\u0131lar\u0131 hakk\u0131nda uzun uzun konu\u015farak! Ama d\u00fcnya her zaman bu kadar d\u00fcr\u00fcst cevaplar beklemiyor. Erkek karde\u015finden, bu sorunun \u00e7o\u011fu zaman sadece bir selamla\u015fma oldu\u011funu \u00f6\u011frenen Do\u011fa, insanlar\u0131n farkl\u0131 durumlarda farkl\u0131 beklentileri oldu\u011funu ke\u015ffetmeye ba\u015fl\u0131yor. Peki, ne zaman d\u00fcr\u00fcst\u00e7e konu\u015fmak, ne zaman sadece g\u00fcl\u00fcmseyip ge\u00e7mek gerekir? Ve hislerini a\u00e7\u0131k\u00e7a dile getirmek neden bazen her \u015feyden \u00f6nemli olabilir? Do\u011fa\u2019n\u0131n Akvaryumu, farkl\u0131 d\u00fc\u015f\u00fcnen bir \u00e7ocu\u011fun i\u00e7 d\u00fcnyas\u0131na \u0131\u015f\u0131k tutuyor. N\u00f6ro\u00e7e\u015fitlili\u011fi y\u00fccelten, empatiyi g\u00fc\u00e7lendiren ve ileti\u015fimin inceliklerini e\u011flenceli bir dille anlatan bu s\u0131cac\u0131k hik\u00e2ye, hem \u00e7ocuklara hem de yeti\u015fkinlere ilham veriyor.  Neden Bu Kitap? \u2022    N\u00f6ro\u00e7e\u015fitlili\u011fi g\u00f6r\u00fcn\u00fcr k\u0131lan kapsay\u0131c\u0131 bir anlat\u0131m \u2022    \u00c7ocuklara d\u00fcr\u00fcstl\u00fck, empati ve farkl\u0131l\u0131klara sayg\u0131 de\u011ferlerini kazand\u0131rma \u2022    S\u0131n\u0131f i\u00e7inde veya evde sosyal-duygusal geli\u015fim \u00e7al\u0131\u015fmalar\u0131na uygun i\u00e7erik \u2022    Samimi, s\u0131cak ve \u00e7ocuklar\u0131n kolayca ba\u011f kurabilece\u011fi bir karakter  Kimler Okumal\u0131? \u2022    6\u20139 ya\u015f aras\u0131 \u00e7ocuklar \u2022    Ebeveyn ve \u00f6\u011fretmenler \u2022    Psikolojik dan\u0131\u015fmanlar, \u00f6zel e\u011fitim uzmanlar\u0131 \u2022    Empati, kapsay\u0131c\u0131l\u0131k ve ileti\u015fim \u00fczerine \u00e7al\u0131\u015fan t\u00fcm okullar ve kurumlar  Yazar Meghan Wilson Duff, kendi deneyimlerinden ve psikoloji alan\u0131ndaki bilgisinden beslenerek, \u00e7ocuklar\u0131n farkl\u0131 d\u00fc\u015f\u00fcnme ve ileti\u015fim bi\u00e7imlerini anlamalar\u0131n\u0131 sa\u011flayan, empatik ve kapsay\u0131c\u0131 hik\u00e2yeler \u00fcretiyor. Do\u011fa\u2019n\u0131n Akvaryumu, yazar\u0131n ilk resimli kitab\u0131 olmas\u0131na ra\u011fmen \u015fimdiden hem \u00f6\u011fretmenlerin hem de k\u00fct\u00fcphanelerin ba\u015fucu kitaplar\u0131 aras\u0131na girmeye aday. Do\u011fa\u2019n\u0131n renkli, merak dolu ve samimi d\u00fcnyas\u0131na ad\u0131m at\u0131n. Bu kitap, \u00e7ocuklara yaln\u0131zca \u201cNas\u0131ls\u0131n?\u201d sorusunun \u00f6tesini g\u00f6stermekle kalmayacak, ayn\u0131 zamanda ger\u00e7ek cevaplar\u0131n ne kadar k\u0131ymetli olabilece\u011fini hat\u0131rlatacak.  Okuyucu notu, n\u00f6ro\u00e7e\u015fitlilik hakk\u0131nda e\u011fitimcilere ve ebeveynlere de\u011ferli \u00f6neriler sunarken, canl\u0131 renkler ve hava f\u0131r\u00e7as\u0131 tarz\u0131ndaki \u00e7izimler, kitaba oyun dolu bir enerji kat\u0131yor. Do\u011fa\u2019n\u0131n Akvaryumu, n\u00f6ro\u00e7e\u015fitli bir bak\u0131\u015f a\u00e7\u0131s\u0131ndan, yayg\u0131n bir selamla\u015fman\u0131n bamba\u015fka anlamlar\u0131n\u0131 etkili \u015fekilde ortaya koyuyor. Kirkus Review Do\u011fa, \u2018Nas\u0131ls\u0131n?\u2019 sorusunun sosyal anlamlar\u0131n\u0131 ke\u015ffederken kendine \u00f6zg\u00fc bak\u0131\u015f a\u00e7\u0131s\u0131n\u0131 ve merak\u0131n\u0131 ortaya koyuyor; abisinin samimi sorusu ise kahraman\u0131n moralini y\u00fckselten dokunakl\u0131 bir duygusal an yarat\u0131yor. \u00c7izimler ise d\u00fcz ve hat i\u00e7ermeyen bir tarzda; \u015fekil, desen ve perspektifle oynayarak kitab\u0131n canl\u0131 ve \u00e7ekici g\u00f6rselli\u011fini g\u00fc\u00e7lendiriyor. Publishers Weekly <\/p>\n","protected":false},"excerpt":{"rendered":"<p>Baz\u0131 sorular\u0131n cevab\u0131 kalbinizde sakl\u0131d\u0131r\u2026 \u201cMerhaba, nas\u0131ls\u0131n?\u201d Herkesin her g\u00fcn onlarca kez duydu\u011fu, basit gibi g\u00f6r\u00fcnen bir soru\u2026 Ama Do\u011fa i\u00e7in bu soru bamba\u015fka bir anlam<span class=\"excerpt-hellip\"> [\u2026]<\/span><\/p>\n","protected":false},"featured_media":0,"template":"","meta":{"_monsterinsights_skip_tracking":false,"_monsterinsights_sitenote_active":false,"_monsterinsights_sitenote_note":"","_monsterinsights_sitenote_category":0},"product_brand":[],"product_cat":[12274,12284],"product_tag":[],"class_list":{"0":"post-776931","1":"product","2":"type-product","3":"status-publish","5":"product_cat-cocuk-ve-genclik-kitaplari","6":"product_cat-hikayeler","7":"pa_cilt-ciltsiz","8":"pa_tur-kitap","9":"pa_yayinevi-okuyan-koala","10":"pa_yazar-meghan-wilson-duff","12":"first","13":"instock","14":"sale","15":"shipping-taxable","16":"purchasable","17":"product-type-simple"},"_links":{"self":[{"href":"https:\/\/roveyayinevi.com.tr\/index.php\/wp-json\/wp\/v2\/product\/776931","targetHints":{"allow":["GET"]}}],"collection":[{"href":"https:\/\/roveyayinevi.com.tr\/index.php\/wp-json\/wp\/v2\/product"}],"about":[{"href":"https:\/\/roveyayinevi.com.tr\/index.php\/wp-json\/wp\/v2\/types\/product"}],"wp:attachment":[{"href":"https:\/\/roveyayinevi.com.tr\/index.php\/wp-json\/wp\/v2\/media?parent=776931"}],"wp:term":[{"taxonomy":"product_brand","embeddable":true,"href":"https:\/\/roveyayinevi.com.tr\/index.php\/wp-json\/wp\/v2\/product_brand?post=776931"},{"taxonomy":"product_cat","embeddable":true,"href":"https:\/\/roveyayinevi.com.tr\/index.php\/wp-json\/wp\/v2\/product_cat?post=776931"},{"taxonomy":"product_tag","embeddable":true,"href":"https:\/\/roveyayinevi.com.tr\/index.php\/wp-json\/wp\/v2\/product_tag?post=776931"}],"curies":[{"name":"wp","href":"https:\/\/api.w.org\/{rel}","templated":true}]}}