{"id":776924,"date":"2025-10-06T00:25:55","date_gmt":"2025-10-05T21:25:55","guid":{"rendered":"https:\/\/roveyayinevi.com.tr\/index.php\/urun\/hamambocegine-dokunmak\/"},"modified":"2026-04-07T03:36:20","modified_gmt":"2026-04-07T00:36:20","slug":"hamambocegine-dokunmak","status":"publish","type":"product","link":"https:\/\/roveyayinevi.com.tr\/index.php\/urun\/hamambocegine-dokunmak\/","title":{"rendered":"Hamamb\u00f6ce\u011fine Dokunmak"},"content":{"rendered":"<p>\u201cBir varl\u0131k olarak sabit de\u011filiz; bir olu\u015f olarak her an yeniden yarat\u0131yoruz kendimizi.\u201d Hayat bazen k\u00fc\u00e7\u00fck bir b\u00f6cek kadar beklenmedik, bazen de kuca\u011f\u0131m\u0131za d\u00fc\u015fen bir hamamb\u00f6ce\u011fi kadar rahats\u0131z edici olabilir. Ka\u00e7mak m\u0131 gerekir, dokunmak m\u0131? Matthew Maxwell, t\u00fcm d\u00fcnyada b\u00fcy\u00fck ilgi g\u00f6ren Hamamb\u00f6ce\u011fine Dokunmak: \u00d6zg\u00fcr Oldu\u011funu Hen\u00fcz Bilmeyenler \u0130\u00e7in Bir Kitap\u2019ta, en basit g\u00f6r\u00fcnen anlar\u0131n bile derin birer ya\u015fam dersine d\u00f6n\u00fc\u015febilece\u011fini g\u00f6steriyor. Hayat\u0131n rahats\u0131z edici, \u00e7irkin ya da korkutucu g\u00f6r\u00fcnen yanlar\u0131na nas\u0131l yakla\u015fabilece\u011fimizi \u00f6\u011fretiyor. Minimalist metinleri ve etkileyici ill\u00fcstrasyonlar\u0131yla bir hamamb\u00f6ce\u011fine dokunma hik\u00e2yesinden yola \u00e7\u0131karak kabullenme, \u00f6zg\u00fcrl\u00fck, bak\u0131\u015f a\u00e7\u0131s\u0131 ve ya\u015fam\u0131n ka\u00e7\u0131n\u0131lmaz zorluklar\u0131 \u00fczerine felsefi bir yolculu\u011fa \u00e7\u0131kar\u0131yor.  K\u0131sa, yal\u0131n ama sars\u0131c\u0131 b\u00f6l\u00fcmlerden olu\u015fan bu kitap \u00e7ocukluk an\u0131lar\u0131, g\u00fcnl\u00fck hayattaki ufak tefek olaylar ve sembolik kar\u015f\u0131la\u015fmalar arac\u0131l\u0131\u011f\u0131yla bize tek bir \u015feyi hat\u0131rlat\u0131yor: Ac\u0131n\u0131n i\u00e7inde bile g\u00fczellik var ve hayat, ona nas\u0131l bakt\u0131\u011f\u0131m\u0131zla \u015fekilleniyor. Okurken kimi zaman g\u00fcl\u00fcmseyecek, kimi zaman durup d\u00fc\u015f\u00fcnecek, kimi zaman da sayfalar\u0131 kapat\u0131p kendi hayat\u0131n\u0131za farkl\u0131 g\u00f6zlerle bakmak isteyeceksiniz. Hamamb\u00f6ce\u011fine Dokunmak, minimalizmin g\u00fcc\u00fcn\u00fc, hik\u00e2ye anlat\u0131c\u0131l\u0131\u011f\u0131n\u0131n b\u00fcy\u00fcs\u00fcn\u00fc ve ruhu besleyen derinlikli felsefeyi bir araya getiriyor. Hayata kar\u015f\u0131 tutumunuzu sorgulatan, okumas\u0131 kolay ama etkisi uzun s\u00fcren bir kitap ar\u0131yorsan\u0131z, tam size g\u00f6re.  Kimler okumal\u0131? \u2022    Hayat\u0131n k\u00fc\u00e7\u00fck ayr\u0131nt\u0131lar\u0131nda anlam arayanlar \u2022    Zor zamanlarda i\u00e7sel g\u00fcc\u00fcn\u00fc bulmak isteyenler \u2022    Felsefeyi, edebiyat\u0131 ve ki\u015fisel geli\u015fimi harmanlayan metinleri sevenler \u2022    K\u0131sa ama yo\u011fun kitaplardan ho\u015flanan okurlar  Her kitap bir olas\u0131l\u0131k. Her olas\u0131l\u0131k bir uyan\u0131\u015f. Her uyan\u0131\u015f yeni bir ba\u015flang\u0131\u00e7.  Hamamb\u00f6ce\u011fine Dokunmak, Epifani Kitapl\u0131\u011f\u0131\u2019n\u0131n ilk kitaplar\u0131ndan biri. Bu kitapl\u0131k, k\u00fc\u00e7\u00fck g\u00f6r\u00fcnen ama b\u00fcy\u00fck i\u00e7g\u00f6r\u00fcler ta\u015f\u0131yan, okuyan\u0131n i\u00e7inde sessizce ama derinden bir \u015feyleri de\u011fi\u015ftiren hik\u00e2yeleri bir araya getiriyor. \u0130lham\u0131n\u0131 epifani anlar\u0131ndan alan bu seri, t\u00fcrlerin \u00f6tesine ge\u00e7erek duygunun ve anlam\u0131n izini s\u00fcr\u00fcyor. Her kitap, hayatla beklenmedik bir yerden temas kuruyor; bazen bir hamamb\u00f6ce\u011fine dokunmak, insan\u0131n kendine bakmas\u0131n\u0131n ba\u015fka bir yoluna d\u00f6n\u00fc\u015f\u00fcyor.   Unutmay\u0131n: Bazen bir hamamb\u00f6ce\u011fine dokunmak, kendinize dokunmakt\u0131r. <\/p>\n","protected":false},"excerpt":{"rendered":"<p>\u201cBir varl\u0131k olarak sabit de\u011filiz; bir olu\u015f olarak her an yeniden yarat\u0131yoruz kendimizi.\u201d Hayat bazen k\u00fc\u00e7\u00fck bir b\u00f6cek kadar beklenmedik, bazen de kuca\u011f\u0131m\u0131za d\u00fc\u015fen bir hamamb\u00f6ce\u011fi<span class=\"excerpt-hellip\"> [\u2026]<\/span><\/p>\n","protected":false},"featured_media":0,"template":"","meta":{"_monsterinsights_skip_tracking":false,"_monsterinsights_sitenote_active":false,"_monsterinsights_sitenote_note":"","_monsterinsights_sitenote_category":0},"product_brand":[],"product_cat":[12364,12376],"product_tag":[],"class_list":{"0":"post-776924","1":"product","2":"type-product","3":"status-publish","5":"product_cat-genel-konular","6":"product_cat-kisisel-gelisim","7":"pa_cilt-ciltsiz","8":"pa_tur-kitap","9":"pa_yayinevi-okuyan-us-yayin","10":"pa_yazar-matthew-maxwell","12":"first","13":"instock","14":"sale","15":"shipping-taxable","16":"purchasable","17":"product-type-simple"},"_links":{"self":[{"href":"https:\/\/roveyayinevi.com.tr\/index.php\/wp-json\/wp\/v2\/product\/776924","targetHints":{"allow":["GET"]}}],"collection":[{"href":"https:\/\/roveyayinevi.com.tr\/index.php\/wp-json\/wp\/v2\/product"}],"about":[{"href":"https:\/\/roveyayinevi.com.tr\/index.php\/wp-json\/wp\/v2\/types\/product"}],"wp:attachment":[{"href":"https:\/\/roveyayinevi.com.tr\/index.php\/wp-json\/wp\/v2\/media?parent=776924"}],"wp:term":[{"taxonomy":"product_brand","embeddable":true,"href":"https:\/\/roveyayinevi.com.tr\/index.php\/wp-json\/wp\/v2\/product_brand?post=776924"},{"taxonomy":"product_cat","embeddable":true,"href":"https:\/\/roveyayinevi.com.tr\/index.php\/wp-json\/wp\/v2\/product_cat?post=776924"},{"taxonomy":"product_tag","embeddable":true,"href":"https:\/\/roveyayinevi.com.tr\/index.php\/wp-json\/wp\/v2\/product_tag?post=776924"}],"curies":[{"name":"wp","href":"https:\/\/api.w.org\/{rel}","templated":true}]}}