{"id":776921,"date":"2025-10-06T00:25:51","date_gmt":"2025-10-05T21:25:51","guid":{"rendered":"https:\/\/roveyayinevi.com.tr\/index.php\/urun\/cepte-kalan-son-tohum\/"},"modified":"2026-04-15T03:43:07","modified_gmt":"2026-04-15T00:43:07","slug":"cepte-kalan-son-tohum","status":"publish","type":"product","link":"https:\/\/roveyayinevi.com.tr\/index.php\/urun\/cepte-kalan-son-tohum\/","title":{"rendered":"Cepte Kalan Son Tohum"},"content":{"rendered":"<p>Cepte Kalan Son Tohum Bazen en b\u00fcy\u00fck de\u011fi\u015fim, k\u00fc\u00e7\u00fcc\u00fck bir \u00e7ekirdekle ba\u015flar. Umutlar\u0131n silinip gitti\u011fi bir d\u00fcnyada, k\u00fc\u00e7\u00fcc\u00fck bir ad\u0131m ne kadar b\u00fcy\u00fck bir d\u00f6n\u00fc\u015f\u00fcme yol a\u00e7abilir? \u0130\u015fte tam da b\u00f6yle zamanlarda, Cepte Kalan Son Tohum, seni kaybolmu\u015f umutlar\u0131n, do\u011fan\u0131n ve yeniden do\u011fu\u015fun b\u00fcy\u00fcleyici yolculu\u011funa davet ediyor. Hemen ceplerini yokla. Ard\u0131nda bir orman filizlenebilir, hi\u00e7 ummad\u0131\u011f\u0131n anda. Do\u011faya, sana, bana, bize; yeniden ye\u015fermeye ihtiya\u00e7 duyan herkese\u2026<\/p>\n","protected":false},"excerpt":{"rendered":"<p>Cepte Kalan Son Tohum Bazen en b\u00fcy\u00fck de\u011fi\u015fim, k\u00fc\u00e7\u00fcc\u00fck bir \u00e7ekirdekle ba\u015flar. Umutlar\u0131n silinip gitti\u011fi bir d\u00fcnyada, k\u00fc\u00e7\u00fcc\u00fck bir ad\u0131m ne kadar b\u00fcy\u00fck bir d\u00f6n\u00fc\u015f\u00fcme yol<span class=\"excerpt-hellip\"> [\u2026]<\/span><\/p>\n","protected":false},"featured_media":0,"template":"","meta":{"_monsterinsights_skip_tracking":false,"_monsterinsights_sitenote_active":false,"_monsterinsights_sitenote_note":"","_monsterinsights_sitenote_category":0},"product_brand":[],"product_cat":[12274,12284],"product_tag":[],"class_list":{"0":"post-776921","1":"product","2":"type-product","3":"status-publish","5":"product_cat-cocuk-ve-genclik-kitaplari","6":"product_cat-hikayeler","7":"pa_cilt-ciltsiz","8":"pa_tur-kitap","9":"pa_yayinevi-pulsera-yayinevi","10":"pa_yazar-irem-cavus-tomak","12":"first","13":"instock","14":"sale","15":"shipping-taxable","16":"purchasable","17":"product-type-simple"},"_links":{"self":[{"href":"https:\/\/roveyayinevi.com.tr\/index.php\/wp-json\/wp\/v2\/product\/776921","targetHints":{"allow":["GET"]}}],"collection":[{"href":"https:\/\/roveyayinevi.com.tr\/index.php\/wp-json\/wp\/v2\/product"}],"about":[{"href":"https:\/\/roveyayinevi.com.tr\/index.php\/wp-json\/wp\/v2\/types\/product"}],"wp:attachment":[{"href":"https:\/\/roveyayinevi.com.tr\/index.php\/wp-json\/wp\/v2\/media?parent=776921"}],"wp:term":[{"taxonomy":"product_brand","embeddable":true,"href":"https:\/\/roveyayinevi.com.tr\/index.php\/wp-json\/wp\/v2\/product_brand?post=776921"},{"taxonomy":"product_cat","embeddable":true,"href":"https:\/\/roveyayinevi.com.tr\/index.php\/wp-json\/wp\/v2\/product_cat?post=776921"},{"taxonomy":"product_tag","embeddable":true,"href":"https:\/\/roveyayinevi.com.tr\/index.php\/wp-json\/wp\/v2\/product_tag?post=776921"}],"curies":[{"name":"wp","href":"https:\/\/api.w.org\/{rel}","templated":true}]}}