{"id":776917,"date":"2025-10-06T00:25:45","date_gmt":"2025-10-05T21:25:45","guid":{"rendered":"https:\/\/roveyayinevi.com.tr\/index.php\/urun\/gidiklamadan-sorumlu-karincalar-bakanligi\/"},"modified":"2026-04-15T03:43:07","modified_gmt":"2026-04-15T00:43:07","slug":"gidiklamadan-sorumlu-karincalar-bakanligi","status":"publish","type":"product","link":"https:\/\/roveyayinevi.com.tr\/index.php\/urun\/gidiklamadan-sorumlu-karincalar-bakanligi\/","title":{"rendered":"G\u0131d\u0131klamadan Sorumlu Kar\u0131ncalar Bakanl\u0131\u011f\u0131"},"content":{"rendered":"<p>Bacaklar\u0131ndaki o garip kar\u0131ncalanma hissini biliyor musun?Peki, ya bu i\u015fin ard\u0131nda bir \u201cG\u0131d\u0131klamadan Sorumlu Kar\u0131ncalar Bakanl\u0131\u011f\u0131\u201d oldu\u011funu s\u00f6ylesek?I\u015f\u0131k, dedesiyle birlikte v\u00fccudunun i\u00e7indeki minik kahramanlar\u0131 ke\u015ffe \u00e7\u0131k\u0131yor.Bir yandan kar\u0131ncalanman\u0131n gizemini \u00e7\u00f6z\u00fcyor,bir yandan da hayallerin ne kadar g\u00fc\u00e7l\u00fc oldu\u011funu \u00f6\u011freniyor.Bedenin, hayallerin ve merak\u0131n seni nereye g\u00f6t\u00fcrebilir, ke\u015ffetmeye haz\u0131r m\u0131s\u0131n?Bu kitap \u00e7ocuklara:\u2022    Merak, hayal g\u00fcc\u00fc ve \u00f6\u011frenmeyibir arada sunuyor.\u2022    G\u00fcnl\u00fck hayatla bilimin ba\u011f\u0131n\u0131 kurarak \u00e7ocuklar\u0131n \u201cneden\u201d sorusunu sormaya te\u015fvik ediyor.\u2022    E\u011flenceli kurgusuyla hem kahkaha att\u0131r\u0131yor hem d\u00fc\u015f\u00fcnd\u00fcr\u00fcyor.\u2022    Beden fark\u0131ndal\u0131\u011f\u0131n\u0131 e\u011flenceli ve anla\u015f\u0131l\u0131r bir \u015fekilde sa\u011fl\u0131yor.<\/p>\n","protected":false},"excerpt":{"rendered":"<p>Bacaklar\u0131ndaki o garip kar\u0131ncalanma hissini biliyor musun?Peki, ya bu i\u015fin ard\u0131nda bir \u201cG\u0131d\u0131klamadan Sorumlu Kar\u0131ncalar Bakanl\u0131\u011f\u0131\u201d oldu\u011funu s\u00f6ylesek?I\u015f\u0131k, dedesiyle birlikte v\u00fccudunun i\u00e7indeki minik kahramanlar\u0131 ke\u015ffe \u00e7\u0131k\u0131yor.Bir<span class=\"excerpt-hellip\"> [\u2026]<\/span><\/p>\n","protected":false},"featured_media":0,"template":"","meta":{"_monsterinsights_skip_tracking":false,"_monsterinsights_sitenote_active":false,"_monsterinsights_sitenote_note":"","_monsterinsights_sitenote_category":0},"product_brand":[],"product_cat":[12274,12284],"product_tag":[],"class_list":{"0":"post-776917","1":"product","2":"type-product","3":"status-publish","5":"product_cat-cocuk-ve-genclik-kitaplari","6":"product_cat-hikayeler","7":"pa_cilt-ciltsiz","8":"pa_tur-kitap","9":"pa_yayinevi-pulsera-yayinevi","10":"pa_yazar-gozde-kurt-akarsu","12":"first","13":"instock","14":"sale","15":"shipping-taxable","16":"purchasable","17":"product-type-simple"},"_links":{"self":[{"href":"https:\/\/roveyayinevi.com.tr\/index.php\/wp-json\/wp\/v2\/product\/776917","targetHints":{"allow":["GET"]}}],"collection":[{"href":"https:\/\/roveyayinevi.com.tr\/index.php\/wp-json\/wp\/v2\/product"}],"about":[{"href":"https:\/\/roveyayinevi.com.tr\/index.php\/wp-json\/wp\/v2\/types\/product"}],"wp:attachment":[{"href":"https:\/\/roveyayinevi.com.tr\/index.php\/wp-json\/wp\/v2\/media?parent=776917"}],"wp:term":[{"taxonomy":"product_brand","embeddable":true,"href":"https:\/\/roveyayinevi.com.tr\/index.php\/wp-json\/wp\/v2\/product_brand?post=776917"},{"taxonomy":"product_cat","embeddable":true,"href":"https:\/\/roveyayinevi.com.tr\/index.php\/wp-json\/wp\/v2\/product_cat?post=776917"},{"taxonomy":"product_tag","embeddable":true,"href":"https:\/\/roveyayinevi.com.tr\/index.php\/wp-json\/wp\/v2\/product_tag?post=776917"}],"curies":[{"name":"wp","href":"https:\/\/api.w.org\/{rel}","templated":true}]}}