{"id":776915,"date":"2025-10-06T00:25:42","date_gmt":"2025-10-05T21:25:42","guid":{"rendered":"https:\/\/roveyayinevi.com.tr\/index.php\/urun\/acinin-tarihi-duyum-duygu-ve-deneyim\/"},"modified":"2026-04-15T03:43:07","modified_gmt":"2026-04-15T00:43:07","slug":"acinin-tarihi-duyum-duygu-ve-deneyim","status":"publish","type":"product","link":"https:\/\/roveyayinevi.com.tr\/index.php\/urun\/acinin-tarihi-duyum-duygu-ve-deneyim\/","title":{"rendered":"Ac\u0131n\u0131n Tarihi: Duyum, Duygu ve Deneyim"},"content":{"rendered":"<p>A\u011fr\u0131 hakk\u0131ndaki bilgimiz nas\u0131l u\u0308retilir, geli\u015ftirilir ve yay\u0131l\u0131r? T\u0131p tarihi, bilmenin tarihi oldu\u011fu kadar bilgiyi u\u0308retme ve yeniden u\u0308retme, biyopolitik ve biyoku\u0308ltu\u0308rel bir mu\u0308dahaledir de. Ancak Boddice, modern t\u0131bb\u0131 sorgulamakla birlikte, hurafelere pabu\u00e7 b\u0131rakmadan, bilimin i\u00e7inden yan\u0131tlar u\u0308retir. Plasebo ve \u00f6zellikle COVID-19 ba\u011flam\u0131nda nosebo etkisinin, gu\u0308ncel ve tarihsel arka plan\u0131n\u0131, bilimsel literatu\u0308ru\u0308 serimleyerek tart\u0131\u015f\u0131r. Peki a\u011fr\u0131yla ilgili farkl\u0131 biyolojik hassasiyet s\u00f6ylemleri, \u0131rk\u00e7\u0131l\u0131k, kad\u0131n du\u0308\u015fmanl\u0131\u011f\u0131, s\u0131n\u0131fsal \u015fovenizm, ya\u015f ayr\u0131mc\u0131l\u0131\u011f\u0131 ve tu\u0308rcu\u0308lu\u0308kle nas\u0131l desteklenir? A\u011fr\u0131 nas\u0131l \u00f6l\u00e7u\u0308lebilir? Ac\u0131 \u00f6znel midir, yoksa nesnel bir olgu mudur? Kederin \u00f6znelle\u015ftirilmesi ile a\u011fr\u0131n\u0131n \u00f6l\u00e7u\u0308lebilir olmas\u0131 gayretleri ve celbetmeleri bize neyi anlat\u0131r? \u00d6l\u00e7menin tarihi ayn\u0131 zamanda tahakku\u0308mu\u0308n de kurulu\u015fu olabilir mi? S\u00f6mu\u0308rgecili\u011fin tarihindeki t\u0131bbile\u015ftirme itkileri nelerdir? Felsefede \u015fiirli yazma gelene\u011fi, sanat\u0131 felsefeye, felsefeyi de sanata yak\u0131n k\u0131lman\u0131n \u00f6tesinde, bu ikilinin simbiyotik ili\u015fkisini akla getirir. \u015eair Jo\u00eb Bousquet ise, yaralar\u0131m benden \u00f6nce de vard\u0131, s\u00f6zu\u0308yle ac\u0131n\u0131n \u00f6znel boyutunun ayn\u0131 zamanda ne denli \u00f6zne-a\u015f\u0131r\u0131 olabilece\u011fine kap\u0131 aralar. Rob Boddice, Ac\u0131n\u0131n Tarihi eserinde i\u015fte bu gelene\u011fin izinden giderek, a\u011fr\u0131 deneyimini tarih, felsefe, antropoloji, psikoloji, psikiyatri, n\u00f6robilim, politika, sanat ve edebiyat incelemelerinin perspektifinden ele al\u0131yor. Ac\u0131n\u0131n Tarihi bu anlamda salt bir tarih \u00e7al\u0131\u015fmas\u0131n\u0131n soru ve \u00f6nermelerinden daha fazlas\u0131n\u0131 imliyor. Boddice, bir yandan ac\u0131y\u0131 temsiliyete indirgeme \u00e7abalar\u0131n\u0131 sorgularken, \u00f6te yandan da ac\u0131n\u0131n resmedildi\u011fi sanat eserlerini titizlikle inceler. Eski Yunancadan Latinceye, Arap\u00e7adan \u00c7inceye, dil bilimi ustal\u0131kla sahaya su\u0308ren yazar, bilim ve t\u0131p tarihinden olgular\u0131n tarihsel, toplumsal ve politik yans\u0131malar\u0131n\u0131 \u00f6rnekler. Bir iktidar prati\u011fi olarak ac\u0131 verici i\u015fkenceden, cad\u0131 avlar\u0131na ve cadaloz ba\u011flar\u0131na uzanan ac\u0131l\u0131 tarihimiz bizden \u00f6nce de vard\u0131. Ac\u0131n\u0131n Tarihi, mutlulu\u011fun olmasa da sanc\u0131l\u0131 ac\u0131n\u0131n tarihinin resmini \u00e7izmeye bir davettir.<\/p>\n","protected":false},"excerpt":{"rendered":"<p>A\u011fr\u0131 hakk\u0131ndaki bilgimiz nas\u0131l u\u0308retilir, geli\u015ftirilir ve yay\u0131l\u0131r? T\u0131p tarihi, bilmenin tarihi oldu\u011fu kadar bilgiyi u\u0308retme ve yeniden u\u0308retme, biyopolitik ve biyoku\u0308ltu\u0308rel bir mu\u0308dahaledir de. Ancak<span class=\"excerpt-hellip\"> [\u2026]<\/span><\/p>\n","protected":false},"featured_media":0,"template":"","meta":{"_monsterinsights_skip_tracking":false,"_monsterinsights_sitenote_active":false,"_monsterinsights_sitenote_note":"","_monsterinsights_sitenote_category":0},"product_brand":[],"product_cat":[141304],"product_tag":[],"class_list":{"0":"post-776915","1":"product","2":"type-product","3":"status-publish","5":"product_cat-yeni-cikanlar","6":"pa_cilt-ciltsiz","7":"pa_tur-kitap","8":"pa_yayinevi-ayrinti-yayinlari","9":"pa_yazar-rob-boddice","11":"first","12":"instock","13":"sale","14":"shipping-taxable","15":"purchasable","16":"product-type-simple"},"_links":{"self":[{"href":"https:\/\/roveyayinevi.com.tr\/index.php\/wp-json\/wp\/v2\/product\/776915","targetHints":{"allow":["GET"]}}],"collection":[{"href":"https:\/\/roveyayinevi.com.tr\/index.php\/wp-json\/wp\/v2\/product"}],"about":[{"href":"https:\/\/roveyayinevi.com.tr\/index.php\/wp-json\/wp\/v2\/types\/product"}],"wp:attachment":[{"href":"https:\/\/roveyayinevi.com.tr\/index.php\/wp-json\/wp\/v2\/media?parent=776915"}],"wp:term":[{"taxonomy":"product_brand","embeddable":true,"href":"https:\/\/roveyayinevi.com.tr\/index.php\/wp-json\/wp\/v2\/product_brand?post=776915"},{"taxonomy":"product_cat","embeddable":true,"href":"https:\/\/roveyayinevi.com.tr\/index.php\/wp-json\/wp\/v2\/product_cat?post=776915"},{"taxonomy":"product_tag","embeddable":true,"href":"https:\/\/roveyayinevi.com.tr\/index.php\/wp-json\/wp\/v2\/product_tag?post=776915"}],"curies":[{"name":"wp","href":"https:\/\/api.w.org\/{rel}","templated":true}]}}