{"id":776914,"date":"2025-10-06T00:25:41","date_gmt":"2025-10-05T21:25:41","guid":{"rendered":"https:\/\/roveyayinevi.com.tr\/index.php\/urun\/ailenin-ilgasi-bakim-ve-ozgurlesme-icin-bir-manifesto\/"},"modified":"2026-04-15T03:43:07","modified_gmt":"2026-04-15T00:43:07","slug":"ailenin-ilgasi-bakim-ve-ozgurlesme-icin-bir-manifesto","status":"publish","type":"product","link":"https:\/\/roveyayinevi.com.tr\/index.php\/urun\/ailenin-ilgasi-bakim-ve-ozgurlesme-icin-bir-manifesto\/","title":{"rendered":"Ailenin \u0130lgas\u0131: Bak\u0131m ve \u00d6zgu\u0308rle\u015fme \u0130\u00e7in Bir Manifesto"},"content":{"rendered":"<p>\u201cSadece zenginli\u011fin de\u011fil, bak\u0131m\u0131n, sevginin ve aidiyetin de komu\u0308nizmini hayal etmek nas\u0131l olurdu? \u0130nsan ihtiya\u00e7lar\u0131n\u0131n tu\u0308mu\u0308nu\u0308n, \u00e7ekirdek ailenin k\u0131r\u0131lgan balonuna bel ba\u011flamadan kar\u015f\u0131land\u0131\u011f\u0131 bir du\u0308nya&#8230; Hani herkesin bize her zaman destek olaca\u011f\u0131na inanmam\u0131z gerekti\u011fi s\u00f6ylenen kurum. Oysaki say\u0131s\u0131z kitap ve film, bunun nas\u0131l ba\u015far\u0131s\u0131z oldu\u011funu ayr\u0131nt\u0131lar\u0131yla anlat\u0131yor. \u0130\u015fte Sophie Lewis tam da bu zor ama hayati alana ad\u0131m at\u0131yor. Ailenin \u0130lgas\u0131, iyi bir ya\u015fam ve ona nas\u0131l ula\u015faca\u011f\u0131m\u0131z konusundaki kabullerimize k\u0131sa, keskin bir darbe indiriyor.\u201d McKenzie Wark Ya aileden daha iyisini yapabilseydik? Aile hakk\u0131nda konu\u015fmam\u0131z gerekiyor. \u015eansl\u0131 do\u011fanlar i\u00e7in aile, sevgi ve \u015fefkat dolu olabilir ama bir\u00e7ok ki\u015fi i\u00e7in terk edilme, ihmal, istismar ve \u015fiddet anlam\u0131na gelen ac\u0131n\u0131n mek\u00e2n\u0131d\u0131r. Sizi incitme olas\u0131l\u0131\u011f\u0131 en yu\u0308ksek olan ki\u015filer aile u\u0308yelerinizdir. S\u00f6zde mutlu ailelerde bile \u00e7ocuk yeti\u015ftirmek ve birbirine bakmak i\u00e7in yap\u0131lan kar\u015f\u0131l\u0131ks\u0131z, takdir edilmeyen i\u015fler sonsuz ve y\u0131prat\u0131c\u0131d\u0131r. Oysa her \u015fey daha farkl\u0131 olabilir! Sophie Lewis de bu kitapla acil ve keskin bir polemik ba\u015flatarak aileyi ilga etmenin gereklili\u011fini savunuyor. Ailenin \u0130lgas\u0131 kitab\u0131, aileyi ilga etme taleplerinin tarihini ele al\u0131yor; kitap on dokuzuncu yu\u0308zy\u0131l u\u0308topyac\u0131 sosyalisti Charles Fourier, Komu\u0308nist Manifesto ve Alexandra Kollontai ile ba\u015fl\u0131yor. Sophie Lewis, dikkatini 1960\u2019lara \u00e7evirerek, Shulamith Firestone gibi radikal feministlerin ve gey kurtulu\u015f hareketinin aile kar\u015f\u0131t\u0131 politikalar\u0131n\u0131 hat\u0131rlat\u0131yor; bu gelene\u011fi yirmi birinci yu\u0308zy\u0131la ta\u015f\u0131yan queer Marksistlere kadar takip ediyor. Bu heyecan verici deneme, tarih boyunca Siyah aileleri hedef alan sa\u011fc\u0131 panikleri ve yerli topluluklara aileyi zorla dayatmay\u0131 inceliyor ve vurguluyor: Yaln\u0131zca aileyi a\u015fmay\u0131 du\u0308\u015fu\u0308nu\u0308rsek, ard\u0131ndan nelerin gelebilece\u011fini hayal etmeye ba\u015flayabiliriz. <\/p>\n","protected":false},"excerpt":{"rendered":"<p>\u201cSadece zenginli\u011fin de\u011fil, bak\u0131m\u0131n, sevginin ve aidiyetin de komu\u0308nizmini hayal etmek nas\u0131l olurdu? \u0130nsan ihtiya\u00e7lar\u0131n\u0131n tu\u0308mu\u0308nu\u0308n, \u00e7ekirdek ailenin k\u0131r\u0131lgan balonuna bel ba\u011flamadan kar\u015f\u0131land\u0131\u011f\u0131 bir du\u0308nya&#8230; Hani<span class=\"excerpt-hellip\"> [\u2026]<\/span><\/p>\n","protected":false},"featured_media":0,"template":"","meta":{"_monsterinsights_skip_tracking":false,"_monsterinsights_sitenote_active":false,"_monsterinsights_sitenote_note":"","_monsterinsights_sitenote_category":0},"product_brand":[],"product_cat":[12831,12324],"product_tag":[],"class_list":{"0":"post-776914","1":"product","2":"type-product","3":"status-publish","5":"product_cat-aile-ve-cocuk","6":"product_cat-sosyoloji","7":"pa_cilt-ciltsiz","8":"pa_tur-kitap","9":"pa_yayinevi-ayrinti-yayinlari","10":"pa_yazar-sophie-lewis","12":"first","13":"instock","14":"sale","15":"shipping-taxable","16":"purchasable","17":"product-type-simple"},"_links":{"self":[{"href":"https:\/\/roveyayinevi.com.tr\/index.php\/wp-json\/wp\/v2\/product\/776914","targetHints":{"allow":["GET"]}}],"collection":[{"href":"https:\/\/roveyayinevi.com.tr\/index.php\/wp-json\/wp\/v2\/product"}],"about":[{"href":"https:\/\/roveyayinevi.com.tr\/index.php\/wp-json\/wp\/v2\/types\/product"}],"wp:attachment":[{"href":"https:\/\/roveyayinevi.com.tr\/index.php\/wp-json\/wp\/v2\/media?parent=776914"}],"wp:term":[{"taxonomy":"product_brand","embeddable":true,"href":"https:\/\/roveyayinevi.com.tr\/index.php\/wp-json\/wp\/v2\/product_brand?post=776914"},{"taxonomy":"product_cat","embeddable":true,"href":"https:\/\/roveyayinevi.com.tr\/index.php\/wp-json\/wp\/v2\/product_cat?post=776914"},{"taxonomy":"product_tag","embeddable":true,"href":"https:\/\/roveyayinevi.com.tr\/index.php\/wp-json\/wp\/v2\/product_tag?post=776914"}],"curies":[{"name":"wp","href":"https:\/\/api.w.org\/{rel}","templated":true}]}}