{"id":776911,"date":"2025-10-06T00:25:35","date_gmt":"2025-10-05T21:25:35","guid":{"rendered":"https:\/\/roveyayinevi.com.tr\/index.php\/urun\/marxin-dirilisi-temel-kavramlar-ve-yeni-yorumlar\/"},"modified":"2026-04-15T03:43:07","modified_gmt":"2026-04-15T00:43:07","slug":"marxin-dirilisi-temel-kavramlar-ve-yeni-yorumlar","status":"publish","type":"product","link":"https:\/\/roveyayinevi.com.tr\/index.php\/urun\/marxin-dirilisi-temel-kavramlar-ve-yeni-yorumlar\/","title":{"rendered":"Marx\u2019\u0131n Dirili\u015fi: Temel Kavramlar ve Yeni Yorumlar"},"content":{"rendered":"<p>Karl Marx, kapitalizm yu\u0308zu\u0308nden derin bir s\u0131k\u0131nt\u0131 i\u00e7indeki gezegenimizde, bize en derin ele\u015ftiriyi getiren du\u0308\u015fu\u0308nu\u0308r olarak tu\u0308m du\u0308nyada yeniden ke\u015ffediliyor. Olduk\u00e7a tan\u0131nm\u0131\u015f uluslararas\u0131 uzmanlar taraf\u0131ndan, daha geni\u015f bir kitlenin eri\u015febilece\u011fi a\u00e7\u0131k bir bi\u00e7imde yaz\u0131lan bu kitap, Marx\u2019\u0131n \u00e7al\u0131\u015fmalar\u0131n\u0131n en canl\u0131 ve en du\u0308\u015fu\u0308ndu\u0308ru\u0308cu\u0308 \u00e7a\u011fda\u015f yorumlar\u0131n\u0131 bir araya getiriyor. Marx\u2019\u0131n yirmi iki temel kavramla ilgili ger\u00e7ekte yazd\u0131klar\u0131n\u0131, on dokuzuncu yu\u0308zy\u0131l\u0131n sonlar\u0131ndan bu yana ya\u015fanan de\u011fi\u015fimler sonucunda yeniden g\u00f6zden ge\u00e7irilmesi gereken alanlar\u0131 ve bu kavramlar\u0131n gu\u0308nu\u0308mu\u0308z du\u0308nyas\u0131nda neden h\u00e2l\u00e2 bu kadar \u00f6nemli oldu\u011funu gerek\u00e7elendiriyor. Elinizdeki bu derleme hem uzmanlar hem de Marx\u2019\u0131n eserleriyle ilk kez kar\u015f\u0131la\u015facak yeni nesil i\u00e7in vazge\u00e7ilmez bir koleksiyondur.<\/p>\n","protected":false},"excerpt":{"rendered":"<p>Karl Marx, kapitalizm yu\u0308zu\u0308nden derin bir s\u0131k\u0131nt\u0131 i\u00e7indeki gezegenimizde, bize en derin ele\u015ftiriyi getiren du\u0308\u015fu\u0308nu\u0308r olarak tu\u0308m du\u0308nyada yeniden ke\u015ffediliyor. Olduk\u00e7a tan\u0131nm\u0131\u015f uluslararas\u0131 uzmanlar taraf\u0131ndan, daha<span class=\"excerpt-hellip\"> [\u2026]<\/span><\/p>\n","protected":false},"featured_media":0,"template":"","meta":{"_monsterinsights_skip_tracking":false,"_monsterinsights_sitenote_active":false,"_monsterinsights_sitenote_note":"","_monsterinsights_sitenote_category":0},"product_brand":[],"product_cat":[12337],"product_tag":[],"class_list":{"0":"post-776911","1":"product","2":"type-product","3":"status-publish","5":"product_cat-politika-siyaset","6":"pa_cilt-ciltsiz","7":"pa_tur-kitap","8":"pa_yayinevi-ayrinti-yayinlari","9":"pa_yazar-marcello-musto","11":"first","12":"instock","13":"sale","14":"shipping-taxable","15":"purchasable","16":"product-type-simple"},"_links":{"self":[{"href":"https:\/\/roveyayinevi.com.tr\/index.php\/wp-json\/wp\/v2\/product\/776911","targetHints":{"allow":["GET"]}}],"collection":[{"href":"https:\/\/roveyayinevi.com.tr\/index.php\/wp-json\/wp\/v2\/product"}],"about":[{"href":"https:\/\/roveyayinevi.com.tr\/index.php\/wp-json\/wp\/v2\/types\/product"}],"wp:attachment":[{"href":"https:\/\/roveyayinevi.com.tr\/index.php\/wp-json\/wp\/v2\/media?parent=776911"}],"wp:term":[{"taxonomy":"product_brand","embeddable":true,"href":"https:\/\/roveyayinevi.com.tr\/index.php\/wp-json\/wp\/v2\/product_brand?post=776911"},{"taxonomy":"product_cat","embeddable":true,"href":"https:\/\/roveyayinevi.com.tr\/index.php\/wp-json\/wp\/v2\/product_cat?post=776911"},{"taxonomy":"product_tag","embeddable":true,"href":"https:\/\/roveyayinevi.com.tr\/index.php\/wp-json\/wp\/v2\/product_tag?post=776911"}],"curies":[{"name":"wp","href":"https:\/\/api.w.org\/{rel}","templated":true}]}}