{"id":776900,"date":"2025-10-06T00:25:16","date_gmt":"2025-10-05T21:25:16","guid":{"rendered":"https:\/\/roveyayinevi.com.tr\/index.php\/urun\/soymut-bilinc\/"},"modified":"2025-10-17T11:43:43","modified_gmt":"2025-10-17T08:43:43","slug":"soymut-bilinc","status":"publish","type":"product","link":"https:\/\/roveyayinevi.com.tr\/index.php\/urun\/soymut-bilinc\/","title":{"rendered":"Soymut Bilin\u00e7"},"content":{"rendered":"<p>Somut ile soyutun aras\u0131nda bir yer var&#8230; \u0130\u015fte orada Soymut Bilin\u00e7 do\u011fuyor.Serap Yelkenci hem felsefi bir sorgulaman\u0131n hem de derin bir ki\u015fisel d\u00f6n\u00fc\u015f\u00fcm\u00fcn i\u00e7inden ge\u00e7en bir yolculu\u011fu okura sunuyor. &#8220;Ben kimim?&#8221; sorusunun eksikli\u011fini g\u00f6sterip bizi daha k\u00f6kl\u00fc bir soruya davet ediyor: &#8220;Ben neyim?&#8221;R\u00fcyalar, semboller, dilin s\u0131n\u0131rlar\u0131, i\u00e7sel m\u00fchendislik ad\u0131mlar\u0131 ve bilincin titre\u015fimleri&#8230;Soymut Bilin\u00e7; d\u00fc\u015f\u00fcnceyle sezginin, ak\u0131lla kalbin, somutla soyutun bulu\u015ftu\u011fu yeni bir alan\u0131 ke\u015ffetmeye \u00e7a\u011f\u0131r\u0131yor.Soymut Bilin\u00e7, akademik bir tez de\u011fil, ki\u015fisel geli\u015fim kli\u015felerinden de uzak. O, kendi i\u00e7 haritam\u0131z\u0131 \u00e7izebilmemiz i\u00e7in haz\u0131rlanm\u0131\u015f i\u00e7sel bir m\u00fchendislik form\u00fcl\u00fc. Her b\u00f6l\u00fcm, okuru i\u00e7sel bir g\u00f6zleme, yeni bir soruya ve farkl\u0131 bir fark\u0131ndal\u0131k katman\u0131na a\u00e7\u0131yor.E\u011fer sen de kendi \u00fczerinde bilim yapmaya, bilginin titre\u015fimini sezgiyle duymaya ve anlam\u0131n katmanlar\u0131n\u0131 ke\u015ffetmeye haz\u0131rsan, bu kitap senin i\u00e7in bir e\u015fik olabilir.Somut ile soyut aras\u0131nda titre\u015fen bu bilin\u00e7 h\u00e2linde bulu\u015fmaya ne dersin?<\/p>\n","protected":false},"excerpt":{"rendered":"<p>Somut ile soyutun aras\u0131nda bir yer var&#8230; \u0130\u015fte orada Soymut Bilin\u00e7 do\u011fuyor.Serap Yelkenci hem felsefi bir sorgulaman\u0131n hem de derin bir ki\u015fisel d\u00f6n\u00fc\u015f\u00fcm\u00fcn i\u00e7inden ge\u00e7en bir<span class=\"excerpt-hellip\"> [\u2026]<\/span><\/p>\n","protected":false},"featured_media":0,"template":"","meta":{"_monsterinsights_skip_tracking":false,"_monsterinsights_sitenote_active":false,"_monsterinsights_sitenote_note":"","_monsterinsights_sitenote_category":0},"product_brand":[],"product_cat":[12364,16154],"product_tag":[],"class_list":{"0":"post-776900","1":"product","2":"type-product","3":"status-publish","5":"product_cat-genel-konular","6":"product_cat-parapsikoloji","7":"pa_cilt-ciltsiz","8":"pa_tur-kitap","9":"pa_yayinevi-wizart-yayinlari","10":"pa_yazar-serap-yelkenci","12":"first","13":"instock","14":"sale","15":"shipping-taxable","16":"purchasable","17":"product-type-simple"},"_links":{"self":[{"href":"https:\/\/roveyayinevi.com.tr\/index.php\/wp-json\/wp\/v2\/product\/776900","targetHints":{"allow":["GET"]}}],"collection":[{"href":"https:\/\/roveyayinevi.com.tr\/index.php\/wp-json\/wp\/v2\/product"}],"about":[{"href":"https:\/\/roveyayinevi.com.tr\/index.php\/wp-json\/wp\/v2\/types\/product"}],"wp:attachment":[{"href":"https:\/\/roveyayinevi.com.tr\/index.php\/wp-json\/wp\/v2\/media?parent=776900"}],"wp:term":[{"taxonomy":"product_brand","embeddable":true,"href":"https:\/\/roveyayinevi.com.tr\/index.php\/wp-json\/wp\/v2\/product_brand?post=776900"},{"taxonomy":"product_cat","embeddable":true,"href":"https:\/\/roveyayinevi.com.tr\/index.php\/wp-json\/wp\/v2\/product_cat?post=776900"},{"taxonomy":"product_tag","embeddable":true,"href":"https:\/\/roveyayinevi.com.tr\/index.php\/wp-json\/wp\/v2\/product_tag?post=776900"}],"curies":[{"name":"wp","href":"https:\/\/api.w.org\/{rel}","templated":true}]}}