{"id":776899,"date":"2025-10-06T00:25:14","date_gmt":"2025-10-05T21:25:14","guid":{"rendered":"https:\/\/roveyayinevi.com.tr\/index.php\/urun\/siyasi-tarihi-anlamak\/"},"modified":"2025-10-17T11:43:43","modified_gmt":"2025-10-17T08:43:43","slug":"siyasi-tarihi-anlamak","status":"publish","type":"product","link":"https:\/\/roveyayinevi.com.tr\/index.php\/urun\/siyasi-tarihi-anlamak\/","title":{"rendered":"Siyasi Tarihi Anlamak"},"content":{"rendered":"<p>\u201cTarih, herhangi bir geni\u015flikte yaz\u0131labilir. Evrenin tarihi tek sayfada, bir may\u0131sb\u00f6ce\u011finin ya\u015fam d\u00f6nemi k\u0131rk ciltte anlat\u0131labilir.\u201d Norman Davies   Anlamak sorularla ba\u015flar. Tarih disiplinin sordu\u011fu ba\u015fl\u0131ca soru \u201cne oldu\u201d ve \u201cnas\u0131l oldu\u201d sorular\u0131d\u0131r. \u201cNi\u00e7in\/neden oldu\u201d sorusu tarihin dolayl\u0131 olarak ele ald\u0131\u011f\u0131 bir sorudur. Ancak esas olarak tarihi bug\u00fcne ta\u015f\u0131yan soru bu sorudur. Bu kitab\u0131n salt bir tarihsel d\u00f6k\u00fcm, kronolojik hik\u00e2ye anlat\u0131m\u0131 olmad\u0131\u011f\u0131n\u0131 daha en ba\u015fta itiraf etmek gerekir. Evet, b\u00fcy\u00fck oranda bunu yapacakt\u0131r ancak bu d\u00f6k\u00fcm ve kronolojik anlat\u0131ya gerek tarih felsefesi anlam\u0131nda gerekse de siyaset felsefesi ve siyasi tarih anlam\u0131nda bir yeniden okuma ve ters y\u00fcz etme \u00e7abas\u0131 da e\u015flik edecektir. Daha ilk b\u00f6l\u00fcmlerden itibaren okuyucunun zihninde birtak\u0131m sorular\u0131n olu\u015fmas\u0131n\u0131 ama\u00e7layan bu metin, elbette ki sayfalar\u0131 boyunca kendi cevaplar\u0131na da i\u015faret edecektir. Ancak temelde gerek sorular\u0131 gerekse de vermedi\u011fi cevaplar\u0131 ile okuyucuyu ba\u015f ba\u015fa b\u0131rakmay\u0131 ama\u00e7lamaktad\u0131r. Hatta bir anlamda sorulmayan, g\u00f6zden ka\u00e7an baz\u0131 sorular\u0131n bizzat ve do\u011frudan okuyucu taraf\u0131ndan sorulmas\u0131n\u0131 \u00fcmit etmektedir. Kitap tart\u0131\u015fma ve de\u011ferlendirmelerini antik uygarl\u0131klardan ba\u015flatm\u0131\u015f ve yirminci y\u00fczy\u0131l\u0131n hemen ba\u015f\u0131na, iki b\u00fcy\u00fck d\u00fcnya sava\u015f\u0131n\u0131n hemen \u00f6ncesine kadar getirmi\u015ftir. Bu noktan\u0131n, biti\u015f noktas\u0131 olarak tercih edilmesinin temel nedeni, buraya kadar olan d\u00f6nemin art\u0131k modern d\u00fcnyan\u0131n \u015fekillendi\u011fi, temel askeri, siyasi ve ekonomik ili\u015fki bi\u00e7imlerinin, kurumlar\u0131n\u0131n ve kavramlar\u0131n\u0131n istikrar ve kararl\u0131l\u0131k kazand\u0131\u011f\u0131; dahas\u0131 bu d\u00f6neme kadar olan siyasal geli\u015fmeleri belirleyen \u00f6nc\u00fcllerin, e\u011filimlerin ve yasalar\u0131n ortaya konmu\u015f olmas\u0131d\u0131r. Giri\u015fteki epigrafta da ifade edildi\u011fi \u00fczere tarih, herhangi bir geni\u015flikte yaz\u0131labilir. Nitekim gerek uygarl\u0131k tarihi gerek d\u00fcnya tarihi ve gerekse de siyasi tarih ba\u015fl\u0131klar\u0131 ile kaleme al\u0131nan \u00e7ok say\u0131da kitap, ele ald\u0131klar\u0131 konular\u0131 farkl\u0131 hacimlerdeki bir muhteva ile ele almaktad\u0131rlar. \u00dc\u00e7 y\u00fcz, d\u00f6rt y\u00fcz sayfadan bin sayfaya kadar de\u011fi\u015fen i\u00e7eriklerle kimi genel hatlara i\u015faret ederken kimi olduk\u00e7a ayr\u0131nt\u0131l\u0131 incelemelerle okuyucunun kar\u015f\u0131s\u0131na \u00e7\u0131kmaktad\u0131r. Bunun yan\u0131 s\u0131ra, her ne kadar her kitap genel okuyucuya hitap etse de yine bu tarz kitaplar\u0131n \u00f6zel olarak odakland\u0131klar\u0131 bir okuyucu kitlesi de s\u00f6z konusudur. Ve do\u011fal olarak bu durum s\u00f6z konusu kitaplar\u0131n muhtevas\u0131n\u0131 da \u015fekillendirmektedir. Elinizdeki kitap da bu a\u00e7\u0131dan bak\u0131ld\u0131\u011f\u0131nda esas\u0131nda hem genel okuyucuya ve onun ilgisine hitap etmekte hem de \u00f6zel olarak belirli bir okuyucuyu da hedeflemektedir. Siyasi tarih konusu \u00f6zellikle T\u00fcrkiye\u2019de uluslararas\u0131 ili\u015fkiler disiplini \u00e7er\u00e7evesinde ele al\u0131nan ve de\u011ferlendirilen bir alt disiplindir. Dolay\u0131s\u0131yla bu konudaki metinlerin i\u00e7eri\u011fi de buna g\u00f6re \u015fekillenmektedir. Ancak hemen belirtmek gerekir ki, siyasi tarih, uluslararas\u0131 ili\u015fkiler disiplininin konusu oldu\u011fu kadar siyaset bilimi, siyaset teorisi ve siyaset felsefesinin de ilgi alan\u0131na girer. \u00d6rne\u011fin Orta\u00e7a\u011f\u2019da de\u011fi\u015fen siyasal dizgeyi, mesela egemenlik kavram\u0131n\u0131, mutlak monar\u015filerle yeni iktidar anlay\u0131\u015f\u0131n\u0131 ve buradan ulus devlet kavram\u0131na ge\u00e7i\u015fi felsefi ve teorik olarak incelemek, ayn\u0131 zamanda t\u00fcm bu kavram ve tart\u0131\u015fmalar\u0131n ortaya \u00e7\u0131kt\u0131\u011f\u0131 ba\u011flam\u0131 da ele almay\u0131 gerektirir. Bu nedenle t\u00fcm bu konular siyaset bilimi ve siyaset teorisi ba\u011flam\u0131na da tekab\u00fcl edecek \u015fekilde de ele al\u0131nmas\u0131 gerekir.<\/p>\n","protected":false},"excerpt":{"rendered":"<p>\u201cTarih, herhangi bir geni\u015flikte yaz\u0131labilir. Evrenin tarihi tek sayfada, bir may\u0131sb\u00f6ce\u011finin ya\u015fam d\u00f6nemi k\u0131rk ciltte anlat\u0131labilir.\u201d Norman Davies Anlamak sorularla ba\u015flar. Tarih disiplinin sordu\u011fu ba\u015fl\u0131ca soru<span class=\"excerpt-hellip\"> [\u2026]<\/span><\/p>\n","protected":false},"featured_media":0,"template":"","meta":{"_monsterinsights_skip_tracking":false,"_monsterinsights_sitenote_active":false,"_monsterinsights_sitenote_note":"","_monsterinsights_sitenote_category":0},"product_brand":[],"product_cat":[13590,12337],"product_tag":[],"class_list":{"0":"post-776899","1":"product","2":"type-product","3":"status-publish","5":"product_cat-arastirma-inceleme-politika-siyaset","6":"product_cat-politika-siyaset","7":"pa_cilt-ciltsiz","8":"pa_tur-kitap","9":"pa_yayinevi-sayda-yayincilik","10":"pa_yazar-fatih-ertugay","12":"first","13":"instock","14":"sale","15":"shipping-taxable","16":"purchasable","17":"product-type-simple"},"_links":{"self":[{"href":"https:\/\/roveyayinevi.com.tr\/index.php\/wp-json\/wp\/v2\/product\/776899","targetHints":{"allow":["GET"]}}],"collection":[{"href":"https:\/\/roveyayinevi.com.tr\/index.php\/wp-json\/wp\/v2\/product"}],"about":[{"href":"https:\/\/roveyayinevi.com.tr\/index.php\/wp-json\/wp\/v2\/types\/product"}],"wp:attachment":[{"href":"https:\/\/roveyayinevi.com.tr\/index.php\/wp-json\/wp\/v2\/media?parent=776899"}],"wp:term":[{"taxonomy":"product_brand","embeddable":true,"href":"https:\/\/roveyayinevi.com.tr\/index.php\/wp-json\/wp\/v2\/product_brand?post=776899"},{"taxonomy":"product_cat","embeddable":true,"href":"https:\/\/roveyayinevi.com.tr\/index.php\/wp-json\/wp\/v2\/product_cat?post=776899"},{"taxonomy":"product_tag","embeddable":true,"href":"https:\/\/roveyayinevi.com.tr\/index.php\/wp-json\/wp\/v2\/product_tag?post=776899"}],"curies":[{"name":"wp","href":"https:\/\/api.w.org\/{rel}","templated":true}]}}