{"id":776898,"date":"2025-10-06T00:25:12","date_gmt":"2025-10-05T21:25:12","guid":{"rendered":"https:\/\/roveyayinevi.com.tr\/index.php\/urun\/eksik-manifesto\/"},"modified":"2025-10-17T11:43:42","modified_gmt":"2025-10-17T08:43:42","slug":"eksik-manifesto","status":"publish","type":"product","link":"https:\/\/roveyayinevi.com.tr\/index.php\/urun\/eksik-manifesto\/","title":{"rendered":"Eksik Manifesto"},"content":{"rendered":"<p>Elinizdeki kitap bir pop\u00fcler psikoloji kitab\u0131 de\u011fil; size ya\u015fam\u0131n anlam\u0131n\u0131 veya sizden yeni bir siz yaratmay\u0131 vadetmiyor. Bu kitab\u0131n yazar\u0131, insana dair her \u015feyin \u00fcst\u00fcnde durup d\u00fc\u015f\u00fcnmeye de\u011fer oldu\u011funu ancak pop\u00fcler olan\u0131n pe\u015finden gitmenin bireylerin biricikli\u011fi ve \u00f6zde\u011ferini azaltaca\u011f\u0131na inan\u0131yor. \u0130nsanca bir d\u00fcnya i\u00e7in m\u00fccadele verilecekse anlaman\u0131n, okuman\u0131n ve i\u015flemenin gereklili\u011fini vurguluyor.Bu \u00e7a\u011fda d\u00fcnyay\u0131 ve insan hayat\u0131n\u0131 naif ve tarafs\u0131z bir yerden de\u011ferlendirme \u015fans\u0131m\u0131z yok. \u00c7\u00fcnk\u00fc global ve yerel anlamda d\u00fcnyan\u0131n nabz\u0131n\u0131 alamad\u0131\u011f\u0131m\u0131z bir kaos var; kapitalizmin, emperyalizmin, sava\u015flar\u0131n, soyk\u0131r\u0131mlar\u0131n, \u015fiddetin, bask\u0131n\u0131n, tekelle\u015fmenin, tek tiple\u015fmenin yaratt\u0131\u011f\u0131 bir kaos. \u0130nsana dair bu noktada ya\u015fanan her \u015fey politiktir ve psikolojik d\u00fczeyde anlamland\u0131rman\u0131n yolu psiko-politik bir bak\u0131\u015ftan ge\u00e7er. Bu kitaptaki yaz\u0131larda mercek bazen psikanalitik, bazen politik, bazen insanc\u0131ld\u0131r; bazen co\u011frafyay\u0131, bazen de evrensel olan\u0131 tekrar okumaya odaklanmaktad\u0131r.G\u00fcndemden ilham al\u0131p yaz\u0131lsalar da mercek alt\u0131na al\u0131nan olgu, durum ve olaylar farkl\u0131 k\u0131l\u0131klarda her daim kar\u015f\u0131m\u0131za \u00e7\u0131kan, her \u00e7a\u011f\u0131n ma\u011fduriyetleridir. \u0130nsan canl\u0131s\u0131 ma\u011fdurdur ve ma\u011fduriyeti giderebilmenin yolu tan\u0131kl\u0131kt\u0131r. \u0130nsana, hayata, onu sarmalayan olaylara dair yazmak bu tan\u0131kl\u0131\u011f\u0131 m\u00fcmk\u00fcn k\u0131lar.<\/p>\n","protected":false},"excerpt":{"rendered":"<p>Elinizdeki kitap bir pop\u00fcler psikoloji kitab\u0131 de\u011fil; size ya\u015fam\u0131n anlam\u0131n\u0131 veya sizden yeni bir siz yaratmay\u0131 vadetmiyor. Bu kitab\u0131n yazar\u0131, insana dair her \u015feyin \u00fcst\u00fcnde durup<span class=\"excerpt-hellip\"> [\u2026]<\/span><\/p>\n","protected":false},"featured_media":0,"template":"","meta":{"_monsterinsights_skip_tracking":false,"_monsterinsights_sitenote_active":false,"_monsterinsights_sitenote_note":"","_monsterinsights_sitenote_category":0},"product_brand":[],"product_cat":[12777,12291],"product_tag":[],"class_list":{"0":"post-776898","1":"product","2":"type-product","3":"status-publish","5":"product_cat-deneme","6":"product_cat-edebiyat","7":"pa_cilt-ciltsiz","8":"pa_tur-kitap","9":"pa_yayinevi-sfenks-kitap","10":"pa_yazar-nesli-zagli","12":"first","13":"instock","14":"sale","15":"shipping-taxable","16":"purchasable","17":"product-type-simple"},"_links":{"self":[{"href":"https:\/\/roveyayinevi.com.tr\/index.php\/wp-json\/wp\/v2\/product\/776898","targetHints":{"allow":["GET"]}}],"collection":[{"href":"https:\/\/roveyayinevi.com.tr\/index.php\/wp-json\/wp\/v2\/product"}],"about":[{"href":"https:\/\/roveyayinevi.com.tr\/index.php\/wp-json\/wp\/v2\/types\/product"}],"wp:attachment":[{"href":"https:\/\/roveyayinevi.com.tr\/index.php\/wp-json\/wp\/v2\/media?parent=776898"}],"wp:term":[{"taxonomy":"product_brand","embeddable":true,"href":"https:\/\/roveyayinevi.com.tr\/index.php\/wp-json\/wp\/v2\/product_brand?post=776898"},{"taxonomy":"product_cat","embeddable":true,"href":"https:\/\/roveyayinevi.com.tr\/index.php\/wp-json\/wp\/v2\/product_cat?post=776898"},{"taxonomy":"product_tag","embeddable":true,"href":"https:\/\/roveyayinevi.com.tr\/index.php\/wp-json\/wp\/v2\/product_tag?post=776898"}],"curies":[{"name":"wp","href":"https:\/\/api.w.org\/{rel}","templated":true}]}}