{"id":776897,"date":"2025-10-06T00:25:10","date_gmt":"2025-10-05T21:25:10","guid":{"rendered":"https:\/\/roveyayinevi.com.tr\/index.php\/urun\/yatay-zeka\/"},"modified":"2026-04-15T03:43:06","modified_gmt":"2026-04-15T00:43:06","slug":"yatay-zeka","status":"publish","type":"product","link":"https:\/\/roveyayinevi.com.tr\/index.php\/urun\/yatay-zeka\/","title":{"rendered":"Yatay Zeka"},"content":{"rendered":"<p>\u201cSize d\u00fcnyan\u0131n en tembel ve asosyal insan\u0131yken, nas\u0131l \u00fcnl\u00fc bir bilim \u00e7ocu\u011fu oldu\u011fumu anlataca\u011f\u0131m\u2026\u201d O da ne, bir anda her \u015fey de\u011fi\u015fiyor!  Yapay Zek\u00e2 t\u00fcm kontrol\u00fc ele ge\u00e7iriyor\u2026 Yapt\u0131\u011f\u0131 \u0130catla alk\u0131\u015flar\u0131 toplayan Efe, ebeveynlerinin dikkatini \u00e7ekti\u011fi i\u00e7in \u00e7ok mutludur. Fakat d\u00fcnyan\u0131n en \u00fcnl\u00fc bilim \u00e7ocu\u011fu olan Efe\u2019nin yolculu\u011fu yeni ba\u015fl\u0131yordur. Klinik Psikolog G\u00fcl\u015fah Aksakall\u0131 kaleme ald\u0131\u011f\u0131 Yatay Zek\u00e2\u2019da, yapay zek\u00e2 bir yandan hayat\u0131m\u0131z\u0131 kolayla\u015ft\u0131r\u0131rken bir yandan da hayat\u0131m\u0131z\u0131 zorla\u015ft\u0131r\u0131r m\u0131? Sorusunu okuyucuya soruyor. Heyecan dolu Yatay Zek\u00e2, \u00e7ocuklar ve ebeveynler aras\u0131nda bir empati k\u00f6pr\u00fcs\u00fc kurmaya yard\u0131mc\u0131 oluyor. <\/p>\n","protected":false},"excerpt":{"rendered":"<p>\u201cSize d\u00fcnyan\u0131n en tembel ve asosyal insan\u0131yken, nas\u0131l \u00fcnl\u00fc bir bilim \u00e7ocu\u011fu oldu\u011fumu anlataca\u011f\u0131m\u2026\u201d O da ne, bir anda her \u015fey de\u011fi\u015fiyor! Yapay Zek\u00e2 t\u00fcm kontrol\u00fc<span class=\"excerpt-hellip\"> [\u2026]<\/span><\/p>\n","protected":false},"featured_media":0,"template":"","meta":{"_monsterinsights_skip_tracking":false,"_monsterinsights_sitenote_active":false,"_monsterinsights_sitenote_note":"","_monsterinsights_sitenote_category":0},"product_brand":[],"product_cat":[12274,15842],"product_tag":[],"class_list":{"0":"post-776897","1":"product","2":"type-product","3":"status-publish","5":"product_cat-cocuk-ve-genclik-kitaplari","6":"product_cat-egitici-kitaplar","7":"pa_cilt-ciltsiz","8":"pa_tur-kitap","9":"pa_yayinevi-kirmizi-kedi-yayinevi","10":"pa_yazar-gulsah-aksakalli","12":"first","13":"instock","14":"sale","15":"shipping-taxable","16":"purchasable","17":"product-type-simple"},"_links":{"self":[{"href":"https:\/\/roveyayinevi.com.tr\/index.php\/wp-json\/wp\/v2\/product\/776897","targetHints":{"allow":["GET"]}}],"collection":[{"href":"https:\/\/roveyayinevi.com.tr\/index.php\/wp-json\/wp\/v2\/product"}],"about":[{"href":"https:\/\/roveyayinevi.com.tr\/index.php\/wp-json\/wp\/v2\/types\/product"}],"wp:attachment":[{"href":"https:\/\/roveyayinevi.com.tr\/index.php\/wp-json\/wp\/v2\/media?parent=776897"}],"wp:term":[{"taxonomy":"product_brand","embeddable":true,"href":"https:\/\/roveyayinevi.com.tr\/index.php\/wp-json\/wp\/v2\/product_brand?post=776897"},{"taxonomy":"product_cat","embeddable":true,"href":"https:\/\/roveyayinevi.com.tr\/index.php\/wp-json\/wp\/v2\/product_cat?post=776897"},{"taxonomy":"product_tag","embeddable":true,"href":"https:\/\/roveyayinevi.com.tr\/index.php\/wp-json\/wp\/v2\/product_tag?post=776897"}],"curies":[{"name":"wp","href":"https:\/\/api.w.org\/{rel}","templated":true}]}}