{"id":776896,"date":"2025-10-06T00:25:08","date_gmt":"2025-10-05T21:25:08","guid":{"rendered":"https:\/\/roveyayinevi.com.tr\/index.php\/urun\/attaleia-destani-gizli-gecit\/"},"modified":"2026-04-15T03:43:06","modified_gmt":"2026-04-15T00:43:06","slug":"attaleia-destani-gizli-gecit","status":"publish","type":"product","link":"https:\/\/roveyayinevi.com.tr\/index.php\/urun\/attaleia-destani-gizli-gecit\/","title":{"rendered":"Attaleia Destan\u0131 Gizli Ge\u00e7it"},"content":{"rendered":"<p>Ate\u015f C\u00fcceleri, k\u00e2inat\u0131 cezaland\u0131rmak i\u00e7in yery\u00fcz\u00fcndeki t\u00fcm ate\u015fleri s\u00f6nd\u00fcr\u00fcr, s\u0131rlar\u0131 da yanlar\u0131na alarak B\u00fcy\u00fck Orman\u2019dan uzakla\u015f\u0131rlar. Art\u0131k d\u00fcnya, karanl\u0131\u011f\u0131n ve so\u011fu\u011fun h\u00fckm\u00fc alt\u0131ndad\u0131r. Gen\u00e7 Attalos,  kaybolan ate\u015fi bulmak i\u00e7in Selinus Diyar\u0131\u2019ndan (Gazipa\u015fa\u2019dan)   yola \u00e7\u0131kar. Fakat bu yolculuk, yaln\u0131zca bir aray\u0131\u015f de\u011fil; gizli ge\u00e7itlerle, imk\u00e2ns\u0131z s\u0131navlarla ve b\u00fcy\u00fcl\u00fc kar\u015f\u0131la\u015fmalarla \u00f6r\u00fcl\u00fc bir kaderdir Bilgeler, devler, yar\u0131 tanr\u0131lar ve canavarlarla kar\u015f\u0131la\u015f\u0131rken att\u0131\u011f\u0131 her ad\u0131mda, hem Antalya\u2019n\u0131n gizemli diyarlar\u0131n\u0131 hem de kendi i\u00e7indeki g\u00fcc\u00fc ke\u015ffeder. Bu kitapta Antalya\u2019y\u0131; Gazipa\u015fa\u2019dan Olimpos\u2019a, Aspendos\u2019tan Yanarta\u015f\u2019a kadar bir u\u00e7tan bir uca destans\u0131 bir ser\u00fcvenle gezeceksiniz. Bir yandan kadim mitlerin izlerini bulacak, bir yandan da g\u00fcn\u00fcm\u00fcze uzanan efsanelerin b\u00fcy\u00fcs\u00fcne kap\u0131lacaks\u0131n\u0131z. Antalya a\u015f\u0131\u011f\u0131 Fatih Tuncay, Attaleia Destan\u0131-Gizli Ge\u00e7it ile sizleri nefes kesici bir yolculu\u011fa \u00e7a\u011f\u0131r\u0131yor: Ate\u015fi yeniden yakmaya, s\u0131rlar\u0131 \u00e7\u00f6zmeye ve Attalos\u2019un destan\u0131na tan\u0131kl\u0131k etmeye haz\u0131r olun!<\/p>\n","protected":false},"excerpt":{"rendered":"<p>Ate\u015f C\u00fcceleri, k\u00e2inat\u0131 cezaland\u0131rmak i\u00e7in yery\u00fcz\u00fcndeki t\u00fcm ate\u015fleri s\u00f6nd\u00fcr\u00fcr, s\u0131rlar\u0131 da yanlar\u0131na alarak B\u00fcy\u00fck Orman\u2019dan uzakla\u015f\u0131rlar. Art\u0131k d\u00fcnya, karanl\u0131\u011f\u0131n ve so\u011fu\u011fun h\u00fckm\u00fc alt\u0131ndad\u0131r. Gen\u00e7 Attalos, kaybolan<span class=\"excerpt-hellip\"> [\u2026]<\/span><\/p>\n","protected":false},"featured_media":0,"template":"","meta":{"_monsterinsights_skip_tracking":false,"_monsterinsights_sitenote_active":false,"_monsterinsights_sitenote_note":"","_monsterinsights_sitenote_category":0},"product_brand":[],"product_cat":[141304],"product_tag":[],"class_list":{"0":"post-776896","1":"product","2":"type-product","3":"status-publish","5":"product_cat-yeni-cikanlar","6":"pa_cilt-ciltsiz","7":"pa_tur-kitap","8":"pa_yayinevi-bilgi-yayinevi","9":"pa_yazar-fatih-tuncay","11":"first","12":"instock","13":"sale","14":"shipping-taxable","15":"purchasable","16":"product-type-simple"},"_links":{"self":[{"href":"https:\/\/roveyayinevi.com.tr\/index.php\/wp-json\/wp\/v2\/product\/776896","targetHints":{"allow":["GET"]}}],"collection":[{"href":"https:\/\/roveyayinevi.com.tr\/index.php\/wp-json\/wp\/v2\/product"}],"about":[{"href":"https:\/\/roveyayinevi.com.tr\/index.php\/wp-json\/wp\/v2\/types\/product"}],"wp:attachment":[{"href":"https:\/\/roveyayinevi.com.tr\/index.php\/wp-json\/wp\/v2\/media?parent=776896"}],"wp:term":[{"taxonomy":"product_brand","embeddable":true,"href":"https:\/\/roveyayinevi.com.tr\/index.php\/wp-json\/wp\/v2\/product_brand?post=776896"},{"taxonomy":"product_cat","embeddable":true,"href":"https:\/\/roveyayinevi.com.tr\/index.php\/wp-json\/wp\/v2\/product_cat?post=776896"},{"taxonomy":"product_tag","embeddable":true,"href":"https:\/\/roveyayinevi.com.tr\/index.php\/wp-json\/wp\/v2\/product_tag?post=776896"}],"curies":[{"name":"wp","href":"https:\/\/api.w.org\/{rel}","templated":true}]}}