{"id":776893,"date":"2025-10-06T00:25:04","date_gmt":"2025-10-05T21:25:04","guid":{"rendered":"https:\/\/roveyayinevi.com.tr\/index.php\/urun\/caylak-ile-filozof-seti-9-kitap\/"},"modified":"2026-04-15T03:43:05","modified_gmt":"2026-04-15T00:43:05","slug":"caylak-ile-filozof-seti-9-kitap","status":"publish","type":"product","link":"https:\/\/roveyayinevi.com.tr\/index.php\/urun\/caylak-ile-filozof-seti-9-kitap\/","title":{"rendered":"\u00c7aylak ile Filozof Seti (9 Kitap)"},"content":{"rendered":"<p>\u00c7aylak ile Filozof Seti 9 kitap bir arada\u2026   \u00c7aylak ile Filozof-1 \/ Ben Bir Neyim? \u00c7aylak ile Filozof-2 \/ \u0130nsan Diye Bir Kelime \u00c7aylak ile Filozof-3 \/ Ruhun Irk\u0131 Yok! \u00c7aylak ile Filozof-4 \/ G\u00fczellik, \u0130yiliktir \u00c7aylak ile Filozof-5 \/ \u015e\u00fcphelerin Alaca Karanl\u0131\u011f\u0131nda \u00c7aylak ile Filozof-6 \/ \u00d6zg\u00fcrl\u00fck Kaderimizdir \u00c7aylak ile Filozof-7 \/ \u0130yilik Problemi \u00c7aylak ile Filozof-8 \/ Benli\u011fin Karanl\u0131k Taraf\u0131 \u00c7aylak ile Filozof-9 \/ Ya\u015famak \u0130\u00e7in \u00d6\u011fren, \u00d6\u011frenmek \u0130\u00e7in Ya\u015fa! <\/p>\n","protected":false},"excerpt":{"rendered":"<p>\u00c7aylak ile Filozof Seti 9 kitap bir arada\u2026 \u00c7aylak ile Filozof-1 \/ Ben Bir Neyim? \u00c7aylak ile Filozof-2 \/ \u0130nsan Diye Bir Kelime \u00c7aylak ile Filozof-3<span class=\"excerpt-hellip\"> [\u2026]<\/span><\/p>\n","protected":false},"featured_media":0,"template":"","meta":{"_monsterinsights_skip_tracking":false,"_monsterinsights_sitenote_active":false,"_monsterinsights_sitenote_note":"","_monsterinsights_sitenote_category":0},"product_brand":[],"product_cat":[12388],"product_tag":[],"class_list":{"0":"post-776893","1":"product","2":"type-product","3":"status-publish","5":"product_cat-felsefe","6":"pa_cilt-ciltsiz","7":"pa_tur-kitap","8":"pa_yayinevi-ugurbocegi-yayinlari","9":"pa_yazar-ozkan-oze","11":"first","12":"instock","13":"sale","14":"shipping-taxable","15":"purchasable","16":"product-type-simple"},"_links":{"self":[{"href":"https:\/\/roveyayinevi.com.tr\/index.php\/wp-json\/wp\/v2\/product\/776893","targetHints":{"allow":["GET"]}}],"collection":[{"href":"https:\/\/roveyayinevi.com.tr\/index.php\/wp-json\/wp\/v2\/product"}],"about":[{"href":"https:\/\/roveyayinevi.com.tr\/index.php\/wp-json\/wp\/v2\/types\/product"}],"wp:attachment":[{"href":"https:\/\/roveyayinevi.com.tr\/index.php\/wp-json\/wp\/v2\/media?parent=776893"}],"wp:term":[{"taxonomy":"product_brand","embeddable":true,"href":"https:\/\/roveyayinevi.com.tr\/index.php\/wp-json\/wp\/v2\/product_brand?post=776893"},{"taxonomy":"product_cat","embeddable":true,"href":"https:\/\/roveyayinevi.com.tr\/index.php\/wp-json\/wp\/v2\/product_cat?post=776893"},{"taxonomy":"product_tag","embeddable":true,"href":"https:\/\/roveyayinevi.com.tr\/index.php\/wp-json\/wp\/v2\/product_tag?post=776893"}],"curies":[{"name":"wp","href":"https:\/\/api.w.org\/{rel}","templated":true}]}}