{"id":776889,"date":"2025-10-06T00:24:57","date_gmt":"2025-10-05T21:24:57","guid":{"rendered":"https:\/\/roveyayinevi.com.tr\/index.php\/urun\/sirinler-aktivite-kitabi-3\/"},"modified":"2026-04-15T03:43:05","modified_gmt":"2026-04-15T00:43:05","slug":"sirinler-aktivite-kitabi-3","status":"publish","type":"product","link":"https:\/\/roveyayinevi.com.tr\/index.php\/urun\/sirinler-aktivite-kitabi-3\/","title":{"rendered":"\u015eirinler &#8211; Aktivite Kitab\u0131 3"},"content":{"rendered":"<p>\u00c7OCUKLAR, MACERA BA\u015eLIYOR! Heyecan verici bir g\u00fcn sizi bekliyor! Kalem ve boyalar\u0131n\u0131z\u0131 haz\u0131rlay\u0131n, \u00e7\u00fcnk\u00fc renkli bir yolculu\u011fa \u00e7\u0131k\u0131yoruz.<\/p>\n","protected":false},"excerpt":{"rendered":"<p>\u00c7OCUKLAR, MACERA BA\u015eLIYOR! Heyecan verici bir g\u00fcn sizi bekliyor! Kalem ve boyalar\u0131n\u0131z\u0131 haz\u0131rlay\u0131n, \u00e7\u00fcnk\u00fc renkli bir yolculu\u011fa \u00e7\u0131k\u0131yoruz.<\/p>\n","protected":false},"featured_media":0,"template":"","meta":{"_monsterinsights_skip_tracking":false,"_monsterinsights_sitenote_active":false,"_monsterinsights_sitenote_note":"","_monsterinsights_sitenote_category":0},"product_brand":[],"product_cat":[12274,15842],"product_tag":[],"class_list":{"0":"post-776889","1":"product","2":"type-product","3":"status-publish","5":"product_cat-cocuk-ve-genclik-kitaplari","6":"product_cat-egitici-kitaplar","7":"pa_cilt-ciltsiz","8":"pa_tur-kitap","9":"pa_yayinevi-buyulu-fener-yayinlari","10":"pa_yazar-peyo","12":"first","13":"instock","14":"sale","15":"shipping-taxable","16":"purchasable","17":"product-type-simple"},"_links":{"self":[{"href":"https:\/\/roveyayinevi.com.tr\/index.php\/wp-json\/wp\/v2\/product\/776889","targetHints":{"allow":["GET"]}}],"collection":[{"href":"https:\/\/roveyayinevi.com.tr\/index.php\/wp-json\/wp\/v2\/product"}],"about":[{"href":"https:\/\/roveyayinevi.com.tr\/index.php\/wp-json\/wp\/v2\/types\/product"}],"wp:attachment":[{"href":"https:\/\/roveyayinevi.com.tr\/index.php\/wp-json\/wp\/v2\/media?parent=776889"}],"wp:term":[{"taxonomy":"product_brand","embeddable":true,"href":"https:\/\/roveyayinevi.com.tr\/index.php\/wp-json\/wp\/v2\/product_brand?post=776889"},{"taxonomy":"product_cat","embeddable":true,"href":"https:\/\/roveyayinevi.com.tr\/index.php\/wp-json\/wp\/v2\/product_cat?post=776889"},{"taxonomy":"product_tag","embeddable":true,"href":"https:\/\/roveyayinevi.com.tr\/index.php\/wp-json\/wp\/v2\/product_tag?post=776889"}],"curies":[{"name":"wp","href":"https:\/\/api.w.org\/{rel}","templated":true}]}}