{"id":776885,"date":"2025-10-06T00:24:50","date_gmt":"2025-10-05T21:24:50","guid":{"rendered":"https:\/\/roveyayinevi.com.tr\/index.php\/urun\/olagandisi-insanlarla-karsilasmalar\/"},"modified":"2025-10-17T11:43:35","modified_gmt":"2025-10-17T08:43:35","slug":"olagandisi-insanlarla-karsilasmalar","status":"publish","type":"product","link":"https:\/\/roveyayinevi.com.tr\/index.php\/urun\/olagandisi-insanlarla-karsilasmalar\/","title":{"rendered":"Ola\u011fand\u0131\u015f\u0131 \u0130nsanlarla Kar\u015f\u0131la\u015fmalar"},"content":{"rendered":"<p>Enstit\u00fcleri, kitaplar\u0131, m\u00fczikleri ve \u201ckutsal devinimler\u201d adl\u0131 koreografileriyle d\u00fcnya \u00e7ap\u0131nda tan\u0131nm\u0131\u015f gizemli bir filozof, mistik bir e\u011fitmen, ruhsal bir k\u0131lavuz ve besteci olan Gurdjieff&#8217;in \u00f6zya\u015fam\u00f6yk\u00fcs\u00fc bug\u00fcne de\u011fin 50&#8217;ye yak\u0131n dile \u00e7evrilmi\u015ftir. \u0130nsan\u0131n \u00f6z\u00fcndeki ger\u00e7e\u011fi kadim bilgi ve gelenekler arac\u0131l\u0131\u011f\u0131yla aray\u0131\u015f\u0131n\u0131n anlat\u0131ld\u0131\u011f\u0131 Ola\u011fand\u0131\u015f\u0131 \u0130nsanlarla Kar\u015f\u0131la\u015fmalar ayn\u0131 adla 1979 y\u0131l\u0131nda Peter Brook taraf\u0131ndan filme uyarlanm\u0131\u015ft\u0131r. Yazar\u0131n gen\u00e7lik \u00e7a\u011f\u0131ndan ba\u015flay\u0131p yirmi y\u0131l s\u00fcren Anadolu, Orta Do\u011fu, Mezopotamya, M\u0131s\u0131r, Kafkaslar, Orta Asya, Hindistan ve Tibet\u2019in en bilinmeyen yerlerine yapt\u0131\u011f\u0131 yolculuklar\u0131n\u0131n ard\u0131ndan Avrupa ile Amerika\u2019da sona eren ser\u00fcvenlerini anlatt\u0131\u011f\u0131 bu ba\u015fyap\u0131t\u0131 T\u00fcrk\u00e7e\u2019ye eksiksiz olarak ilk kez Rus\u00e7a ve \u0130ngilizce as\u0131llar\u0131ndan kar\u015f\u0131la\u015ft\u0131r\u0131larak \u00e7evrilmi\u015ftir.Gurdjieff\u2019in halk ozan\u0131 babas\u0131, ilk \u00f6\u011fretmeni, \u00e7ocukluk arkada\u015f\u0131 bir kaptan, \u00e7okdilli S\u00fcryani bir sahaf, bir Rus prensi, Osmanl\u0131 hekimi bir pa\u015fa, bir arkeoloji profes\u00f6r\u00fc, m\u00fczik dehas\u0131 Polonyal\u0131 bir kad\u0131n, \u0130ranl\u0131 bir dervi\u015f, candostu k\u00f6pe\u011fi, K\u0131rg\u0131z bir ermi\u015f, bir maden m\u00fchendisi, Katolik bir ke\u015fi\u015f ve daha pek \u00e7ok ola\u011fand\u0131\u015f\u0131 ki\u015fiyle ya\u015fad\u0131\u011f\u0131 derin kar\u015f\u0131la\u015fmalar\u0131 anlatan bu ya\u015fam k\u0131lavuzu bizleri neden burada oldu\u011fumuzu, ne diledi\u011fimizi ve ne oldu\u011fumuzu anlay\u0131p anlamad\u0131\u011f\u0131m\u0131z\u0131 sorgulamaya \u00e7a\u011f\u0131r\u0131yor.\u201c\u00c7evremizdeki insanlar\u0131n neyi iyi neyi k\u00f6t\u00fc g\u00f6rd\u00fc\u011f\u00fcn\u00fc de\u011fil, vicdan\u0131m\u0131z\u0131n bize buyurdu\u011fu gibi ya\u015famay\u0131 \u00f6\u011frenmeliyiz.\u201d<\/p>\n","protected":false},"excerpt":{"rendered":"<p>Enstit\u00fcleri, kitaplar\u0131, m\u00fczikleri ve \u201ckutsal devinimler\u201d adl\u0131 koreografileriyle d\u00fcnya \u00e7ap\u0131nda tan\u0131nm\u0131\u015f gizemli bir filozof, mistik bir e\u011fitmen, ruhsal bir k\u0131lavuz ve besteci olan Gurdjieff&#8217;in \u00f6zya\u015fam\u00f6yk\u00fcs\u00fc bug\u00fcne<span class=\"excerpt-hellip\"> [\u2026]<\/span><\/p>\n","protected":false},"featured_media":0,"template":"","meta":{"_monsterinsights_skip_tracking":false,"_monsterinsights_sitenote_active":false,"_monsterinsights_sitenote_note":"","_monsterinsights_sitenote_category":0},"product_brand":[],"product_cat":[14009,12291],"product_tag":[],"class_list":{"0":"post-776885","1":"product","2":"type-product","3":"status-publish","5":"product_cat-biyografi-otobiyografi-edebiyat","6":"product_cat-edebiyat","7":"pa_cilt-ciltsiz","8":"pa_tur-kitap","9":"pa_yayinevi-kapi-yayinlari","10":"pa_yazar-g-i-gurdjieff","12":"first","13":"instock","14":"sale","15":"shipping-taxable","16":"purchasable","17":"product-type-simple"},"_links":{"self":[{"href":"https:\/\/roveyayinevi.com.tr\/index.php\/wp-json\/wp\/v2\/product\/776885","targetHints":{"allow":["GET"]}}],"collection":[{"href":"https:\/\/roveyayinevi.com.tr\/index.php\/wp-json\/wp\/v2\/product"}],"about":[{"href":"https:\/\/roveyayinevi.com.tr\/index.php\/wp-json\/wp\/v2\/types\/product"}],"wp:attachment":[{"href":"https:\/\/roveyayinevi.com.tr\/index.php\/wp-json\/wp\/v2\/media?parent=776885"}],"wp:term":[{"taxonomy":"product_brand","embeddable":true,"href":"https:\/\/roveyayinevi.com.tr\/index.php\/wp-json\/wp\/v2\/product_brand?post=776885"},{"taxonomy":"product_cat","embeddable":true,"href":"https:\/\/roveyayinevi.com.tr\/index.php\/wp-json\/wp\/v2\/product_cat?post=776885"},{"taxonomy":"product_tag","embeddable":true,"href":"https:\/\/roveyayinevi.com.tr\/index.php\/wp-json\/wp\/v2\/product_tag?post=776885"}],"curies":[{"name":"wp","href":"https:\/\/api.w.org\/{rel}","templated":true}]}}