{"id":776883,"date":"2025-10-06T00:24:48","date_gmt":"2025-10-05T21:24:48","guid":{"rendered":"https:\/\/roveyayinevi.com.tr\/index.php\/urun\/canavar-cizgi-roman-ciltli\/"},"modified":"2026-04-15T03:43:05","modified_gmt":"2026-04-15T00:43:05","slug":"canavar-cizgi-roman-ciltli","status":"publish","type":"product","link":"https:\/\/roveyayinevi.com.tr\/index.php\/urun\/canavar-cizgi-roman-ciltli\/","title":{"rendered":"Canavar (\u00c7izgi Roman &#8211; Ciltli)"},"content":{"rendered":"<p>CANAVARIN UYKUSU 32 ARALIK PAR\u0130S\u2019TE BULU\u015eMA D\u00d6RT? \u201c10 g\u00fcnl\u00fc\u011f\u00fcm, hat\u0131rl\u0131yorum\u2026 Gece g\u00f6ky\u00fcz\u00fcn\u00fc y\u0131rt\u0131p hastanenin \u00fczerine ya\u011fan korkun\u00e7 patlama ne bir havan mermisi, ne bir top mermisi ne de bir bombayd\u0131\u2026 Bu benim ilk f\u0131rt\u0131namdan bir g\u00f6k g\u00fcr\u00fclt\u00fcs\u00fcyd\u00fc. G\u00f6klerden gelen ve bana g\u00fcven veren insanlar\u0131n ate\u015finden \u00e7ok daha etkileyici bir \u00f6fke\u2026\u201d Canavar d\u00f6rtlemesi, \u00fc\u00e7 ayr\u0131 sesin i\u00e7 i\u00e7e ge\u00e7ti\u011fi bir anlat\u0131d\u0131r: Saraybosnal\u0131 yetimler Nike, Leyla ve Amir\u2019in sesleri\u2026 Zaman \u00e7izgisinde ge\u00e7mi\u015fle gelece\u011fi ve bug\u00fcn\u00fc birbirine ba\u011flayan, birbirine dolanan \u00fc\u00e7 anlat\u0131\u2026 Bu sesler, Yugoslavya\u2019n\u0131n par\u00e7alan\u0131\u015f\u0131n\u0131n haf\u0131zas\u0131n\u0131 ta\u015f\u0131r, Enki Bilal\u2019in do\u011fdu\u011fu topraklar\u0131n tan\u0131kl\u0131\u011f\u0131d\u0131r bu. Hem bireysel hem kolektif bir bellek, ayn\u0131 zamanda gelece\u011fe d\u00f6n\u00fck bir bak\u0131\u015f\u2026 Balkanlar\u2019dan yola \u00e7\u0131kan bu anlat\u0131, t\u00fcm d\u00fcnyaya yay\u0131lan bir aynaya d\u00f6n\u00fc\u015f\u00fcr.<\/p>\n","protected":false},"excerpt":{"rendered":"<p>CANAVARIN UYKUSU 32 ARALIK PAR\u0130S\u2019TE BULU\u015eMA D\u00d6RT? \u201c10 g\u00fcnl\u00fc\u011f\u00fcm, hat\u0131rl\u0131yorum\u2026 Gece g\u00f6ky\u00fcz\u00fcn\u00fc y\u0131rt\u0131p hastanenin \u00fczerine ya\u011fan korkun\u00e7 patlama ne bir havan mermisi, ne bir top mermisi<span class=\"excerpt-hellip\"> [\u2026]<\/span><\/p>\n","protected":false},"featured_media":0,"template":"","meta":{"_monsterinsights_skip_tracking":false,"_monsterinsights_sitenote_active":false,"_monsterinsights_sitenote_note":"","_monsterinsights_sitenote_category":0},"product_brand":[],"product_cat":[141304],"product_tag":[],"class_list":{"0":"post-776883","1":"product","2":"type-product","3":"status-publish","5":"product_cat-yeni-cikanlar","6":"pa_cilt-ciltli","7":"pa_tur-kitap","8":"pa_yayinevi-alfa-yayinlari","9":"pa_yazar-enki-bilal","11":"first","12":"instock","13":"sale","14":"shipping-taxable","15":"purchasable","16":"product-type-simple"},"_links":{"self":[{"href":"https:\/\/roveyayinevi.com.tr\/index.php\/wp-json\/wp\/v2\/product\/776883","targetHints":{"allow":["GET"]}}],"collection":[{"href":"https:\/\/roveyayinevi.com.tr\/index.php\/wp-json\/wp\/v2\/product"}],"about":[{"href":"https:\/\/roveyayinevi.com.tr\/index.php\/wp-json\/wp\/v2\/types\/product"}],"wp:attachment":[{"href":"https:\/\/roveyayinevi.com.tr\/index.php\/wp-json\/wp\/v2\/media?parent=776883"}],"wp:term":[{"taxonomy":"product_brand","embeddable":true,"href":"https:\/\/roveyayinevi.com.tr\/index.php\/wp-json\/wp\/v2\/product_brand?post=776883"},{"taxonomy":"product_cat","embeddable":true,"href":"https:\/\/roveyayinevi.com.tr\/index.php\/wp-json\/wp\/v2\/product_cat?post=776883"},{"taxonomy":"product_tag","embeddable":true,"href":"https:\/\/roveyayinevi.com.tr\/index.php\/wp-json\/wp\/v2\/product_tag?post=776883"}],"curies":[{"name":"wp","href":"https:\/\/api.w.org\/{rel}","templated":true}]}}