{"id":776881,"date":"2025-10-06T00:24:45","date_gmt":"2025-10-05T21:24:45","guid":{"rendered":"https:\/\/roveyayinevi.com.tr\/index.php\/urun\/antik-roma-eksiksiz-gorsel-tarih-ciltli\/"},"modified":"2025-11-12T12:06:37","modified_gmt":"2025-11-12T09:06:37","slug":"antik-roma-eksiksiz-gorsel-tarih-ciltli","status":"publish","type":"product","link":"https:\/\/roveyayinevi.com.tr\/index.php\/urun\/antik-roma-eksiksiz-gorsel-tarih-ciltli\/","title":{"rendered":"Antik Roma Eksiksiz G\u00f6rsel Tarih (Ciltli)"},"content":{"rendered":"<p>\u201cRoma\u2019n\u0131n k\u00f6klerinde, zaman\u0131n sisleri ard\u0131nda kalan k\u00fc\u00e7\u00fck ve m\u00fctevaz\u0131 bir ba\u015flang\u0131\u00e7 yatar. Ne var ki, y\u00fczy\u0131llar i\u00e7inde \u00f6yle bir g\u00f6rkeme ula\u015fm\u0131\u015ft\u0131r ki, art\u0131k kendi ihti\u015fam\u0131n\u0131n y\u00fck\u00fcn\u00fc dahi omuzlamakta zorlan\u0131r hale gelmi\u015ftir.\u201dLivius\u2019un Roma Tarihi, AB Urbe ConditaD\u00fcnyan\u0131n en g\u00fc\u00e7l\u00fc imparatorluklar\u0131ndan birine ait bu muhte\u015fem resimli rehberde, antik Roma\u2019n\u0131n ihti\u015fam\u0131n\u0131 ve modern uygarl\u0131k \u00fczerindeki kal\u0131c\u0131 etkisini ke\u015ffedin.1000 y\u0131l\u0131 a\u015fk\u0131n bir s\u00fcrenin \u00f6nemli olaylar\u0131n\u0131, siyasal \u00e7alkant\u0131lar\u0131n\u0131 ve askeri seferlerini kapsayan Antik Roma, karma\u015f\u0131k bir toplumun zengin \u00e7e\u015fitlili\u011fini ara\u015ft\u0131r\u0131yor. Muhte\u015fem foto\u011fraflar ve inan\u0131lmaz ayr\u0131nt\u0131l\u0131 canland\u0131rmalar sunan kitap, k\u00fclt\u00fcrel hazineleri ve zarif mimariyi sergiliyor ve gladyat\u00f6rlerden Galyal\u0131lara, imparatori\u00e7elerden politikac\u0131lara kadar Romal\u0131lar\u0131n ve fethettikleri halklar\u0131n hik\u00e2yelerini anlat\u0131yor.<\/p>\n","protected":false},"excerpt":{"rendered":"<p>\u201cRoma\u2019n\u0131n k\u00f6klerinde, zaman\u0131n sisleri ard\u0131nda kalan k\u00fc\u00e7\u00fck ve m\u00fctevaz\u0131 bir ba\u015flang\u0131\u00e7 yatar. Ne var ki, y\u00fczy\u0131llar i\u00e7inde \u00f6yle bir g\u00f6rkeme ula\u015fm\u0131\u015ft\u0131r ki, art\u0131k kendi ihti\u015fam\u0131n\u0131n y\u00fck\u00fcn\u00fc<span class=\"excerpt-hellip\"> [\u2026]<\/span><\/p>\n","protected":false},"featured_media":0,"template":"","meta":{"_monsterinsights_skip_tracking":false,"_monsterinsights_sitenote_active":false,"_monsterinsights_sitenote_note":"","_monsterinsights_sitenote_category":0},"product_brand":[],"product_cat":[141304],"product_tag":[],"class_list":{"0":"post-776881","1":"product","2":"type-product","3":"status-publish","5":"product_cat-yeni-cikanlar","6":"pa_cilt-ciltli","7":"pa_tur-kitap","8":"pa_yayinevi-alfa-yayinlari","9":"pa_yazar-kolektif","11":"first","12":"instock","13":"sale","14":"shipping-taxable","15":"purchasable","16":"product-type-simple"},"_links":{"self":[{"href":"https:\/\/roveyayinevi.com.tr\/index.php\/wp-json\/wp\/v2\/product\/776881","targetHints":{"allow":["GET"]}}],"collection":[{"href":"https:\/\/roveyayinevi.com.tr\/index.php\/wp-json\/wp\/v2\/product"}],"about":[{"href":"https:\/\/roveyayinevi.com.tr\/index.php\/wp-json\/wp\/v2\/types\/product"}],"wp:attachment":[{"href":"https:\/\/roveyayinevi.com.tr\/index.php\/wp-json\/wp\/v2\/media?parent=776881"}],"wp:term":[{"taxonomy":"product_brand","embeddable":true,"href":"https:\/\/roveyayinevi.com.tr\/index.php\/wp-json\/wp\/v2\/product_brand?post=776881"},{"taxonomy":"product_cat","embeddable":true,"href":"https:\/\/roveyayinevi.com.tr\/index.php\/wp-json\/wp\/v2\/product_cat?post=776881"},{"taxonomy":"product_tag","embeddable":true,"href":"https:\/\/roveyayinevi.com.tr\/index.php\/wp-json\/wp\/v2\/product_tag?post=776881"}],"curies":[{"name":"wp","href":"https:\/\/api.w.org\/{rel}","templated":true}]}}