{"id":776880,"date":"2025-10-06T00:24:42","date_gmt":"2025-10-05T21:24:42","guid":{"rendered":"https:\/\/roveyayinevi.com.tr\/index.php\/urun\/milli-gorus-ve-dava-adami\/"},"modified":"2026-04-15T03:43:05","modified_gmt":"2026-04-15T00:43:05","slug":"milli-gorus-ve-dava-adami","status":"publish","type":"product","link":"https:\/\/roveyayinevi.com.tr\/index.php\/urun\/milli-gorus-ve-dava-adami\/","title":{"rendered":"Milli G\u00f6r\u00fc\u015f ve Dava Adam\u0131"},"content":{"rendered":"<p>Mill\u00ee G\u00f6r\u00fc\u015f Hareketi siyonizmle m\u00fccadele etmek i\u00e7in kurulmu\u015ftur. Her d\u00f6nemde hak-bat\u0131l m\u00fccadelesi oldu\u011funu s\u00f6yleyen Necmettin Erbakan, her zamanda hakk\u0131n ve bat\u0131l\u0131n temsilcileri de\u011fi\u015fik isimlerde oldu\u011funu dile getirmi\u015ftir. Nas\u0131l ki, d\u00f6neminde Musa Aleyhisselam hakk\u0131n temsilcisi, Firavun da bat\u0131l\u0131n temsilci ise, \u0130brahim Aleyhisselam hakk\u0131n temsilcisi, Nemrut da bat\u0131l\u0131n temsilcisi ise, g\u00fcn\u00fcm\u00fczde de hakk\u0131n temsilcisi Mill\u00ee G\u00f6r\u00fc\u015f, bat\u0131l\u0131n d\u00f6nemsel temsilcisi de siyonizmdir. Merhum Erbakan, siyonizmle m\u00fccadelenin bireysel ibadetlerden daha \u00f6nemli oldu\u011funu her f\u0131rsatta dile getirmi\u015f, bu m\u00fccadelenin gerek s\u00f6ylem gerek eylem baz\u0131nda en b\u00fcy\u00fck ibadet oldu\u011funu ifade etmi\u015ftir. Bir M\u00fcsl\u00fcman\u0131n farz olan ibadetlerinin d\u0131\u015f\u0131nda kalan \u00f6mr\u00fcn\u00fc bu m\u00fccadeleye ay\u0131rmas\u0131 gerekti\u011fini alt\u0131n\u0131 \u00e7izerek her platformda dile getiren Erbakan, kendisi de 85 y\u0131ll\u0131k \u00f6mr\u00fcn\u00fc bu m\u00fccadele ile dolu dolu ge\u00e7irmi\u015ftir. Merhum Erbakan, bu y\u00fczdendir ki di\u011fer siyasi partilerle asla k\u0131s\u0131r \u00e7eki\u015fmelere girmemi\u015f, Mill\u00ee G\u00f6r\u00fc\u015f\u00fcn di\u011fer partilerin de\u011fil, kurulu olan bozuk sistemin alternatifi oldu\u011funu s\u00f6ylemi\u015ftir. <\/p>\n","protected":false},"excerpt":{"rendered":"<p>Mill\u00ee G\u00f6r\u00fc\u015f Hareketi siyonizmle m\u00fccadele etmek i\u00e7in kurulmu\u015ftur. Her d\u00f6nemde hak-bat\u0131l m\u00fccadelesi oldu\u011funu s\u00f6yleyen Necmettin Erbakan, her zamanda hakk\u0131n ve bat\u0131l\u0131n temsilcileri de\u011fi\u015fik isimlerde oldu\u011funu dile<span class=\"excerpt-hellip\"> [\u2026]<\/span><\/p>\n","protected":false},"featured_media":0,"template":"","meta":{"_monsterinsights_skip_tracking":false,"_monsterinsights_sitenote_active":false,"_monsterinsights_sitenote_note":"","_monsterinsights_sitenote_category":0},"product_brand":[],"product_cat":[12777,12291],"product_tag":[],"class_list":{"0":"post-776880","1":"product","2":"type-product","3":"status-publish","5":"product_cat-deneme","6":"product_cat-edebiyat","7":"pa_cilt-ciltsiz","8":"pa_tur-kitap","9":"pa_yayinevi-gulnar-yayinlari","10":"pa_yazar-bekir-aydin","12":"first","13":"instock","14":"sale","15":"shipping-taxable","16":"purchasable","17":"product-type-simple"},"_links":{"self":[{"href":"https:\/\/roveyayinevi.com.tr\/index.php\/wp-json\/wp\/v2\/product\/776880","targetHints":{"allow":["GET"]}}],"collection":[{"href":"https:\/\/roveyayinevi.com.tr\/index.php\/wp-json\/wp\/v2\/product"}],"about":[{"href":"https:\/\/roveyayinevi.com.tr\/index.php\/wp-json\/wp\/v2\/types\/product"}],"wp:attachment":[{"href":"https:\/\/roveyayinevi.com.tr\/index.php\/wp-json\/wp\/v2\/media?parent=776880"}],"wp:term":[{"taxonomy":"product_brand","embeddable":true,"href":"https:\/\/roveyayinevi.com.tr\/index.php\/wp-json\/wp\/v2\/product_brand?post=776880"},{"taxonomy":"product_cat","embeddable":true,"href":"https:\/\/roveyayinevi.com.tr\/index.php\/wp-json\/wp\/v2\/product_cat?post=776880"},{"taxonomy":"product_tag","embeddable":true,"href":"https:\/\/roveyayinevi.com.tr\/index.php\/wp-json\/wp\/v2\/product_tag?post=776880"}],"curies":[{"name":"wp","href":"https:\/\/api.w.org\/{rel}","templated":true}]}}