{"id":776879,"date":"2025-10-06T00:24:39","date_gmt":"2025-10-05T21:24:39","guid":{"rendered":"https:\/\/roveyayinevi.com.tr\/index.php\/urun\/milyon-dolarlik-yalan\/"},"modified":"2026-04-15T03:43:05","modified_gmt":"2026-04-15T00:43:05","slug":"milyon-dolarlik-yalan","status":"publish","type":"product","link":"https:\/\/roveyayinevi.com.tr\/index.php\/urun\/milyon-dolarlik-yalan\/","title":{"rendered":"Milyon Dolarl\u0131k Yalan"},"content":{"rendered":"<p>T\u00fcm mutlu sonlar beyaz atl\u0131 prensler i\u00e7in degildir Bazen k\u0131z\u0131 k\u00f6t\u00fc adam kazan\u0131r     Bir daha hi\u00e7bir \u015feyden korkmana gerek yok. \u00c7\u00fcnk\u00fc art\u0131k benimsin.   Callum McCord aile miras\u0131ndan men edilmemek i\u00e7in en k\u0131sa zamanda evlenmek zorundayd\u0131. G\u00f6z\u00fcne, iflas\u0131n e\u015fi\u011findeki bir kitap\u00e7\u0131y\u0131 i\u015fleten Emery\u2019yi kestirmi\u015fti. Gen\u00e7 kad\u0131n umutsuz durumda olsa da hi\u00e7 kolay lokma de\u011fildi ve ona ne sunarsa sunsun evlenme teklifini kabul etmemekte direniyordu. Ama Callum\u2019un bug\u00fcne dek istedi\u011fini alamad\u0131\u011f\u0131 olmam\u0131\u015ft\u0131. Ba\u015flang\u0131\u00e7ta basit bir anla\u015fma gibi g\u00f6r\u00fcnen bu evlilik ikili aras\u0131nda beklenmedik bir tutkuyu ate\u015fleyecek, Emery her ge\u00e7en g\u00fcn Callum\u2019un karanl\u0131k d\u00fcnyas\u0131na bir ad\u0131m daha yakla\u015facakt\u0131. Hayat\u0131na ans\u0131z\u0131n giren bu gizemli yabanc\u0131n\u0131n s\u0131rlar\u0131n\u0131 ayd\u0131nlatma cazibesi ise direnemeyece\u011fi kadar g\u00fc\u00e7l\u00fcyd\u00fc.   Ama Emery her s\u00f6z\u00fcn ard\u0131nda bir yalan, her dokunu\u015fun alt\u0131nda tutkulu bir tehdit yatt\u0131\u011f\u0131n\u0131 ke\u015ffetti\u011finde bu i\u015fe kalk\u0131\u015ft\u0131\u011f\u0131na pi\u015fman olacakt\u0131. Callum\u2019un iyilik timsali olmad\u0131\u011f\u0131n\u0131 en ba\u015f\u0131ndan beri biliyordu ama ukala milyoner maskesinin alt\u0131nda bulaca\u011f\u0131 ger\u00e7ek, en k\u00f6t\u00fc k\u00e2buslar\u0131ndan bile daha tehlikeliydi.  <\/p>\n","protected":false},"excerpt":{"rendered":"<p>T\u00fcm mutlu sonlar beyaz atl\u0131 prensler i\u00e7in degildir Bazen k\u0131z\u0131 k\u00f6t\u00fc adam kazan\u0131r Bir daha hi\u00e7bir \u015feyden korkmana gerek yok. \u00c7\u00fcnk\u00fc art\u0131k benimsin. Callum McCord aile<span class=\"excerpt-hellip\"> [\u2026]<\/span><\/p>\n","protected":false},"featured_media":0,"template":"","meta":{"_monsterinsights_skip_tracking":false,"_monsterinsights_sitenote_active":false,"_monsterinsights_sitenote_note":"","_monsterinsights_sitenote_category":0},"product_brand":[],"product_cat":[12291,12711],"product_tag":[],"class_list":{"0":"post-776879","1":"product","2":"type-product","3":"status-publish","5":"product_cat-edebiyat","6":"product_cat-roman-oyku","7":"pa_cilt-ciltsiz","8":"pa_tur-kitap","9":"pa_yayinevi-indigo-kitap","10":"pa_yazar-j-t-geissinger","12":"first","13":"instock","14":"sale","15":"shipping-taxable","16":"purchasable","17":"product-type-simple"},"_links":{"self":[{"href":"https:\/\/roveyayinevi.com.tr\/index.php\/wp-json\/wp\/v2\/product\/776879","targetHints":{"allow":["GET"]}}],"collection":[{"href":"https:\/\/roveyayinevi.com.tr\/index.php\/wp-json\/wp\/v2\/product"}],"about":[{"href":"https:\/\/roveyayinevi.com.tr\/index.php\/wp-json\/wp\/v2\/types\/product"}],"wp:attachment":[{"href":"https:\/\/roveyayinevi.com.tr\/index.php\/wp-json\/wp\/v2\/media?parent=776879"}],"wp:term":[{"taxonomy":"product_brand","embeddable":true,"href":"https:\/\/roveyayinevi.com.tr\/index.php\/wp-json\/wp\/v2\/product_brand?post=776879"},{"taxonomy":"product_cat","embeddable":true,"href":"https:\/\/roveyayinevi.com.tr\/index.php\/wp-json\/wp\/v2\/product_cat?post=776879"},{"taxonomy":"product_tag","embeddable":true,"href":"https:\/\/roveyayinevi.com.tr\/index.php\/wp-json\/wp\/v2\/product_tag?post=776879"}],"curies":[{"name":"wp","href":"https:\/\/api.w.org\/{rel}","templated":true}]}}