{"id":776876,"date":"2025-10-06T00:24:32","date_gmt":"2025-10-05T21:24:32","guid":{"rendered":"https:\/\/roveyayinevi.com.tr\/index.php\/urun\/benim-guzel-bebek-evim-boyama-cikartma-ve-yeni-kelimelerle-dolu-bir-oyun-evi-6-sayfa-cikartmasiyla\/"},"modified":"2026-04-15T03:43:05","modified_gmt":"2026-04-15T00:43:05","slug":"benim-guzel-bebek-evim-boyama-cikartma-ve-yeni-kelimelerle-dolu-bir-oyun-evi-6-sayfa-cikartmasiyla","status":"publish","type":"product","link":"https:\/\/roveyayinevi.com.tr\/index.php\/urun\/benim-guzel-bebek-evim-boyama-cikartma-ve-yeni-kelimelerle-dolu-bir-oyun-evi-6-sayfa-cikartmasiyla\/","title":{"rendered":"Benim G\u00fczel Bebek Evim \u2013 Boyama, \u00c7\u0131kartma ve Yeni Kelimelerle Dolu Bir Oyun Evi (6 sayfa \u00e7\u0131kartmas\u0131yla)"},"content":{"rendered":"<p>Benim G\u00fczel Bebek Evim Boyama, \u00c7\u0131kartma ve Yeni Kelimelerle Dolu Bir Oyun Evi  (6 sayfa \u00e7\u0131kartmas\u0131yla)     Merhaba, ben Beyza. G\u00fczel bebek evime ho\u015f geldin!   Oyuncak bebek Beyza\u2019ya bebek evinde e\u015flik et ve yeni kelimeler \u00f6\u011fren! Sanatsal becerilerini ortaya \u00e7\u0131kar ve ne\u015feli yerleri canl\u0131 renklerle boya. \u00c7\u0131kartmalar\u0131 da yap\u0131\u015ft\u0131rarak e\u011flenceni ikiye katla! <\/p>\n","protected":false},"excerpt":{"rendered":"<p>Benim G\u00fczel Bebek Evim Boyama, \u00c7\u0131kartma ve Yeni Kelimelerle Dolu Bir Oyun Evi (6 sayfa \u00e7\u0131kartmas\u0131yla) Merhaba, ben Beyza. G\u00fczel bebek evime ho\u015f geldin! Oyuncak bebek<span class=\"excerpt-hellip\"> [\u2026]<\/span><\/p>\n","protected":false},"featured_media":0,"template":"","meta":{"_monsterinsights_skip_tracking":false,"_monsterinsights_sitenote_active":false,"_monsterinsights_sitenote_note":"","_monsterinsights_sitenote_category":0},"product_brand":[],"product_cat":[12554,12274],"product_tag":[],"class_list":{"0":"post-776876","1":"product","2":"type-product","3":"status-publish","5":"product_cat-cikartmali-kitaplar","6":"product_cat-cocuk-ve-genclik-kitaplari","7":"pa_cilt-ciltsiz","8":"pa_tur-kitap","9":"pa_yayinevi-indigo-cocuk","10":"pa_yazar-kolektif","12":"first","13":"instock","14":"sale","15":"shipping-taxable","16":"purchasable","17":"product-type-simple"},"_links":{"self":[{"href":"https:\/\/roveyayinevi.com.tr\/index.php\/wp-json\/wp\/v2\/product\/776876","targetHints":{"allow":["GET"]}}],"collection":[{"href":"https:\/\/roveyayinevi.com.tr\/index.php\/wp-json\/wp\/v2\/product"}],"about":[{"href":"https:\/\/roveyayinevi.com.tr\/index.php\/wp-json\/wp\/v2\/types\/product"}],"wp:attachment":[{"href":"https:\/\/roveyayinevi.com.tr\/index.php\/wp-json\/wp\/v2\/media?parent=776876"}],"wp:term":[{"taxonomy":"product_brand","embeddable":true,"href":"https:\/\/roveyayinevi.com.tr\/index.php\/wp-json\/wp\/v2\/product_brand?post=776876"},{"taxonomy":"product_cat","embeddable":true,"href":"https:\/\/roveyayinevi.com.tr\/index.php\/wp-json\/wp\/v2\/product_cat?post=776876"},{"taxonomy":"product_tag","embeddable":true,"href":"https:\/\/roveyayinevi.com.tr\/index.php\/wp-json\/wp\/v2\/product_tag?post=776876"}],"curies":[{"name":"wp","href":"https:\/\/api.w.org\/{rel}","templated":true}]}}