{"id":776874,"date":"2025-10-06T00:24:30","date_gmt":"2025-10-05T21:24:30","guid":{"rendered":"https:\/\/roveyayinevi.com.tr\/index.php\/urun\/kanserle-mucadelenizde-dizginleri-ele-alin\/"},"modified":"2026-04-15T03:43:04","modified_gmt":"2026-04-15T00:43:04","slug":"kanserle-mucadelenizde-dizginleri-ele-alin","status":"publish","type":"product","link":"https:\/\/roveyayinevi.com.tr\/index.php\/urun\/kanserle-mucadelenizde-dizginleri-ele-alin\/","title":{"rendered":"Kanserle M\u00fccadelenizde Dizginleri Ele Al\u0131n"},"content":{"rendered":"<p>Bilimsel yard\u0131m ara\u00e7lar\u0131 ve re\u00e7eteli t\u0131bbi bak\u0131m\u0131n bir kar\u0131\u015f\u0131m\u0131 olan b\u00fct\u00fcnsel terapilerle kanserle daha g\u00fc\u00e7l\u00fc m\u00fccadele edin.   Kendileri de kanserle y\u00fczle\u015fmek zorunda kalm\u0131\u015f, Amerika\u2019n\u0131n en g\u00fcvenilir t\u0131p uzmanlar\u0131ndan Dr. William Sears ve e\u015fi Uzman Hem\u015fire Martha\u2019dan Kanserle M\u00fccadelenizde Dizginleri Ele Al\u0131n hem bu rahats\u0131zl\u0131ktan m\u00fcstaripler hem de sa\u011fl\u0131kl\u0131 ya\u015famak isteyenler i\u00e7in detayl\u0131, g\u00fcvenilir ve kan\u0131tl\u0131 bir yol haritas\u0131. Kanser sizi g\u00fc\u00e7s\u00fcz hissettirebilir. Hayatta kalma oran\u0131 istatistikleri ki\u015fiyi \u00e7aresiz ve korku i\u00e7inde b\u0131rakabilir.   Ama siz bir insans\u0131n\u0131z, oran de\u011fil. Ve g\u00fc\u00e7s\u00fcz de\u011filsiniz.   Kanserle M\u00fccadelenizde Dizginleri Ele Al\u0131n\u2019da Dr. William ve Uzman Hem\u015fire Martha kanserden kurtulma yolculu\u011funuzda edilgen bir hastadan faal bir orta\u011fa nas\u0131l d\u00f6n\u00fc\u015febilece\u011finizi \u00f6\u011fretiyor. Bu kitapta hem kanserinizle ilgilenen sa\u011fl\u0131k g\u00f6revlileriyle hem de kendi ba\u015f\u0131n\u0131za, bu hastal\u0131kla sava\u015f\u0131rken sadece \u015fans\u0131n\u0131z\u0131 art\u0131rmak de\u011fil, ard\u0131ndan g\u00fczel  bir hayat ya\u015famak i\u00e7in takip edebilece\u011finiz ad\u0131mlar\u0131 detayl\u0131 bi\u00e7imde bulabileceksiniz.   Kanserle M\u00fccadelenizde Dizginleri Ele Al\u0131n, ill\u00fcstrasyonlar\u0131, tecr\u00fcbeyle yo\u011frulmu\u015f tavsiyeleri, bilim temelli y\u00f6ntemleri, meme, kolon, akci\u011fer ve beyin kanserleri \u00fczerine \u00f6zel b\u00f6l\u00fcmleriyle bu alandaki en yetkin k\u0131lavuz kitaplardan biri. <\/p>\n","protected":false},"excerpt":{"rendered":"<p>Bilimsel yard\u0131m ara\u00e7lar\u0131 ve re\u00e7eteli t\u0131bbi bak\u0131m\u0131n bir kar\u0131\u015f\u0131m\u0131 olan b\u00fct\u00fcnsel terapilerle kanserle daha g\u00fc\u00e7l\u00fc m\u00fccadele edin. Kendileri de kanserle y\u00fczle\u015fmek zorunda kalm\u0131\u015f, Amerika\u2019n\u0131n en g\u00fcvenilir<span class=\"excerpt-hellip\"> [\u2026]<\/span><\/p>\n","protected":false},"featured_media":0,"template":"","meta":{"_monsterinsights_skip_tracking":false,"_monsterinsights_sitenote_active":false,"_monsterinsights_sitenote_note":"","_monsterinsights_sitenote_category":0},"product_brand":[],"product_cat":[13365],"product_tag":[],"class_list":{"0":"post-776874","1":"product","2":"type-product","3":"status-publish","5":"product_cat-saglik","6":"pa_cilt-ciltsiz","7":"pa_tur-kitap","8":"pa_yayinevi-nepal-kitap","9":"pa_yazar-williams-sears-martha-sears","11":"first","12":"instock","13":"sale","14":"shipping-taxable","15":"purchasable","16":"product-type-simple"},"_links":{"self":[{"href":"https:\/\/roveyayinevi.com.tr\/index.php\/wp-json\/wp\/v2\/product\/776874","targetHints":{"allow":["GET"]}}],"collection":[{"href":"https:\/\/roveyayinevi.com.tr\/index.php\/wp-json\/wp\/v2\/product"}],"about":[{"href":"https:\/\/roveyayinevi.com.tr\/index.php\/wp-json\/wp\/v2\/types\/product"}],"wp:attachment":[{"href":"https:\/\/roveyayinevi.com.tr\/index.php\/wp-json\/wp\/v2\/media?parent=776874"}],"wp:term":[{"taxonomy":"product_brand","embeddable":true,"href":"https:\/\/roveyayinevi.com.tr\/index.php\/wp-json\/wp\/v2\/product_brand?post=776874"},{"taxonomy":"product_cat","embeddable":true,"href":"https:\/\/roveyayinevi.com.tr\/index.php\/wp-json\/wp\/v2\/product_cat?post=776874"},{"taxonomy":"product_tag","embeddable":true,"href":"https:\/\/roveyayinevi.com.tr\/index.php\/wp-json\/wp\/v2\/product_tag?post=776874"}],"curies":[{"name":"wp","href":"https:\/\/api.w.org\/{rel}","templated":true}]}}