{"id":776873,"date":"2025-10-06T00:24:27","date_gmt":"2025-10-05T21:24:27","guid":{"rendered":"https:\/\/roveyayinevi.com.tr\/index.php\/urun\/aylardan-kasim-gunlerden-persembe\/"},"modified":"2026-04-15T03:43:04","modified_gmt":"2026-04-15T00:43:04","slug":"aylardan-kasim-gunlerden-persembe","status":"publish","type":"product","link":"https:\/\/roveyayinevi.com.tr\/index.php\/urun\/aylardan-kasim-gunlerden-persembe\/","title":{"rendered":"Aylardan Kas\u0131m G\u00fcnlerden Per\u015fembe"},"content":{"rendered":"<p>Bu kitapta okuyacaklar\u0131n\u0131z\u0131, O\u2019nun hakk\u0131nda yaz\u0131lm\u0131\u015f pek \u00e7ok kitab\u0131 okuyup inceleyerek edindi\u011fim birikimi yu\u0308re\u011fimdeki Atatu\u0308rk sevgisiyle harmanlayarak yazd\u0131m. \u0130stedim ki okurlar\u0131m\u0131 bu kitapta \u0130yi Asker ve Kurucu Devlet Adam\u0131 Atatu\u0308rk\u2019u\u0308n de\u011fil, \u00e7ocuk Mustafa\u2019n\u0131n, delikanl\u0131 Mustafa Kemal\u2019in, dost, \u00e2\u015f\u0131k, evli, bo\u015fanm\u0131\u015f ve en sonunda hasta ama her dem yaln\u0131z bir adam\u0131n i\u00e7 du\u0308nyas\u0131na g\u00f6tu\u0308reyim. Hatalar\u0131m olduysa O, beni kocaman yu\u0308re\u011fiyle umar\u0131m ba\u011f\u0131\u015flar. -Ay\u015fe Kulin    <\/p>\n","protected":false},"excerpt":{"rendered":"<p>Bu kitapta okuyacaklar\u0131n\u0131z\u0131, O\u2019nun hakk\u0131nda yaz\u0131lm\u0131\u015f pek \u00e7ok kitab\u0131 okuyup inceleyerek edindi\u011fim birikimi yu\u0308re\u011fimdeki Atatu\u0308rk sevgisiyle harmanlayarak yazd\u0131m. \u0130stedim ki okurlar\u0131m\u0131 bu kitapta \u0130yi Asker ve<span class=\"excerpt-hellip\"> [\u2026]<\/span><\/p>\n","protected":false},"featured_media":0,"template":"","meta":{"_monsterinsights_skip_tracking":false,"_monsterinsights_sitenote_active":false,"_monsterinsights_sitenote_note":"","_monsterinsights_sitenote_category":0},"product_brand":[],"product_cat":[12291,12711],"product_tag":[],"class_list":{"0":"post-776873","1":"product","2":"type-product","3":"status-publish","5":"product_cat-edebiyat","6":"product_cat-roman-oyku","7":"pa_cilt-ciltsiz","8":"pa_tur-kitap","9":"pa_yayinevi-everest-yayinlari","10":"pa_yazar-ayse-kulin","12":"first","13":"instock","14":"sale","15":"shipping-taxable","16":"purchasable","17":"product-type-simple"},"_links":{"self":[{"href":"https:\/\/roveyayinevi.com.tr\/index.php\/wp-json\/wp\/v2\/product\/776873","targetHints":{"allow":["GET"]}}],"collection":[{"href":"https:\/\/roveyayinevi.com.tr\/index.php\/wp-json\/wp\/v2\/product"}],"about":[{"href":"https:\/\/roveyayinevi.com.tr\/index.php\/wp-json\/wp\/v2\/types\/product"}],"wp:attachment":[{"href":"https:\/\/roveyayinevi.com.tr\/index.php\/wp-json\/wp\/v2\/media?parent=776873"}],"wp:term":[{"taxonomy":"product_brand","embeddable":true,"href":"https:\/\/roveyayinevi.com.tr\/index.php\/wp-json\/wp\/v2\/product_brand?post=776873"},{"taxonomy":"product_cat","embeddable":true,"href":"https:\/\/roveyayinevi.com.tr\/index.php\/wp-json\/wp\/v2\/product_cat?post=776873"},{"taxonomy":"product_tag","embeddable":true,"href":"https:\/\/roveyayinevi.com.tr\/index.php\/wp-json\/wp\/v2\/product_tag?post=776873"}],"curies":[{"name":"wp","href":"https:\/\/api.w.org\/{rel}","templated":true}]}}