{"id":776872,"date":"2025-10-06T00:24:26","date_gmt":"2025-10-05T21:24:26","guid":{"rendered":"https:\/\/roveyayinevi.com.tr\/index.php\/urun\/butunsel-saglik-ve-guzellik\/"},"modified":"2026-04-15T03:43:04","modified_gmt":"2026-04-15T00:43:04","slug":"butunsel-saglik-ve-guzellik","status":"publish","type":"product","link":"https:\/\/roveyayinevi.com.tr\/index.php\/urun\/butunsel-saglik-ve-guzellik\/","title":{"rendered":"B\u00fct\u00fcnsel Sa\u011fl\u0131k ve G\u00fczellik"},"content":{"rendered":"<p>Nermin Akkaya, Denizli\u2019de do\u011fdu. Sa\u011fl\u0131k alan\u0131ndaki yolculu\u011fu Denizli Sa\u011fl\u0131k Meslek Lisesin`den \u2018\u2019Ebe\u2019\u2019 \u00fcnvan\u0131 alarak ba\u015flam\u0131\u015ft\u0131r. Mezuniyetin ard\u0131ndan \u0130stanbul\u2019a atanarak meslek hayat\u0131na ad\u0131m atan Akkaya, \u00e7al\u0131\u015fma hayat\u0131 boyunca e\u011fitimini s\u00fcrd\u00fcrm\u00fc\u015f; Anadolu \u00dcniversitesi Laborant ve Veteriner Sa\u011fl\u0131k \u00d6nlisans program\u0131n\u0131 tamamlayarak \u2018\u2019Tekniker\u2019\u2019 \u00fcnvan\u0131 alm\u0131\u0131\u015ft\u0131r. Ard\u0131ndan Atat\u00fcrk \u00dcniversitesi Sa\u011fl\u0131k Y\u00f6netimi Lisans program\u0131n\u0131 daha sonra Anadolu \u00dcniversitesi T\u00fcrk Dili ve Edebiyat\u0131 Lisans program\u0131n\u0131 bitirmi\u015ftir. B\u00f6ylece hem sa\u011fl\u0131k alan\u0131nda bilgisini derinle\u015ftirmi\u015f hem de edebiyat yolculu\u011funa g\u00fc\u00e7l\u00fc bir ad\u0131m atm\u0131\u015ft\u0131r. 2002 y\u0131l\u0131nda Hacettepe \u00dcniversitesi Stratejik Sa\u011fl\u0131k Kurulu\u015flar\u0131 Y\u00f6netimi Sertifikal\u0131 E\u011fitim Program\u0131\u2019n\u0131 ba\u015far\u0131 ile tamamlam\u0131\u015f, 2010 ve 2019 y\u0131llar\u0131nda \u0130stanbul Valili\u011fi \u0130stanbul Sa\u011fl\u0131k M\u00fcd\u00fcrl\u00fc\u011f\u00fc\u2019nden Te\u015fekk\u00fcr Belgeleri alm\u0131\u015ft\u0131r. 2017 y\u0131l\u0131nda Anadolu \u00dcniversitesi \u0130leti\u015fim Becerileri Sertifika Program\u0131n\u0131 bitirmi\u015ftir. 2018\u2019de ise Sa\u011fl\u0131k Bakanl\u0131\u011f\u0131 Halk Sa\u011fl\u0131\u011f\u0131 Genel M\u00fcd\u00fcrl\u00fc\u011f\u00fc\u2019nden Dezenfeksiyon Antisepsi Sterilizasyon Sertifikas\u0131 alm\u0131\u015ft\u0131r. Akademik \u00c7al\u0131\u015fmalar\u0131: &#8211; Ameliyathanede Kirli Vakalara Yakla\u015f\u0131m\u0131m\u0131z Nas\u0131l olmal\u0131d\u0131r? &#8211; Disposable Malzemelerin Hastanemizde Kullan\u0131m S\u0131kl\u0131\u011f\u0131 T\u00fcrk Kalp Damar Cerrahisi Derne\u011fi 7. Ulusal Kongre \u00d6zet Kitab\u0131\u2019nda (23-27 Ekim 2002) yay\u0131mlanm\u0131\u015ft\u0131r. Edebi \u00c7al\u0131\u015fmalar\u0131: \u015eiir ve hik\u00e2ye kitaplar\u0131 bulunmaktad\u0131r. \u0130lk eseri Aldatan Renk \u015fiir kitab\u0131, ikinci eseri ger\u00e7ek hayat hik\u00e2yelerinden olu\u015fan COV\u0130D XIX adl\u0131 kitapt\u0131r. Sa\u011fl\u0131kla edebiyat\u0131 birle\u015ftiren Akkaya, mesleki birikimini insan hik\u00e2yeleriyle harmanlayarak hem bilimsel hem de edebi d\u00fcnyaya katk\u0131 sunmaya devam etmektedir.<\/p>\n","protected":false},"excerpt":{"rendered":"<p>Nermin Akkaya, Denizli\u2019de do\u011fdu. Sa\u011fl\u0131k alan\u0131ndaki yolculu\u011fu Denizli Sa\u011fl\u0131k Meslek Lisesin`den \u2018\u2019Ebe\u2019\u2019 \u00fcnvan\u0131 alarak ba\u015flam\u0131\u015ft\u0131r. Mezuniyetin ard\u0131ndan \u0130stanbul\u2019a atanarak meslek hayat\u0131na ad\u0131m atan Akkaya, \u00e7al\u0131\u015fma hayat\u0131<span class=\"excerpt-hellip\"> [\u2026]<\/span><\/p>\n","protected":false},"featured_media":0,"template":"","meta":{"_monsterinsights_skip_tracking":false,"_monsterinsights_sitenote_active":false,"_monsterinsights_sitenote_note":"","_monsterinsights_sitenote_category":0},"product_brand":[],"product_cat":[13366,13365],"product_tag":[],"class_list":{"0":"post-776872","1":"product","2":"type-product","3":"status-publish","5":"product_cat-diger-saglik","6":"product_cat-saglik","7":"pa_cilt-ciltsiz","8":"pa_tur-kitap","9":"pa_yayinevi-luna-yayinlari","10":"pa_yazar-nermin-akkaya","12":"first","13":"instock","14":"sale","15":"shipping-taxable","16":"purchasable","17":"product-type-simple"},"_links":{"self":[{"href":"https:\/\/roveyayinevi.com.tr\/index.php\/wp-json\/wp\/v2\/product\/776872","targetHints":{"allow":["GET"]}}],"collection":[{"href":"https:\/\/roveyayinevi.com.tr\/index.php\/wp-json\/wp\/v2\/product"}],"about":[{"href":"https:\/\/roveyayinevi.com.tr\/index.php\/wp-json\/wp\/v2\/types\/product"}],"wp:attachment":[{"href":"https:\/\/roveyayinevi.com.tr\/index.php\/wp-json\/wp\/v2\/media?parent=776872"}],"wp:term":[{"taxonomy":"product_brand","embeddable":true,"href":"https:\/\/roveyayinevi.com.tr\/index.php\/wp-json\/wp\/v2\/product_brand?post=776872"},{"taxonomy":"product_cat","embeddable":true,"href":"https:\/\/roveyayinevi.com.tr\/index.php\/wp-json\/wp\/v2\/product_cat?post=776872"},{"taxonomy":"product_tag","embeddable":true,"href":"https:\/\/roveyayinevi.com.tr\/index.php\/wp-json\/wp\/v2\/product_tag?post=776872"}],"curies":[{"name":"wp","href":"https:\/\/api.w.org\/{rel}","templated":true}]}}