{"id":776869,"date":"2025-10-06T00:24:20","date_gmt":"2025-10-05T21:24:20","guid":{"rendered":"https:\/\/roveyayinevi.com.tr\/index.php\/urun\/fitrat-pedagojisi-2-peygamberlerin-cocuk-egitimi-me-totlari\/"},"modified":"2026-04-15T03:43:04","modified_gmt":"2026-04-15T00:43:04","slug":"fitrat-pedagojisi-2-peygamberlerin-cocuk-egitimi-me-totlari","status":"publish","type":"product","link":"https:\/\/roveyayinevi.com.tr\/index.php\/urun\/fitrat-pedagojisi-2-peygamberlerin-cocuk-egitimi-me-totlari\/","title":{"rendered":"F\u0131trat Pedagojisi-2 \/ Peygamberlerin \u00c7ocuk E\u011fitimi Me-totlar\u0131"},"content":{"rendered":"<p>Tu\u0308rkiye\u2019de ilk! Hz. \u00c2dem\u2019den Hz. Muhammed\u2019e, Kur\u2019an\u2019da ad\u0131 ge\u00e7en peygamberlerin \u00e7ocuk e\u011fitim metotlar\u0131 anlat\u0131l\u0131yor! \u015eimdiye kadar O\u2019nlar\u0131n hayatlar\u0131n\u0131 \u2018ge\u00e7mi\u015fin hik\u00e2yeleri\u2019 g\u00f6zu\u0308yle okuduk. Mucizeleri mercek alt\u0131na al\u0131p, insanu\u0308stu\u0308 \u00f6zellikler atfettik. Oysa her biri bizlere \u00f6rnek olarak se\u00e7ilmi\u015f; birer e\u015f, baba, arkada\u015f, karde\u015f modeliydi\u2026 Bu kitapta peygamberlerin \u00e7ocuk e\u011fitimi metotlar\u0131, pedagoji bilimi \u0131\u015f\u0131\u011f\u0131nda, anne-babalara k\u0131lavuz olmas\u0131 i\u00e7in yaz\u0131ld\u0131. Hatice Ku\u0308bra Tongar, F\u0131trat Pedagojisi Serisi\u2019nin ikinci kitab\u0131nda hepimizin akl\u0131ndaki sorular\u0131 yan\u0131tl\u0131yor: \u2022 \u00c7ocuk e\u011fitimi nerede ve nas\u0131l ba\u015flar? \u2022 \u00d6z gu\u0308venli \u00e7ocuk yeti\u015ftirmenin yollar\u0131 nelerdir? \u2022 \u00c7ocuk sevildi\u011fini nas\u0131l hisseder? \u2022 Cinsiyete g\u00f6re sayg\u0131nl\u0131k e\u011fitimi nas\u0131l verilir? \u2022 \u00c7ocuk e\u011fitiminde anne ve baban\u0131n rol dengesi nas\u0131l olmal\u0131d\u0131r? Hepsi ve daha fazlas\u0131 bu kitab\u0131n sat\u0131rlar\u0131nda&#8230; <\/p>\n","protected":false},"excerpt":{"rendered":"<p>Tu\u0308rkiye\u2019de ilk! Hz. \u00c2dem\u2019den Hz. Muhammed\u2019e, Kur\u2019an\u2019da ad\u0131 ge\u00e7en peygamberlerin \u00e7ocuk e\u011fitim metotlar\u0131 anlat\u0131l\u0131yor! \u015eimdiye kadar O\u2019nlar\u0131n hayatlar\u0131n\u0131 \u2018ge\u00e7mi\u015fin hik\u00e2yeleri\u2019 g\u00f6zu\u0308yle okuduk. Mucizeleri mercek alt\u0131na al\u0131p,<span class=\"excerpt-hellip\"> [\u2026]<\/span><\/p>\n","protected":false},"featured_media":0,"template":"","meta":{"_monsterinsights_skip_tracking":false,"_monsterinsights_sitenote_active":false,"_monsterinsights_sitenote_note":"","_monsterinsights_sitenote_category":0},"product_brand":[],"product_cat":[12357],"product_tag":[],"class_list":{"0":"post-776869","1":"product","2":"type-product","3":"status-publish","5":"product_cat-psikoloji","6":"pa_cilt-ciltsiz","7":"pa_tur-kitap","8":"pa_yayinevi-aile-yayinlari","9":"pa_yazar-hatice-kubra-tongar","11":"first","12":"instock","13":"sale","14":"shipping-taxable","15":"purchasable","16":"product-type-simple"},"_links":{"self":[{"href":"https:\/\/roveyayinevi.com.tr\/index.php\/wp-json\/wp\/v2\/product\/776869","targetHints":{"allow":["GET"]}}],"collection":[{"href":"https:\/\/roveyayinevi.com.tr\/index.php\/wp-json\/wp\/v2\/product"}],"about":[{"href":"https:\/\/roveyayinevi.com.tr\/index.php\/wp-json\/wp\/v2\/types\/product"}],"wp:attachment":[{"href":"https:\/\/roveyayinevi.com.tr\/index.php\/wp-json\/wp\/v2\/media?parent=776869"}],"wp:term":[{"taxonomy":"product_brand","embeddable":true,"href":"https:\/\/roveyayinevi.com.tr\/index.php\/wp-json\/wp\/v2\/product_brand?post=776869"},{"taxonomy":"product_cat","embeddable":true,"href":"https:\/\/roveyayinevi.com.tr\/index.php\/wp-json\/wp\/v2\/product_cat?post=776869"},{"taxonomy":"product_tag","embeddable":true,"href":"https:\/\/roveyayinevi.com.tr\/index.php\/wp-json\/wp\/v2\/product_tag?post=776869"}],"curies":[{"name":"wp","href":"https:\/\/api.w.org\/{rel}","templated":true}]}}