{"id":776867,"date":"2025-10-06T00:24:16","date_gmt":"2025-10-05T21:24:16","guid":{"rendered":"https:\/\/roveyayinevi.com.tr\/index.php\/urun\/efsaneler-ulkesi-cine-yolculuk-2\/"},"modified":"2026-04-15T03:43:04","modified_gmt":"2026-04-15T00:43:04","slug":"efsaneler-ulkesi-cine-yolculuk-2","status":"publish","type":"product","link":"https:\/\/roveyayinevi.com.tr\/index.php\/urun\/efsaneler-ulkesi-cine-yolculuk-2\/","title":{"rendered":"Efsaneler \u00dclkesi \u00c7in\u2019e Yolculuk"},"content":{"rendered":"<p>Sevgili okuyucular\u0131m! Haz\u0131r olun. Hep birlikte efsaneler \u00fclkesi \u00c7in\u2019e gidiyoruz. G\u00fclten Day\u0131o\u011flu yo\u011fun duygularla dolup ta\u015ft\u0131\u011f\u0131, g\u00f6rkemli \u00c7in gezisine \u00e7a\u011f\u0131r\u0131yor okuru. Devasa g\u00f6kdelenler, dillere destan \u00c7in saraylar\u0131, s\u0131rlarla dolu Yasak \u015eehir, etkileyici terracotta ordusu, Buda heykelleri, 1200 y\u0131ll\u0131k cami\u2026 Yazar\u0131m\u0131z \u00f6yle canl\u0131 betimliyor ki bu ser\u00fcveni, \u00c7in Seddi \u00fczerinde y\u00fcr\u00fcrken adeta r\u00fczg\u00e2r\u0131 y\u00fcz\u00fcn\u00fczde hissediyorsunuz. <\/p>\n","protected":false},"excerpt":{"rendered":"<p>Sevgili okuyucular\u0131m! Haz\u0131r olun. Hep birlikte efsaneler \u00fclkesi \u00c7in\u2019e gidiyoruz. G\u00fclten Day\u0131o\u011flu yo\u011fun duygularla dolup ta\u015ft\u0131\u011f\u0131, g\u00f6rkemli \u00c7in gezisine \u00e7a\u011f\u0131r\u0131yor okuru. Devasa g\u00f6kdelenler, dillere destan \u00c7in<span class=\"excerpt-hellip\"> [\u2026]<\/span><\/p>\n","protected":false},"featured_media":0,"template":"","meta":{"_monsterinsights_skip_tracking":false,"_monsterinsights_sitenote_active":false,"_monsterinsights_sitenote_note":"","_monsterinsights_sitenote_category":0},"product_brand":[],"product_cat":[12274,12284],"product_tag":[],"class_list":{"0":"post-776867","1":"product","2":"type-product","3":"status-publish","5":"product_cat-cocuk-ve-genclik-kitaplari","6":"product_cat-hikayeler","7":"pa_cilt-ciltsiz","8":"pa_tur-kitap","9":"pa_yayinevi-yapi-kredi-yayinlari","10":"pa_yazar-gulten-dayioglu","12":"first","13":"instock","14":"sale","15":"shipping-taxable","16":"purchasable","17":"product-type-simple"},"_links":{"self":[{"href":"https:\/\/roveyayinevi.com.tr\/index.php\/wp-json\/wp\/v2\/product\/776867","targetHints":{"allow":["GET"]}}],"collection":[{"href":"https:\/\/roveyayinevi.com.tr\/index.php\/wp-json\/wp\/v2\/product"}],"about":[{"href":"https:\/\/roveyayinevi.com.tr\/index.php\/wp-json\/wp\/v2\/types\/product"}],"wp:attachment":[{"href":"https:\/\/roveyayinevi.com.tr\/index.php\/wp-json\/wp\/v2\/media?parent=776867"}],"wp:term":[{"taxonomy":"product_brand","embeddable":true,"href":"https:\/\/roveyayinevi.com.tr\/index.php\/wp-json\/wp\/v2\/product_brand?post=776867"},{"taxonomy":"product_cat","embeddable":true,"href":"https:\/\/roveyayinevi.com.tr\/index.php\/wp-json\/wp\/v2\/product_cat?post=776867"},{"taxonomy":"product_tag","embeddable":true,"href":"https:\/\/roveyayinevi.com.tr\/index.php\/wp-json\/wp\/v2\/product_tag?post=776867"}],"curies":[{"name":"wp","href":"https:\/\/api.w.org\/{rel}","templated":true}]}}