{"id":776862,"date":"2025-10-06T00:24:05","date_gmt":"2025-10-05T21:24:05","guid":{"rendered":"https:\/\/roveyayinevi.com.tr\/index.php\/urun\/o-yaz-gunleri-2\/"},"modified":"2026-04-15T03:43:03","modified_gmt":"2026-04-15T00:43:03","slug":"o-yaz-gunleri-2","status":"publish","type":"product","link":"https:\/\/roveyayinevi.com.tr\/index.php\/urun\/o-yaz-gunleri-2\/","title":{"rendered":"O Yaz G\u00fcnleri 2"},"content":{"rendered":"<p>On y\u0131l \u00f6nceye d\u00f6nseniz ilk a\u015fk\u0131n\u0131zla tekrar bir araya gelir miydiniz? Tamaki ve Takumi on y\u0131l \u00f6nceki o yaz mevsimini yeniden ya\u015fama \u015fans\u0131 elde eder ancak olaylar planlad\u0131klar\u0131 gibi ilerlemez. Bu sefer \u00f6ncekinden farkl\u0131 bir ili\u015fki kursalar da att\u0131klar\u0131 her ad\u0131m, yeni s\u0131rlar ve beklenmedik duygular ortaya \u00e7\u0131kar\u0131r. Ge\u00e7mi\u015fi de\u011fi\u015ftirmek, alt\u0131 arkada\u015f i\u00e7in de farkl\u0131 anlamlar ta\u015f\u0131maktad\u0131r\u2026 Duygular\u0131, ikinci bir \u015fans ile s\u0131nan\u0131rken bilinmeyen bir numaradan gelen gizemli mesajlar kayg\u0131lar\u0131n\u0131 art\u0131r\u0131r\u2026 <\/p>\n","protected":false},"excerpt":{"rendered":"<p>On y\u0131l \u00f6nceye d\u00f6nseniz ilk a\u015fk\u0131n\u0131zla tekrar bir araya gelir miydiniz? Tamaki ve Takumi on y\u0131l \u00f6nceki o yaz mevsimini yeniden ya\u015fama \u015fans\u0131 elde eder ancak<span class=\"excerpt-hellip\"> [\u2026]<\/span><\/p>\n","protected":false},"featured_media":0,"template":"","meta":{"_monsterinsights_skip_tracking":false,"_monsterinsights_sitenote_active":false,"_monsterinsights_sitenote_note":"","_monsterinsights_sitenote_category":0},"product_brand":[],"product_cat":[12416,12291],"product_tag":[],"class_list":{"0":"post-776862","1":"product","2":"type-product","3":"status-publish","5":"product_cat-cizgi-roman","6":"product_cat-edebiyat","7":"pa_cilt-ciltsiz","8":"pa_tur-kitap","9":"pa_yayinevi-athica-yayinlari","10":"pa_yazar-chika","12":"first","13":"instock","14":"sale","15":"shipping-taxable","16":"purchasable","17":"product-type-simple"},"_links":{"self":[{"href":"https:\/\/roveyayinevi.com.tr\/index.php\/wp-json\/wp\/v2\/product\/776862","targetHints":{"allow":["GET"]}}],"collection":[{"href":"https:\/\/roveyayinevi.com.tr\/index.php\/wp-json\/wp\/v2\/product"}],"about":[{"href":"https:\/\/roveyayinevi.com.tr\/index.php\/wp-json\/wp\/v2\/types\/product"}],"wp:attachment":[{"href":"https:\/\/roveyayinevi.com.tr\/index.php\/wp-json\/wp\/v2\/media?parent=776862"}],"wp:term":[{"taxonomy":"product_brand","embeddable":true,"href":"https:\/\/roveyayinevi.com.tr\/index.php\/wp-json\/wp\/v2\/product_brand?post=776862"},{"taxonomy":"product_cat","embeddable":true,"href":"https:\/\/roveyayinevi.com.tr\/index.php\/wp-json\/wp\/v2\/product_cat?post=776862"},{"taxonomy":"product_tag","embeddable":true,"href":"https:\/\/roveyayinevi.com.tr\/index.php\/wp-json\/wp\/v2\/product_tag?post=776862"}],"curies":[{"name":"wp","href":"https:\/\/api.w.org\/{rel}","templated":true}]}}