{"id":776859,"date":"2025-10-06T00:24:00","date_gmt":"2025-10-05T21:24:00","guid":{"rendered":"https:\/\/roveyayinevi.com.tr\/index.php\/urun\/kitaplari-kurtaran-kedi-2\/"},"modified":"2026-04-15T03:43:03","modified_gmt":"2026-04-15T00:43:03","slug":"kitaplari-kurtaran-kedi-2","status":"publish","type":"product","link":"https:\/\/roveyayinevi.com.tr\/index.php\/urun\/kitaplari-kurtaran-kedi-2\/","title":{"rendered":"Kitaplar\u0131 Kurtaran Kedi"},"content":{"rendered":"<p>K\u0130TAPLARIN EN DER\u0130N G\u00dcC\u00dc, B\u0130Z\u0130 B\u0130RB\u0130R\u0130M\u0130Z\u0130N KALB\u0130NE BA\u011eLAYAN EMPAT\u0130 K\u00d6PR\u00dcS\u00dcD\u00dcR.   \u201cKitaplar insan d\u00fc\u015f\u00fcnceleri ve duygular\u0131yla doludur. Ac\u0131 \u00e7eken insanlar, \u00fcz\u00fclen ya da mutlu olan insanlar, sevin\u00e7le kahkaha atanlar\u2026 Onlar\u0131n kelimelerini ve hik\u00e2yelerini okuyarak, birlikte deneyimleyerek, sadece kendimiz d\u0131\u015f\u0131ndaki insanlar\u0131n da kalplerini ve zihinlerini \u00f6\u011freniriz. Kitaplar sayesinde yaln\u0131zca \u00e7evremizdeki insanlar\u0131 de\u011fil, tamamen farkl\u0131 d\u00fcnyalarda ya\u015fayan insanlar\u0131 da tan\u0131yabiliriz.\u201d   Kitaplar tehlikede! Birileri kitaplar\u0131 s\u00fcsl\u00fc raflara, kitapl\u0131klara hapsetmeye, kilit alt\u0131nda tutmaya \u00e7al\u0131\u015f\u0131yor. Birileri kitaplar\u0131 k\u0131saltmaya, kesip bi\u00e7meye u\u011fra\u015f\u0131yor. Birileri kitaplar\u0131 de\u011ferine g\u00f6re de\u011fil, sat\u0131\u015f\u0131na g\u00f6re basmak istiyor. Kitaplar hi\u00e7 olmad\u0131\u011f\u0131 kadar tehlike alt\u0131nda. Peki bunu ba\u015farabilecekler mi? Bir \u00f6\u011frenci ve bir tekir kedi, bunu engelleyebilecek mi?   Milyonlar taraf\u0131ndan okunan kitaplar\u0131n yazar\u0131 Sosuke Natsukawa, bu defa kitaplar i\u00e7in verilen m\u00fccadeleyi anlat\u0131yor. Kitaplar\u0131 Kurtaran Kedi, fantastik ve bir o kadar da ger\u00e7ek\u00e7i bir roman\u2026 \u201cEmpati! \u0130\u015fte kitaplar\u0131n ger\u00e7ek g\u00fcc\u00fc bu!\u201d <\/p>\n","protected":false},"excerpt":{"rendered":"<p>K\u0130TAPLARIN EN DER\u0130N G\u00dcC\u00dc, B\u0130Z\u0130 B\u0130RB\u0130R\u0130M\u0130Z\u0130N KALB\u0130NE BA\u011eLAYAN EMPAT\u0130 K\u00d6PR\u00dcS\u00dcD\u00dcR. \u201cKitaplar insan d\u00fc\u015f\u00fcnceleri ve duygular\u0131yla doludur. Ac\u0131 \u00e7eken insanlar, \u00fcz\u00fclen ya da mutlu olan insanlar, sevin\u00e7le<span class=\"excerpt-hellip\"> [\u2026]<\/span><\/p>\n","protected":false},"featured_media":0,"template":"","meta":{"_monsterinsights_skip_tracking":false,"_monsterinsights_sitenote_active":false,"_monsterinsights_sitenote_note":"","_monsterinsights_sitenote_category":0},"product_brand":[],"product_cat":[12291,12711],"product_tag":[],"class_list":{"0":"post-776859","1":"product","2":"type-product","3":"status-publish","5":"product_cat-edebiyat","6":"product_cat-roman-oyku","7":"pa_cilt-ciltsiz","8":"pa_tur-kitap","9":"pa_yayinevi-athica-yayinlari","10":"pa_yazar-sosuke-natsukawa","12":"first","13":"instock","14":"sale","15":"shipping-taxable","16":"purchasable","17":"product-type-simple"},"_links":{"self":[{"href":"https:\/\/roveyayinevi.com.tr\/index.php\/wp-json\/wp\/v2\/product\/776859","targetHints":{"allow":["GET"]}}],"collection":[{"href":"https:\/\/roveyayinevi.com.tr\/index.php\/wp-json\/wp\/v2\/product"}],"about":[{"href":"https:\/\/roveyayinevi.com.tr\/index.php\/wp-json\/wp\/v2\/types\/product"}],"wp:attachment":[{"href":"https:\/\/roveyayinevi.com.tr\/index.php\/wp-json\/wp\/v2\/media?parent=776859"}],"wp:term":[{"taxonomy":"product_brand","embeddable":true,"href":"https:\/\/roveyayinevi.com.tr\/index.php\/wp-json\/wp\/v2\/product_brand?post=776859"},{"taxonomy":"product_cat","embeddable":true,"href":"https:\/\/roveyayinevi.com.tr\/index.php\/wp-json\/wp\/v2\/product_cat?post=776859"},{"taxonomy":"product_tag","embeddable":true,"href":"https:\/\/roveyayinevi.com.tr\/index.php\/wp-json\/wp\/v2\/product_tag?post=776859"}],"curies":[{"name":"wp","href":"https:\/\/api.w.org\/{rel}","templated":true}]}}