{"id":776858,"date":"2025-10-06T00:23:58","date_gmt":"2025-10-05T21:23:58","guid":{"rendered":"https:\/\/roveyayinevi.com.tr\/index.php\/urun\/konusmamiz-lazim-3\/"},"modified":"2026-04-15T03:43:03","modified_gmt":"2026-04-15T00:43:03","slug":"konusmamiz-lazim-3","status":"publish","type":"product","link":"https:\/\/roveyayinevi.com.tr\/index.php\/urun\/konusmamiz-lazim-3\/","title":{"rendered":"Konu\u015fmam\u0131z Laz\u0131m"},"content":{"rendered":"<p>Anlatmak da dinlemek de sorumlulu\u011fumuzdur. \u00c7ocuklar\u0131m\u0131z bedenlerini tan\u0131madan, s\u0131n\u0131rlar\u0131n\u0131 bilmeden ve duygular\u0131n\u0131 anlamadan b\u00fcy\u00fcyor. Biz sustuk\u00e7a, onlar meraklar\u0131n\u0131 ba\u015fkalar\u0131ndan \u2013bazen yanl\u0131\u015f ve zararl\u0131 kaynaklardan\u2013 gideriyor. Oysa cinsel e\u011fitim, yaln\u0131zca \u201ccinsel organlar\u201d hakk\u0131nda de\u011fil;g\u00fcven, mahremiyet, benlik sayg\u0131s\u0131 ve sa\u011fl\u0131kl\u0131 ileti\u015fim hakk\u0131nda da bir rehberdir.   Bu kitap anne babalara, \u00f6\u011fretmenlere ve \u00e7ocuklarla b\u00fcy\u00fcmeye niyet eden herkese sade, a\u00e7\u0131k ve bilimsel bir yol haritas\u0131 sunuyor. Ya\u015fa g\u00f6re ne zaman, neyi, nas\u0131l anlatman\u0131z gerekti\u011fini \u00f6rneklerle a\u00e7\u0131kl\u0131yor. En terleten sorulara bile a\u00e7\u0131klamas\u0131 kolay, \u00e7ocu\u011funuzun ruhunu incitmeden y\u00f6n verecek yan\u0131tlar veriyor.   \u00c7\u00fcnk\u00fc her \u00e7ocuk, kendini tan\u0131ma hakk\u0131na sahiptir. Ve bu hak, ona en \u00e7ok g\u00fcvendi\u011fi ki\u015filer taraf\u0131ndan sunuldu\u011funda ger\u00e7ek bir g\u00fcce d\u00f6n\u00fc\u015f\u00fcr. \u00c7ocuk geli\u015fimi, sabit ve net \u00e7izgilerle ilerlemez. Her \u00e7ocuk kendi yolunu, kendi h\u0131z\u0131nda y\u00fcr\u00fcr. Bize d\u00fc\u015fen, bu yolu g\u00fcvenle y\u00fcr\u00fcyebilecekleri bir alan yaratmakt\u0131r.   Cinsellik hakk\u0131nda konu\u015fmak, \u00e7ocu\u011funuzu koruman\u0131n en do\u011fru yoludur. Ve bu yol, \u00e7ocu\u011funuzun size y\u00f6neltti\u011fi ilk soruyla ba\u015flar. Bize d\u00fc\u015fen ise haz\u0131r olmak. Konu\u015fmam\u0131z Laz\u0131m, haz\u0131r olmak isteyen t\u00fcm yeti\u015fkinler i\u00e7in yaz\u0131ld\u0131. <\/p>\n","protected":false},"excerpt":{"rendered":"<p>Anlatmak da dinlemek de sorumlulu\u011fumuzdur. \u00c7ocuklar\u0131m\u0131z bedenlerini tan\u0131madan, s\u0131n\u0131rlar\u0131n\u0131 bilmeden ve duygular\u0131n\u0131 anlamadan b\u00fcy\u00fcyor. Biz sustuk\u00e7a, onlar meraklar\u0131n\u0131 ba\u015fkalar\u0131ndan \u2013bazen yanl\u0131\u015f ve zararl\u0131 kaynaklardan\u2013 gideriyor. Oysa<span class=\"excerpt-hellip\"> [\u2026]<\/span><\/p>\n","protected":false},"featured_media":0,"template":"","meta":{"_monsterinsights_skip_tracking":false,"_monsterinsights_sitenote_active":false,"_monsterinsights_sitenote_note":"","_monsterinsights_sitenote_category":0},"product_brand":[],"product_cat":[13835],"product_tag":[],"class_list":{"0":"post-776858","1":"product","2":"type-product","3":"status-publish","5":"product_cat-cok-satanlar","6":"pa_cilt-ciltsiz","7":"pa_tur-kitap","8":"pa_yayinevi-destek-yayinlari","9":"pa_yazar-gokcen-erdogan-selin-yigit-ipek","11":"first","12":"instock","13":"sale","14":"shipping-taxable","15":"purchasable","16":"product-type-simple"},"_links":{"self":[{"href":"https:\/\/roveyayinevi.com.tr\/index.php\/wp-json\/wp\/v2\/product\/776858","targetHints":{"allow":["GET"]}}],"collection":[{"href":"https:\/\/roveyayinevi.com.tr\/index.php\/wp-json\/wp\/v2\/product"}],"about":[{"href":"https:\/\/roveyayinevi.com.tr\/index.php\/wp-json\/wp\/v2\/types\/product"}],"wp:attachment":[{"href":"https:\/\/roveyayinevi.com.tr\/index.php\/wp-json\/wp\/v2\/media?parent=776858"}],"wp:term":[{"taxonomy":"product_brand","embeddable":true,"href":"https:\/\/roveyayinevi.com.tr\/index.php\/wp-json\/wp\/v2\/product_brand?post=776858"},{"taxonomy":"product_cat","embeddable":true,"href":"https:\/\/roveyayinevi.com.tr\/index.php\/wp-json\/wp\/v2\/product_cat?post=776858"},{"taxonomy":"product_tag","embeddable":true,"href":"https:\/\/roveyayinevi.com.tr\/index.php\/wp-json\/wp\/v2\/product_tag?post=776858"}],"curies":[{"name":"wp","href":"https:\/\/api.w.org\/{rel}","templated":true}]}}