{"id":776856,"date":"2025-10-06T00:23:54","date_gmt":"2025-10-05T21:23:54","guid":{"rendered":"https:\/\/roveyayinevi.com.tr\/index.php\/urun\/cukurova-masallari\/"},"modified":"2026-04-15T03:43:03","modified_gmt":"2026-04-15T00:43:03","slug":"cukurova-masallari","status":"publish","type":"product","link":"https:\/\/roveyayinevi.com.tr\/index.php\/urun\/cukurova-masallari\/","title":{"rendered":"\u00c7ukurova Masallar\u0131"},"content":{"rendered":"<p>\u00c7ukurova, yaln\u0131zca bereketli topraklar\u0131yla de\u011fil, masal ve efsaneleriyle de binlerce y\u0131ll\u0131k k\u00fclt\u00fcr\u00fcn ta\u015f\u0131y\u0131c\u0131s\u0131d\u0131r. Elinizdeki kitap, bu topraklarda ku\u015faktan ku\u015fa\u011fa aktar\u0131lan b\u00fcy\u00fcl\u00fc anlat\u0131lar\u0131 g\u00fcn\u00fcm\u00fcze ta\u015f\u0131yor.   Devlerin, cad\u0131lar\u0131n, ejderhalar\u0131n, Z\u00fcmr\u00fcd\u00fcanka ku\u015funun ve nice fantastik varl\u0131\u011f\u0131n dola\u015ft\u0131\u011f\u0131 bu masallar, yaln\u0131zca \u00e7ocuklara de\u011fil, en \u00e7ok da hayallere ihtiya\u00e7 duyan b\u00fcy\u00fcklere sesleniyor. Kimi zaman bir tilkinin arkada\u015f\u0131na k\u0131z istemeye gitti\u011fi, kimi zaman alt\u0131n pullu bal\u0131\u011f\u0131n kaderleri de\u011fi\u015ftirdi\u011fi, kimi zaman da \u00f6l\u00fcms\u00fczl\u00fc\u011f\u00fcn kap\u0131s\u0131n\u0131 aralayan bir s\u0131rr\u0131n g\u00f6lgesinde insan\u0131n zaaflar\u0131n\u0131 anlatan hik\u00e2yeler sizi bekliyor.   Unutulmaya y\u00fcz tutan masal gelene\u011fini yeniden canland\u0131rmay\u0131 ama\u00e7layan \u00c7ukurova Masallar\u0131, hem ge\u00e7mi\u015fe bir selam hem de gelece\u011fe b\u0131rak\u0131lm\u0131\u015f k\u00fclt\u00fcrel bir miras.   <\/p>\n","protected":false},"excerpt":{"rendered":"<p>\u00c7ukurova, yaln\u0131zca bereketli topraklar\u0131yla de\u011fil, masal ve efsaneleriyle de binlerce y\u0131ll\u0131k k\u00fclt\u00fcr\u00fcn ta\u015f\u0131y\u0131c\u0131s\u0131d\u0131r. Elinizdeki kitap, bu topraklarda ku\u015faktan ku\u015fa\u011fa aktar\u0131lan b\u00fcy\u00fcl\u00fc anlat\u0131lar\u0131 g\u00fcn\u00fcm\u00fcze ta\u015f\u0131yor. Devlerin, cad\u0131lar\u0131n,<span class=\"excerpt-hellip\"> [\u2026]<\/span><\/p>\n","protected":false},"featured_media":0,"template":"","meta":{"_monsterinsights_skip_tracking":false,"_monsterinsights_sitenote_active":false,"_monsterinsights_sitenote_note":"","_monsterinsights_sitenote_category":0},"product_brand":[],"product_cat":[12291,13706],"product_tag":[],"class_list":{"0":"post-776856","1":"product","2":"type-product","3":"status-publish","5":"product_cat-edebiyat","6":"product_cat-efsane-destan-masal","7":"pa_cilt-ciltsiz","8":"pa_tur-kitap","9":"pa_yayinevi-kara-karga-yayinlari","10":"pa_yazar-olcay-bagir","12":"first","13":"instock","14":"sale","15":"shipping-taxable","16":"purchasable","17":"product-type-simple"},"_links":{"self":[{"href":"https:\/\/roveyayinevi.com.tr\/index.php\/wp-json\/wp\/v2\/product\/776856","targetHints":{"allow":["GET"]}}],"collection":[{"href":"https:\/\/roveyayinevi.com.tr\/index.php\/wp-json\/wp\/v2\/product"}],"about":[{"href":"https:\/\/roveyayinevi.com.tr\/index.php\/wp-json\/wp\/v2\/types\/product"}],"wp:attachment":[{"href":"https:\/\/roveyayinevi.com.tr\/index.php\/wp-json\/wp\/v2\/media?parent=776856"}],"wp:term":[{"taxonomy":"product_brand","embeddable":true,"href":"https:\/\/roveyayinevi.com.tr\/index.php\/wp-json\/wp\/v2\/product_brand?post=776856"},{"taxonomy":"product_cat","embeddable":true,"href":"https:\/\/roveyayinevi.com.tr\/index.php\/wp-json\/wp\/v2\/product_cat?post=776856"},{"taxonomy":"product_tag","embeddable":true,"href":"https:\/\/roveyayinevi.com.tr\/index.php\/wp-json\/wp\/v2\/product_tag?post=776856"}],"curies":[{"name":"wp","href":"https:\/\/api.w.org\/{rel}","templated":true}]}}