{"id":776855,"date":"2025-10-06T00:23:53","date_gmt":"2025-10-05T21:23:53","guid":{"rendered":"https:\/\/roveyayinevi.com.tr\/index.php\/urun\/basarili-mulakat-ve-ise-alim\/"},"modified":"2026-04-15T03:43:03","modified_gmt":"2026-04-15T00:43:03","slug":"basarili-mulakat-ve-ise-alim","status":"publish","type":"product","link":"https:\/\/roveyayinevi.com.tr\/index.php\/urun\/basarili-mulakat-ve-ise-alim\/","title":{"rendered":"Ba\u015far\u0131l\u0131 Mu\u0308lakat ve \u0130\u015fe Al\u0131m"},"content":{"rendered":"<p>Pek \u00e7ok y\u00f6netici mu\u0308lakat yapmay\u0131 bilir ama \u00e7ok az\u0131 bu i\u015fi ger\u00e7ekten ustal\u0131kla yu\u0308ru\u0308tu\u0308r. Mu\u0308lakat\u0131 nas\u0131l yap\u0131land\u0131rmal\u0131? Ola\u011fanu\u0308stu\u0308 adaylar\u0131 nas\u0131l ay\u0131rt etmeli? Hangi sorular\u0131 sorup hangilerinden ka\u00e7\u0131nmal\u0131? Ve en \u00f6nemlisi, adaylara hem adil davran\u0131rken hem de onlar\u0131 ger\u00e7ekten zorlayarak en iyisini nas\u0131l se\u00e7meli?   Ba\u015far\u0131l\u0131 Mu\u0308lakat ve \u0130\u015fe Al\u0131m, aday\u0131 rahatlatmaktan yetkinlik odakl\u0131 sorular haz\u0131rlamaya, du\u0308ru\u0308st olmayan adaylar\u0131 ay\u0131rt etmekten becerileri \u00f6l\u00e7en pratik testler tasarlamaya kadar kan\u0131tlanm\u0131\u015f tekniklerle su\u0308recin her ad\u0131m\u0131na rehberlik eden kapsaml\u0131 bir kaynak. Somut \u00f6neri ve pratik bilgilerle dolu bu kitap, ku\u0308\u00e7u\u0308k bir i\u015fletme sahibinden uluslararas\u0131 bir \u015firketin genel mu\u0308du\u0308ru\u0308ne kadar tu\u0308m y\u00f6neticilerin elinin alt\u0131nda bulunmal\u0131. <\/p>\n","protected":false},"excerpt":{"rendered":"<p>Pek \u00e7ok y\u00f6netici mu\u0308lakat yapmay\u0131 bilir ama \u00e7ok az\u0131 bu i\u015fi ger\u00e7ekten ustal\u0131kla yu\u0308ru\u0308tu\u0308r. Mu\u0308lakat\u0131 nas\u0131l yap\u0131land\u0131rmal\u0131? Ola\u011fanu\u0308stu\u0308 adaylar\u0131 nas\u0131l ay\u0131rt etmeli? Hangi sorular\u0131 sorup hangilerinden<span class=\"excerpt-hellip\"> [\u2026]<\/span><\/p>\n","protected":false},"featured_media":0,"template":"","meta":{"_monsterinsights_skip_tracking":false,"_monsterinsights_sitenote_active":false,"_monsterinsights_sitenote_note":"","_monsterinsights_sitenote_category":0},"product_brand":[],"product_cat":[141304],"product_tag":[],"class_list":{"0":"post-776855","1":"product","2":"type-product","3":"status-publish","5":"product_cat-yeni-cikanlar","6":"pa_cilt-ciltsiz","7":"pa_tur-kitap","8":"pa_yayinevi-nova-kitap","9":"pa_yazar-rob-yeung","11":"first","12":"instock","13":"sale","14":"shipping-taxable","15":"purchasable","16":"product-type-simple"},"_links":{"self":[{"href":"https:\/\/roveyayinevi.com.tr\/index.php\/wp-json\/wp\/v2\/product\/776855","targetHints":{"allow":["GET"]}}],"collection":[{"href":"https:\/\/roveyayinevi.com.tr\/index.php\/wp-json\/wp\/v2\/product"}],"about":[{"href":"https:\/\/roveyayinevi.com.tr\/index.php\/wp-json\/wp\/v2\/types\/product"}],"wp:attachment":[{"href":"https:\/\/roveyayinevi.com.tr\/index.php\/wp-json\/wp\/v2\/media?parent=776855"}],"wp:term":[{"taxonomy":"product_brand","embeddable":true,"href":"https:\/\/roveyayinevi.com.tr\/index.php\/wp-json\/wp\/v2\/product_brand?post=776855"},{"taxonomy":"product_cat","embeddable":true,"href":"https:\/\/roveyayinevi.com.tr\/index.php\/wp-json\/wp\/v2\/product_cat?post=776855"},{"taxonomy":"product_tag","embeddable":true,"href":"https:\/\/roveyayinevi.com.tr\/index.php\/wp-json\/wp\/v2\/product_tag?post=776855"}],"curies":[{"name":"wp","href":"https:\/\/api.w.org\/{rel}","templated":true}]}}