{"id":776854,"date":"2025-10-06T00:23:50","date_gmt":"2025-10-05T21:23:50","guid":{"rendered":"https:\/\/roveyayinevi.com.tr\/index.php\/urun\/delice\/"},"modified":"2026-04-08T03:39:11","modified_gmt":"2026-04-08T00:39:11","slug":"delice","status":"publish","type":"product","link":"https:\/\/roveyayinevi.com.tr\/index.php\/urun\/delice\/","title":{"rendered":"Delice"},"content":{"rendered":"<p>Bir t\u0131marhane. Bir yan\u0131 g\u00f6ky\u00fcz\u00fc, bir yan\u0131 zifir. Zaman\u0131n h\u0131z\u0131n\u0131 kendi keyfine g\u00f6re a\u00e7\u0131p k\u0131san, Tanr\u0131\u2019yla didi\u015fen, \u015feytan\u0131 k\u00fc\u00e7\u00fcmseyen bir kara deli: ad\u0131 \u00c7ak\u0131r. Kendine a\u00e7t\u0131\u011f\u0131 yaralar\u0131 hayat\u0131n\u0131n damarlar\u0131 bilen bir kad\u0131n ve duvarlara melekler \u00e7izen bir ressam: Edip.Bu duvarlar\u0131n i\u00e7inde delilik, te\u015fhis de\u011fil ihtimal. Hakikate en yak\u0131n yer belki de tam buras\u0131. \u00c7\u00fcnk\u00fc ak\u0131l, \u00e7o\u011fu kez susar; delilikse dile gelir. Nil\u00fcfer A\u00e7\u0131kal\u0131n Delice\u2019de bir ak\u0131l hastanesini mesken tutuyor. \u0130\u00e7eride \u00e7\u0131\u011fl\u0131kla kahkaha, umutla y\u0131k\u0131m, imanla ink\u00e2r ayn\u0131 masada oturuyor. Ve okur her sayfada kendi zihninin en karanl\u0131k yank\u0131lar\u0131n\u0131 duyuyor.Bu roman, delili\u011fi bir kay\u0131p de\u011fil; g\u00f6rmenin, bilmenin, dayanman\u0131n bedeli olarak anlat\u0131yor. Ve belki de en a\u011f\u0131r hakikati f\u0131s\u0131ld\u0131yor: \u201cDeli olan hep ba\u015fkalar\u0131d\u0131r.\u201d\u201cHeykelim benim. Hey gidi heykelim. Ayn\u0131 yerdesin yine. Merhaba. Aaa, Allah\u2019\u0131m da burda. Allah\u2019\u0131m, Allah\u2019\u0131m, \u00e7ok sevindim seni g\u00f6rd\u00fc\u011f\u00fcme. Merhaba sana da.\u201d <\/p>\n","protected":false},"excerpt":{"rendered":"<p>Bir t\u0131marhane. Bir yan\u0131 g\u00f6ky\u00fcz\u00fc, bir yan\u0131 zifir. Zaman\u0131n h\u0131z\u0131n\u0131 kendi keyfine g\u00f6re a\u00e7\u0131p k\u0131san, Tanr\u0131\u2019yla didi\u015fen, \u015feytan\u0131 k\u00fc\u00e7\u00fcmseyen bir kara deli: ad\u0131 \u00c7ak\u0131r. Kendine a\u00e7t\u0131\u011f\u0131<span class=\"excerpt-hellip\"> [\u2026]<\/span><\/p>\n","protected":false},"featured_media":0,"template":"","meta":{"_monsterinsights_skip_tracking":false,"_monsterinsights_sitenote_active":false,"_monsterinsights_sitenote_note":"","_monsterinsights_sitenote_category":0},"product_brand":[],"product_cat":[12291,12711],"product_tag":[],"class_list":{"0":"post-776854","1":"product","2":"type-product","3":"status-publish","5":"product_cat-edebiyat","6":"product_cat-roman-oyku","7":"pa_cilt-ciltsiz","8":"pa_tur-kitap","9":"pa_yayinevi-ithaki-yayinlari","10":"pa_yazar-nilufer-acikalin","12":"first","13":"instock","14":"sale","15":"shipping-taxable","16":"purchasable","17":"product-type-simple"},"_links":{"self":[{"href":"https:\/\/roveyayinevi.com.tr\/index.php\/wp-json\/wp\/v2\/product\/776854","targetHints":{"allow":["GET"]}}],"collection":[{"href":"https:\/\/roveyayinevi.com.tr\/index.php\/wp-json\/wp\/v2\/product"}],"about":[{"href":"https:\/\/roveyayinevi.com.tr\/index.php\/wp-json\/wp\/v2\/types\/product"}],"wp:attachment":[{"href":"https:\/\/roveyayinevi.com.tr\/index.php\/wp-json\/wp\/v2\/media?parent=776854"}],"wp:term":[{"taxonomy":"product_brand","embeddable":true,"href":"https:\/\/roveyayinevi.com.tr\/index.php\/wp-json\/wp\/v2\/product_brand?post=776854"},{"taxonomy":"product_cat","embeddable":true,"href":"https:\/\/roveyayinevi.com.tr\/index.php\/wp-json\/wp\/v2\/product_cat?post=776854"},{"taxonomy":"product_tag","embeddable":true,"href":"https:\/\/roveyayinevi.com.tr\/index.php\/wp-json\/wp\/v2\/product_tag?post=776854"}],"curies":[{"name":"wp","href":"https:\/\/api.w.org\/{rel}","templated":true}]}}