{"id":776848,"date":"2025-10-06T00:23:33","date_gmt":"2025-10-05T21:23:33","guid":{"rendered":"https:\/\/roveyayinevi.com.tr\/index.php\/urun\/herkesin-unuttugunu-biz-hatirlamasak\/"},"modified":"2026-03-11T04:01:28","modified_gmt":"2026-03-11T01:01:28","slug":"herkesin-unuttugunu-biz-hatirlamasak","status":"publish","type":"product","link":"https:\/\/roveyayinevi.com.tr\/index.php\/urun\/herkesin-unuttugunu-biz-hatirlamasak\/","title":{"rendered":"Herkesin Unuttu\u011funu Biz Hat\u0131rlamasak"},"content":{"rendered":"<p>Bir kap\u0131 zili \u00e7alar, bir defter kaybolur, bir roman yar\u0131m kal\u0131r\u2026   Bir gece vakti sessizli\u011fi b\u00f6len zil sesiyle Zeynep\u2019in hayat\u0131 \u00e7at\u0131rdamaya ba\u015flar. Bir evin kap\u0131s\u0131 aralan\u0131r; i\u00e7eri sadece polis de\u011fil, ge\u00e7mi\u015fin hayaletleri, korkular ve cevaps\u0131z sorular da girer. E\u015fi Ali\u2019nin y\u0131llar \u00f6nce yazmaya ba\u015flad\u0131\u011f\u0131 bir roman tasla\u011f\u0131 art\u0131k yaln\u0131zca bir edebi metin de\u011fil, bast\u0131r\u0131lm\u0131\u015f bir ku\u015fa\u011f\u0131n, susturulmu\u015f bir inanc\u0131n ta\u015f\u0131y\u0131c\u0131s\u0131d\u0131r.   Bir \u00fclkeyi sevmenin g\u00f6r\u00fcnmeyen y\u00fck\u00fc, yaln\u0131zca mahkeme salonlar\u0131nda ya da h\u00fccrelerde de\u011fil, en \u00e7ok da evlerin i\u00e7inde, kalplerin derinli\u011finde ta\u015f\u0131n\u0131r. Zeynep\u2019in g\u00f6z\u00fcnden bir annenin bitmeyen sabr\u0131, bir kad\u0131n\u0131n sessiz direnci, bir e\u015fin kayg\u0131l\u0131 bekleyi\u015fi ve haf\u0131zayla verdi\u011fi sava\u015f sayfalara d\u00f6k\u00fcl\u00fcr. Her sat\u0131r, bir d\u00f6nemin g\u00f6lgesinde b\u00fcy\u00fcyen sessiz \u00e7\u0131\u011fl\u0131klar\u0131n izini s\u00fcrer.   Herkesin Unuttu\u011funu Biz Hat\u0131rlamasak, Pelin \u00d6zkan\u2019\u0131n kaleminden ge\u00e7mi\u015fle bug\u00fcn\u00fcn, \u00f6zel olanla politik olan\u0131n i\u00e7 i\u00e7e ge\u00e7ti\u011fi sars\u0131c\u0131 bir roman. Unutmaya zorlanan bir \u00fclkenin belle\u011finde diren\u00e7le tutulan bir avu\u00e7 ger\u00e7e\u011fi anlat\u0131yor. \u00c7\u00fcnk\u00fc baz\u0131 sabahlar, yaln\u0131zca hat\u0131rlayanlar sayesinde do\u011far. Ve hat\u0131rlamak, bazen en b\u00fcy\u00fck direni\u015ftir. <\/p>\n","protected":false},"excerpt":{"rendered":"<p>Bir kap\u0131 zili \u00e7alar, bir defter kaybolur, bir roman yar\u0131m kal\u0131r\u2026 Bir gece vakti sessizli\u011fi b\u00f6len zil sesiyle Zeynep\u2019in hayat\u0131 \u00e7at\u0131rdamaya ba\u015flar. Bir evin kap\u0131s\u0131 aralan\u0131r;<span class=\"excerpt-hellip\"> [\u2026]<\/span><\/p>\n","protected":false},"featured_media":0,"template":"","meta":{"_monsterinsights_skip_tracking":false,"_monsterinsights_sitenote_active":false,"_monsterinsights_sitenote_note":"","_monsterinsights_sitenote_category":0},"product_brand":[],"product_cat":[12291,12711],"product_tag":[],"class_list":{"0":"post-776848","1":"product","2":"type-product","3":"status-publish","5":"product_cat-edebiyat","6":"product_cat-roman-oyku","7":"pa_cilt-ciltsiz","8":"pa_tur-kitap","9":"pa_yayinevi-dogan-kitap","10":"pa_yazar-pelin-ozkan","12":"first","13":"instock","14":"sale","15":"shipping-taxable","16":"purchasable","17":"product-type-simple"},"_links":{"self":[{"href":"https:\/\/roveyayinevi.com.tr\/index.php\/wp-json\/wp\/v2\/product\/776848","targetHints":{"allow":["GET"]}}],"collection":[{"href":"https:\/\/roveyayinevi.com.tr\/index.php\/wp-json\/wp\/v2\/product"}],"about":[{"href":"https:\/\/roveyayinevi.com.tr\/index.php\/wp-json\/wp\/v2\/types\/product"}],"wp:attachment":[{"href":"https:\/\/roveyayinevi.com.tr\/index.php\/wp-json\/wp\/v2\/media?parent=776848"}],"wp:term":[{"taxonomy":"product_brand","embeddable":true,"href":"https:\/\/roveyayinevi.com.tr\/index.php\/wp-json\/wp\/v2\/product_brand?post=776848"},{"taxonomy":"product_cat","embeddable":true,"href":"https:\/\/roveyayinevi.com.tr\/index.php\/wp-json\/wp\/v2\/product_cat?post=776848"},{"taxonomy":"product_tag","embeddable":true,"href":"https:\/\/roveyayinevi.com.tr\/index.php\/wp-json\/wp\/v2\/product_tag?post=776848"}],"curies":[{"name":"wp","href":"https:\/\/api.w.org\/{rel}","templated":true}]}}