{"id":776847,"date":"2025-10-06T00:23:31","date_gmt":"2025-10-05T21:23:31","guid":{"rendered":"https:\/\/roveyayinevi.com.tr\/index.php\/urun\/erosun-renkleri\/"},"modified":"2026-04-15T03:43:03","modified_gmt":"2026-04-15T00:43:03","slug":"erosun-renkleri","status":"publish","type":"product","link":"https:\/\/roveyayinevi.com.tr\/index.php\/urun\/erosun-renkleri\/","title":{"rendered":"Eros&#8217;un Renkleri"},"content":{"rendered":"<p>\u201cSanat\u0131n ay\u0131pla ilgisi, bir al\u0131p veremedi\u011fi yoktur!\u201d  Pablo Picasso   Sanat tarihi, yaln\u0131zca estetik ser\u00fcvenlerin de\u011fil, ayn\u0131 zamanda arzunun, yasaklar\u0131n, bedensel hazlar\u0131n ve \u00f6l\u00fcm d\u00fc\u015f\u00fcncesinin de izini s\u00fcrer. Courbet\u2019nin \u201cD\u00fcnyan\u0131n K\u00f6keni\u201dnden Picasso\u2019nun \u201cAvignonlu K\u0131zlar\u201d\u0131na, Degas\u2019n\u0131n gizli monotiplerinden Matisse\u2019in mavi \u00e7\u0131plaklar\u0131na, fahi\u015fe portrelerinden odal\u0131k sahnelerine uzanan yap\u0131tlar arac\u0131l\u0131\u011f\u0131yla \u00e7\u0131k\u0131lan yolculuk resim ile cinselli\u011fin ayr\u0131lmaz ba\u011f\u0131n\u0131 g\u00f6zler \u00f6n\u00fcne seriyor.   Nedim G\u00fcrsel, Eros\u2019un Renkleri\u2019nde hem ressamlar\u0131n tuvalleri hem de yazarlar\u0131n sayfalar\u0131 arac\u0131l\u0131\u011f\u0131yla okuru Paris\u2019in bulu\u015fma evlerinden Nice\u2019in \u0131\u015f\u0131kl\u0131 k\u0131y\u0131lar\u0131na, Orsay ve Pompidou\u2019nun galerilerinden ressamlar\u0131n at\u00f6lyelerine g\u00f6t\u00fcr\u00fcyor. Sanat\u00e7\u0131lar\u0131n ya\u015fam\u00f6yk\u00fclerindeki k\u0131r\u0131lma anlar\u0131 ile edebiyat\u0131n onlara e\u015flik eden sat\u0131rlar\u0131 i\u00e7 i\u00e7e ge\u00e7iyor.   Bu kitap, erotizmin sanatta yaln\u0131zca \u00e7\u0131plakl\u0131kla de\u011fil, ayn\u0131 zamanda yas, yaln\u0131zl\u0131k, haz, korku ve \u00f6zg\u00fcrl\u00fckle nas\u0131l i\u00e7 i\u00e7e ge\u00e7ti\u011fini g\u00f6steriyor. Bir resme yaln\u0131zca bakmakla yetinmeyip onu g\u00f6rmek ve i\u00e7selle\u015ftirmek isteyenler i\u00e7in davetk\u00e2r bir yolculuk.   Bakmakla yetinmeyip g\u00f6rebilmek i\u00e7in biraz daha yakla\u015f\u0131n. Belki de resmin ard\u0131nda sakl\u0131 olan, bizzat kendi arzunuzdur. <\/p>\n","protected":false},"excerpt":{"rendered":"<p>\u201cSanat\u0131n ay\u0131pla ilgisi, bir al\u0131p veremedi\u011fi yoktur!\u201d Pablo Picasso Sanat tarihi, yaln\u0131zca estetik ser\u00fcvenlerin de\u011fil, ayn\u0131 zamanda arzunun, yasaklar\u0131n, bedensel hazlar\u0131n ve \u00f6l\u00fcm d\u00fc\u015f\u00fcncesinin de izini<span class=\"excerpt-hellip\"> [\u2026]<\/span><\/p>\n","protected":false},"featured_media":0,"template":"","meta":{"_monsterinsights_skip_tracking":false,"_monsterinsights_sitenote_active":false,"_monsterinsights_sitenote_note":"","_monsterinsights_sitenote_category":0},"product_brand":[],"product_cat":[12777,12291],"product_tag":[],"class_list":{"0":"post-776847","1":"product","2":"type-product","3":"status-publish","5":"product_cat-deneme","6":"product_cat-edebiyat","7":"pa_cilt-ciltsiz","8":"pa_tur-kitap","9":"pa_yayinevi-dogan-kitap","10":"pa_yazar-nedim-gursel","12":"first","13":"instock","14":"sale","15":"shipping-taxable","16":"purchasable","17":"product-type-simple"},"_links":{"self":[{"href":"https:\/\/roveyayinevi.com.tr\/index.php\/wp-json\/wp\/v2\/product\/776847","targetHints":{"allow":["GET"]}}],"collection":[{"href":"https:\/\/roveyayinevi.com.tr\/index.php\/wp-json\/wp\/v2\/product"}],"about":[{"href":"https:\/\/roveyayinevi.com.tr\/index.php\/wp-json\/wp\/v2\/types\/product"}],"wp:attachment":[{"href":"https:\/\/roveyayinevi.com.tr\/index.php\/wp-json\/wp\/v2\/media?parent=776847"}],"wp:term":[{"taxonomy":"product_brand","embeddable":true,"href":"https:\/\/roveyayinevi.com.tr\/index.php\/wp-json\/wp\/v2\/product_brand?post=776847"},{"taxonomy":"product_cat","embeddable":true,"href":"https:\/\/roveyayinevi.com.tr\/index.php\/wp-json\/wp\/v2\/product_cat?post=776847"},{"taxonomy":"product_tag","embeddable":true,"href":"https:\/\/roveyayinevi.com.tr\/index.php\/wp-json\/wp\/v2\/product_tag?post=776847"}],"curies":[{"name":"wp","href":"https:\/\/api.w.org\/{rel}","templated":true}]}}