{"id":776841,"date":"2025-10-06T00:23:22","date_gmt":"2025-10-05T21:23:22","guid":{"rendered":"https:\/\/roveyayinevi.com.tr\/index.php\/urun\/bu-hikaye-tutar-canan\/"},"modified":"2026-04-15T03:43:02","modified_gmt":"2026-04-15T00:43:02","slug":"bu-hikaye-tutar-canan","status":"publish","type":"product","link":"https:\/\/roveyayinevi.com.tr\/index.php\/urun\/bu-hikaye-tutar-canan\/","title":{"rendered":"Bu Hikaye Tutar Canan"},"content":{"rendered":"<p>Sibel O\u011fuz, Bu Hik\u00e2ye Tutar Canan\u2019da g\u00fcndelik hayat\u0131n k\u00fc\u00e7\u00fck anlar\u0131ndan unutulmaz \u00f6yk\u00fcler kuruyor. Bir \u00e7ocu\u011fun suskunlu\u011fu, bir baban\u0131n sessizli\u011fi, bir mart\u0131n\u0131n k\u0131r\u0131k kanad\u0131 ya da bir annenin \u201chaydi\u201d sesleni\u015fi\u2026 \u015eiirsel diliyle s\u0131radan\u0131n i\u00e7indeki derin \u00e7at\u0131\u015fmalar\u0131 g\u00f6r\u00fcn\u00fcr k\u0131l\u0131yor ve okura \u015fu soruyu b\u0131rak\u0131yor: \u0130nsan\u0131 as\u0131l de\u011fi\u015ftiren \u015fey ya\u015fad\u0131klar\u0131 m\u0131, yoksa saklad\u0131klar\u0131 m\u0131? \u201cAnnem , Zeytin ve \u00c7ay isimli kitab\u0131 ile Sibel O\u011fuz \u00f6yk\u00fcleri G\u00fcn\u00fcm\u00fcz T\u00fcrk Edebiyat\u0131\u2019nda kendine \u00f6zg\u00fc bir yer edindi. \u015eimdi yazar\u0131n yeni bir eseri huzurlar\u0131n\u0131zda Bu Hik\u00e2ye Tutar Canan\u2026 Sad\u0131k bir okuru olarak ben bu yeni yay\u0131nlanan \u00f6yk\u00fcleriyle Sibel O\u011fuz\u2019un T\u00fcrk Edebiyat\u0131\u2019n\u0131n yazarlar\u0131 i\u00e7erisinde yerinin \u00f6zel ve kal\u0131c\u0131 olaca\u011f\u0131n\u0131 per\u00e7inledi\u011fini d\u00fc\u015f\u00fcn\u00fcyorum. Gelecekteki eserleri beni hakl\u0131 \u00e7\u0131karacakt\u0131r. Buna eminim!\u201d Dr. Mehmet Nuri Karabulut <\/p>\n","protected":false},"excerpt":{"rendered":"<p>Sibel O\u011fuz, Bu Hik\u00e2ye Tutar Canan\u2019da g\u00fcndelik hayat\u0131n k\u00fc\u00e7\u00fck anlar\u0131ndan unutulmaz \u00f6yk\u00fcler kuruyor. Bir \u00e7ocu\u011fun suskunlu\u011fu, bir baban\u0131n sessizli\u011fi, bir mart\u0131n\u0131n k\u0131r\u0131k kanad\u0131 ya da bir<span class=\"excerpt-hellip\"> [\u2026]<\/span><\/p>\n","protected":false},"featured_media":0,"template":"","meta":{"_monsterinsights_skip_tracking":false,"_monsterinsights_sitenote_active":false,"_monsterinsights_sitenote_note":"","_monsterinsights_sitenote_category":0},"product_brand":[],"product_cat":[12291,18202],"product_tag":[],"class_list":{"0":"post-776841","1":"product","2":"type-product","3":"status-publish","5":"product_cat-edebiyat","6":"product_cat-hikaye","7":"pa_cilt-ciltsiz","8":"pa_tur-kitap","9":"pa_yayinevi-eksik-parca-yayinlari","10":"pa_yazar-sibel-oguz","12":"first","13":"instock","14":"sale","15":"shipping-taxable","16":"purchasable","17":"product-type-simple"},"_links":{"self":[{"href":"https:\/\/roveyayinevi.com.tr\/index.php\/wp-json\/wp\/v2\/product\/776841","targetHints":{"allow":["GET"]}}],"collection":[{"href":"https:\/\/roveyayinevi.com.tr\/index.php\/wp-json\/wp\/v2\/product"}],"about":[{"href":"https:\/\/roveyayinevi.com.tr\/index.php\/wp-json\/wp\/v2\/types\/product"}],"wp:attachment":[{"href":"https:\/\/roveyayinevi.com.tr\/index.php\/wp-json\/wp\/v2\/media?parent=776841"}],"wp:term":[{"taxonomy":"product_brand","embeddable":true,"href":"https:\/\/roveyayinevi.com.tr\/index.php\/wp-json\/wp\/v2\/product_brand?post=776841"},{"taxonomy":"product_cat","embeddable":true,"href":"https:\/\/roveyayinevi.com.tr\/index.php\/wp-json\/wp\/v2\/product_cat?post=776841"},{"taxonomy":"product_tag","embeddable":true,"href":"https:\/\/roveyayinevi.com.tr\/index.php\/wp-json\/wp\/v2\/product_tag?post=776841"}],"curies":[{"name":"wp","href":"https:\/\/api.w.org\/{rel}","templated":true}]}}