{"id":776840,"date":"2025-10-06T00:23:20","date_gmt":"2025-10-05T21:23:20","guid":{"rendered":"https:\/\/roveyayinevi.com.tr\/index.php\/urun\/denize-soyledigimiz-yalanlar\/"},"modified":"2026-04-15T03:43:02","modified_gmt":"2026-04-15T00:43:02","slug":"denize-soyledigimiz-yalanlar","status":"publish","type":"product","link":"https:\/\/roveyayinevi.com.tr\/index.php\/urun\/denize-soyledigimiz-yalanlar\/","title":{"rendered":"Denize S\u00f6yledi\u011fimiz Yalanlar"},"content":{"rendered":"<p>\u0130THAKA KRALLI\u011eI, HER BAHAR ON \u0130K\u0130 GEN\u00c7 KIZI DARA\u011eACINA MAHKUM EDER.   Bu, y\u00fczy\u0131llar \u00f6nce Krali\u00e7e Penelope\u2019nin hizmet\u00e7ileri as\u0131l\u0131p derinliklere at\u0131ld\u0131\u011f\u0131nda, intikamc\u0131 Poseidon\u2019un bi\u00e7ti\u011fi bedeldir.   Ancak bu kader Leto\u2019nun kap\u0131s\u0131n\u0131 \u00e7ald\u0131\u011f\u0131nda, \u00f6l\u00fcm\u00fcn onun d\u00fc\u015f\u00fcnd\u00fc\u011f\u00fcnden bamba\u015fka bir \u015fey oldu\u011fu ortaya \u00e7\u0131kar. Gizemli bir adada uyan\u0131r ve denizi kontrol etme g\u00fcc\u00fcne sahip, ye\u015fil g\u00f6zl\u00fc bir k\u0131zla tan\u0131\u015f\u0131r: Melantho. Bir \u00f6l\u00fcm\u00fcn bin \u00f6l\u00fcm\u00fc durdurabilece\u011fini s\u00f6yleyen Melantho, lanetin nas\u0131l yok edilece\u011fini de bilmektedir.   \u0130thaka prensinin \u00f6lmesi gerekir, yoksa kaderin dalgalar\u0131 hepsini bo\u011facakt\u0131r. Sarah Underwood\u2019tan yalanlar, a\u015fk ve trajediden olu\u015fan destans\u0131 bir hik\u00e2ye.   \u201cSaf b\u00fcy\u00fcyle \u00f6r\u00fclm\u00fc\u015f: tuzla yo\u011frulmu\u015f mitler, bir duvar hal\u0131s\u0131 gibi yava\u015f yava\u015f \u00e7\u00f6z\u00fclen bir kurgu ve kalbinizi \u00e7almak i\u00e7in yarat\u0131lm\u0131\u015f canl\u0131 karakterler. B\u00fcy\u00fcleyici ve muhte\u015fem bir ilk roman.\u201d \u2014Rebecca Ross, uluslararas\u0131 \u00e7ok satan A River Enchanted ve Sisters of Sword &amp; Song kitaplar\u0131n\u0131n yazar\u0131 <\/p>\n","protected":false},"excerpt":{"rendered":"<p>\u0130THAKA KRALLI\u011eI, HER BAHAR ON \u0130K\u0130 GEN\u00c7 KIZI DARA\u011eACINA MAHKUM EDER. Bu, y\u00fczy\u0131llar \u00f6nce Krali\u00e7e Penelope\u2019nin hizmet\u00e7ileri as\u0131l\u0131p derinliklere at\u0131ld\u0131\u011f\u0131nda, intikamc\u0131 Poseidon\u2019un bi\u00e7ti\u011fi bedeldir. Ancak bu<span class=\"excerpt-hellip\"> [\u2026]<\/span><\/p>\n","protected":false},"featured_media":0,"template":"","meta":{"_monsterinsights_skip_tracking":false,"_monsterinsights_sitenote_active":false,"_monsterinsights_sitenote_note":"","_monsterinsights_sitenote_category":0},"product_brand":[],"product_cat":[12291,14777],"product_tag":[],"class_list":{"0":"post-776840","1":"product","2":"type-product","3":"status-publish","5":"product_cat-edebiyat","6":"product_cat-fantastik","7":"pa_cilt-ciltsiz","8":"pa_tur-kitap","9":"pa_yayinevi-eksik-parca-yayinlari","10":"pa_yazar-sarah-underwood","12":"first","13":"instock","14":"sale","15":"shipping-taxable","16":"purchasable","17":"product-type-simple"},"_links":{"self":[{"href":"https:\/\/roveyayinevi.com.tr\/index.php\/wp-json\/wp\/v2\/product\/776840","targetHints":{"allow":["GET"]}}],"collection":[{"href":"https:\/\/roveyayinevi.com.tr\/index.php\/wp-json\/wp\/v2\/product"}],"about":[{"href":"https:\/\/roveyayinevi.com.tr\/index.php\/wp-json\/wp\/v2\/types\/product"}],"wp:attachment":[{"href":"https:\/\/roveyayinevi.com.tr\/index.php\/wp-json\/wp\/v2\/media?parent=776840"}],"wp:term":[{"taxonomy":"product_brand","embeddable":true,"href":"https:\/\/roveyayinevi.com.tr\/index.php\/wp-json\/wp\/v2\/product_brand?post=776840"},{"taxonomy":"product_cat","embeddable":true,"href":"https:\/\/roveyayinevi.com.tr\/index.php\/wp-json\/wp\/v2\/product_cat?post=776840"},{"taxonomy":"product_tag","embeddable":true,"href":"https:\/\/roveyayinevi.com.tr\/index.php\/wp-json\/wp\/v2\/product_tag?post=776840"}],"curies":[{"name":"wp","href":"https:\/\/api.w.org\/{rel}","templated":true}]}}