{"id":776837,"date":"2025-10-06T00:23:10","date_gmt":"2025-10-05T21:23:10","guid":{"rendered":"https:\/\/roveyayinevi.com.tr\/index.php\/urun\/izmarit-ve-kibrit-kutulu-set-ciltli\/"},"modified":"2026-04-15T03:43:02","modified_gmt":"2026-04-15T00:43:02","slug":"izmarit-ve-kibrit-kutulu-set-ciltli","status":"publish","type":"product","link":"https:\/\/roveyayinevi.com.tr\/index.php\/urun\/izmarit-ve-kibrit-kutulu-set-ciltli\/","title":{"rendered":"\u0130zmarit ve Kibrit Kutulu Set (Ciltli)"},"content":{"rendered":"<p>Kutu \u0130\u00e7eri\u011fi:     \u0130zmarit ve Kibrit Kutulu Seti Kutu i\u00e7eri\u011fi; 2 Ciltli Kitap 1 Karakter El Yaz\u0131l\u0131 Mektup Poster 2 Poster 2 Ayra\u00e7 5 Polaroid Karakter Kart\u0131 2 Sahne Kart\u0131 Hen\u00fcz \u00d6lmeden Kart\u0131 &#8211; Yazar imzal\u0131 <\/p>\n","protected":false},"excerpt":{"rendered":"<p>Kutu \u0130\u00e7eri\u011fi: \u0130zmarit ve Kibrit Kutulu Seti Kutu i\u00e7eri\u011fi; 2 Ciltli Kitap 1 Karakter El Yaz\u0131l\u0131 Mektup Poster 2 Poster 2 Ayra\u00e7 5 Polaroid Karakter Kart\u0131<span class=\"excerpt-hellip\"> [\u2026]<\/span><\/p>\n","protected":false},"featured_media":0,"template":"","meta":{"_monsterinsights_skip_tracking":false,"_monsterinsights_sitenote_active":false,"_monsterinsights_sitenote_note":"","_monsterinsights_sitenote_category":0},"product_brand":[],"product_cat":[12291,12711],"product_tag":[],"class_list":{"0":"post-776837","1":"product","2":"type-product","3":"status-publish","5":"product_cat-edebiyat","6":"product_cat-roman-oyku","7":"pa_cilt-ciltli","8":"pa_tur-kitap","9":"pa_yayinevi-athica-yayinlari","10":"pa_yazar-cemal-latifoglu","12":"first","13":"instock","14":"sale","15":"shipping-taxable","16":"purchasable","17":"product-type-simple"},"_links":{"self":[{"href":"https:\/\/roveyayinevi.com.tr\/index.php\/wp-json\/wp\/v2\/product\/776837","targetHints":{"allow":["GET"]}}],"collection":[{"href":"https:\/\/roveyayinevi.com.tr\/index.php\/wp-json\/wp\/v2\/product"}],"about":[{"href":"https:\/\/roveyayinevi.com.tr\/index.php\/wp-json\/wp\/v2\/types\/product"}],"wp:attachment":[{"href":"https:\/\/roveyayinevi.com.tr\/index.php\/wp-json\/wp\/v2\/media?parent=776837"}],"wp:term":[{"taxonomy":"product_brand","embeddable":true,"href":"https:\/\/roveyayinevi.com.tr\/index.php\/wp-json\/wp\/v2\/product_brand?post=776837"},{"taxonomy":"product_cat","embeddable":true,"href":"https:\/\/roveyayinevi.com.tr\/index.php\/wp-json\/wp\/v2\/product_cat?post=776837"},{"taxonomy":"product_tag","embeddable":true,"href":"https:\/\/roveyayinevi.com.tr\/index.php\/wp-json\/wp\/v2\/product_tag?post=776837"}],"curies":[{"name":"wp","href":"https:\/\/api.w.org\/{rel}","templated":true}]}}