{"id":776832,"date":"2025-10-06T00:23:00","date_gmt":"2025-10-05T21:23:00","guid":{"rendered":"https:\/\/roveyayinevi.com.tr\/index.php\/urun\/kirilma-noktasi-ciltli\/"},"modified":"2026-04-15T03:43:01","modified_gmt":"2026-04-15T00:43:01","slug":"kirilma-noktasi-ciltli","status":"publish","type":"product","link":"https:\/\/roveyayinevi.com.tr\/index.php\/urun\/kirilma-noktasi-ciltli\/","title":{"rendered":"K\u0131r\u0131lma Noktas\u0131 (Ciltli)"},"content":{"rendered":"<p>M\u00fclteciler, s\u0131\u011f\u0131nmac\u0131lar, d\u00fczensiz g\u00f6\u00e7menler\u2026 D\u00fcnyada yerini terk etmek zorunda kalan 120 milyon insan var ve her biri yeni bir ya\u015fam\u0131n e\u015fi\u011finde. D\u00fczensiz g\u00f6\u00e7, giderek insanl\u0131\u011f\u0131n en b\u00fcy\u00fck s\u0131nav\u0131na d\u00f6n\u00fc\u015f\u00fcyor. Bir yanda s\u00fcregiden mavi yakal\u0131 krizi, di\u011fer yanda h\u0131zla yakla\u015fan \u00e7elik yakal\u0131 teknolojisi\u2026 Ve bu karma\u015fan\u0131n ortas\u0131nda, Ortado\u011fu\u2019daki ate\u015f t\u00fcm d\u00fcnyay\u0131 sarma tehlikesi ta\u015f\u0131yor. \u00dc\u00e7\u00fcnc\u00fc D\u00fcnya Sava\u015f\u0131 hi\u00e7 olmad\u0131\u011f\u0131 kadar yak\u0131n! Art\u0131k kal\u0131c\u0131 bar\u0131\u015f i\u00e7in sadece diplomasi de\u011fil, Gazze\u2019nin yeniden in\u015fas\u0131n\u0131, iki devletli \u00e7\u00f6z\u00fcm\u00fc ve s\u00fcrd\u00fcr\u00fclebilir bir ekonomik modeli temel alan cesur bir vizyon gerekiyor. Ama ger\u00e7ekten tek bir proje insanl\u0131\u011fa yeniden umut verebilir mi? Mert \u00d6zg\u00fcn, K\u0131r\u0131lma Noktas\u0131 \u2013 Proje: HR Peninsula ile bu soruya hem sars\u0131c\u0131 hem de umut verici bir kurgu \u00fczerinden yan\u0131t ar\u0131yor. <\/p>\n","protected":false},"excerpt":{"rendered":"<p>M\u00fclteciler, s\u0131\u011f\u0131nmac\u0131lar, d\u00fczensiz g\u00f6\u00e7menler\u2026 D\u00fcnyada yerini terk etmek zorunda kalan 120 milyon insan var ve her biri yeni bir ya\u015fam\u0131n e\u015fi\u011finde. D\u00fczensiz g\u00f6\u00e7, giderek insanl\u0131\u011f\u0131n en<span class=\"excerpt-hellip\"> [\u2026]<\/span><\/p>\n","protected":false},"featured_media":0,"template":"","meta":{"_monsterinsights_skip_tracking":false,"_monsterinsights_sitenote_active":false,"_monsterinsights_sitenote_note":"","_monsterinsights_sitenote_category":0},"product_brand":[],"product_cat":[12291,12711],"product_tag":[],"class_list":{"0":"post-776832","1":"product","2":"type-product","3":"status-publish","5":"product_cat-edebiyat","6":"product_cat-roman-oyku","7":"pa_cilt-ciltli","8":"pa_tur-kitap","9":"pa_yayinevi-destek-yayinlari","10":"pa_yazar-mert-ozgun","12":"first","13":"instock","14":"sale","15":"shipping-taxable","16":"purchasable","17":"product-type-simple"},"_links":{"self":[{"href":"https:\/\/roveyayinevi.com.tr\/index.php\/wp-json\/wp\/v2\/product\/776832","targetHints":{"allow":["GET"]}}],"collection":[{"href":"https:\/\/roveyayinevi.com.tr\/index.php\/wp-json\/wp\/v2\/product"}],"about":[{"href":"https:\/\/roveyayinevi.com.tr\/index.php\/wp-json\/wp\/v2\/types\/product"}],"wp:attachment":[{"href":"https:\/\/roveyayinevi.com.tr\/index.php\/wp-json\/wp\/v2\/media?parent=776832"}],"wp:term":[{"taxonomy":"product_brand","embeddable":true,"href":"https:\/\/roveyayinevi.com.tr\/index.php\/wp-json\/wp\/v2\/product_brand?post=776832"},{"taxonomy":"product_cat","embeddable":true,"href":"https:\/\/roveyayinevi.com.tr\/index.php\/wp-json\/wp\/v2\/product_cat?post=776832"},{"taxonomy":"product_tag","embeddable":true,"href":"https:\/\/roveyayinevi.com.tr\/index.php\/wp-json\/wp\/v2\/product_tag?post=776832"}],"curies":[{"name":"wp","href":"https:\/\/api.w.org\/{rel}","templated":true}]}}