{"id":776829,"date":"2025-10-06T00:22:49","date_gmt":"2025-10-05T21:22:49","guid":{"rendered":"https:\/\/roveyayinevi.com.tr\/index.php\/urun\/adan-zye-evrenin-kullanim-kilavuzu-flexi-kapak\/"},"modified":"2026-04-15T03:42:40","modified_gmt":"2026-04-15T00:42:40","slug":"adan-zye-evrenin-kullanim-kilavuzu-flexi-kapak","status":"publish","type":"product","link":"https:\/\/roveyayinevi.com.tr\/index.php\/urun\/adan-zye-evrenin-kullanim-kilavuzu-flexi-kapak\/","title":{"rendered":"A&#8217;dan Z&#8217;ye Evrenin Kullan\u0131m K\u0131lavuzu (Flexi Kapak)"},"content":{"rendered":"<p>Evreni anlaman\u0131n en e\u011flenceli yolu: bol kahkaha, bol bilgi!   Bol mizahla dolu mini bir ansiklopedi! Profes\u00f6r Terry Denton, D\u00fcnya, ya\u015fam, evren ve her \u015fey hakk\u0131nda bilmen gerekenleri e\u011flenceli bir dille anlat\u0131yor. Mizah dolu \u00e7izimleri, s\u00fcrpriz bilgilerle dolu sayfalar\u0131 ve s\u0131ra d\u0131\u015f\u0131 anlat\u0131m\u0131yla bu kitap, okuru hem g\u00fcld\u00fcr\u00fcyor hem de d\u00fc\u015f\u00fcnd\u00fcr\u00fcyor.   \u00c7ocuklar\u0131n evrene merakla bakmas\u0131n\u0131 sa\u011flayan, bilgiyi mizahla harmanlayan bir kaynak. E\u011flenceli dili ve renkli \u00e7izimleriyle okuma sevgisini art\u0131r\u0131rken, bilginin e\u011flenceli de olabilece\u011fini g\u00f6steriyor.     Bol mizahla dolu mini bir ansiklopedi!   Profes\u00f6r Terry Denton sana D\u00fcnya, Yasam, Evren ve HER SEY hakk\u0131nda bilmen gerekenleri anlat\u0131yor.     \u201cTerry Denton okuyan her 10 \u00f6\u011frenciden biri d\u00e2hi oluyor&#8230;\u201c \u2014E\u011fitim profes\u00f6r\u00fc, Terence Dent(on)   \u201cTerry Denton okurlar\u0131, Terry Denton Zeka Testi&#8217;nde her seferinde di\u011ferlerinden daha y\u00fcksek puanlar al\u0131yor!\u201c \u2014Bir okur <\/p>\n","protected":false},"excerpt":{"rendered":"<p>Evreni anlaman\u0131n en e\u011flenceli yolu: bol kahkaha, bol bilgi! Bol mizahla dolu mini bir ansiklopedi! Profes\u00f6r Terry Denton, D\u00fcnya, ya\u015fam, evren ve her \u015fey hakk\u0131nda bilmen<span class=\"excerpt-hellip\"> [\u2026]<\/span><\/p>\n","protected":false},"featured_media":0,"template":"","meta":{"_monsterinsights_skip_tracking":false,"_monsterinsights_sitenote_active":false,"_monsterinsights_sitenote_note":"","_monsterinsights_sitenote_category":0},"product_brand":[],"product_cat":[141304],"product_tag":[],"class_list":{"0":"post-776829","1":"product","2":"type-product","3":"status-publish","5":"product_cat-yeni-cikanlar","6":"pa_cilt-ciltsiz","7":"pa_tur-kitap","8":"pa_yayinevi-epsilon-yayinlari","9":"pa_yazar-terry-denton","11":"first","12":"instock","13":"sale","14":"shipping-taxable","15":"purchasable","16":"product-type-simple"},"_links":{"self":[{"href":"https:\/\/roveyayinevi.com.tr\/index.php\/wp-json\/wp\/v2\/product\/776829","targetHints":{"allow":["GET"]}}],"collection":[{"href":"https:\/\/roveyayinevi.com.tr\/index.php\/wp-json\/wp\/v2\/product"}],"about":[{"href":"https:\/\/roveyayinevi.com.tr\/index.php\/wp-json\/wp\/v2\/types\/product"}],"wp:attachment":[{"href":"https:\/\/roveyayinevi.com.tr\/index.php\/wp-json\/wp\/v2\/media?parent=776829"}],"wp:term":[{"taxonomy":"product_brand","embeddable":true,"href":"https:\/\/roveyayinevi.com.tr\/index.php\/wp-json\/wp\/v2\/product_brand?post=776829"},{"taxonomy":"product_cat","embeddable":true,"href":"https:\/\/roveyayinevi.com.tr\/index.php\/wp-json\/wp\/v2\/product_cat?post=776829"},{"taxonomy":"product_tag","embeddable":true,"href":"https:\/\/roveyayinevi.com.tr\/index.php\/wp-json\/wp\/v2\/product_tag?post=776829"}],"curies":[{"name":"wp","href":"https:\/\/api.w.org\/{rel}","templated":true}]}}