{"id":776826,"date":"2025-10-06T00:22:28","date_gmt":"2025-10-05T21:22:28","guid":{"rendered":"https:\/\/roveyayinevi.com.tr\/index.php\/urun\/katabasis\/"},"modified":"2026-04-15T03:42:38","modified_gmt":"2026-04-15T00:42:38","slug":"katabasis","status":"publish","type":"product","link":"https:\/\/roveyayinevi.com.tr\/index.php\/urun\/katabasis\/","title":{"rendered":"Katabasis"},"content":{"rendered":"<p>\u00c7oksatan Sar\u0131 Y\u00fcz\u2019\u00fcn yazar\u0131 R. F. Kuang\u2019\u0131n t\u00fcm d\u00fcnyada heyecanla beklenen yeni roman\u0131 Katabasis \u015fimdi T\u00fcrk\u00e7ede!   \u0130ki doktora \u00f6\u011frencisi, rekabetlerini bir kenara b\u0131rak\u0131p hocalar\u0131n\u0131n ruhunu kurtarmak i\u00e7in Cehennem\u2019e gitmek zorunda\u2014belki de kendi ruhlar\u0131n\u0131 feda etme pahas\u0131na.   Alice Law\u2019un hayatta tek bir amac\u0131 vard\u0131: B\u00fcy\u00fc alan\u0131ndaki en yetenekli ki\u015fi olmak. Bunun ger\u00e7ek olmas\u0131 i\u00e7in her \u015feyini feda edebilirdi: gururunu, sa\u011fl\u0131\u011f\u0131n\u0131, a\u015fk hayat\u0131n\u0131 ve kesinlikle ak\u0131l sa\u011fl\u0131\u011f\u0131n\u0131. Hepsi, d\u00fcnyan\u0131n en b\u00fcy\u00fck b\u00fcy\u00fcc\u00fcs\u00fc olan Cambridgeli Profes\u00f6r Jacob Grimes\u2019le \u00e7al\u0131\u015fabilmek i\u00e7indi.   Ama profes\u00f6r bir b\u00fcy\u00fc kazas\u0131nda \u00f6l\u00fcnce i\u015fler de\u011fi\u015fecekti.   Grimes cehennemdeydi ve Alice onun pe\u015finden gitmeye kararl\u0131yd\u0131. \u00c7\u00fcnk\u00fc profes\u00f6r\u00fcn yazaca\u011f\u0131 tavsiye mektubu Alice\u2019in gelece\u011fini belirleyecek g\u00fcce sahipti ve \u00f6l\u00fcm bile hayallerinin pe\u015finden gitmesini engelleyemeyecekti.   Alice\u2019in ezeli rakibi Peter Murdoch da ayn\u0131 fikirdeydi.   Bu iki rakip, sevmedikleri bir adam\u0131 kurtarmak i\u00e7in cehennemin derinliklerine yola \u00e7\u0131kacaklard\u0131.   Ama cehennem pek de eski hik\u00e2yelerde ve kutsal kitaplarda anlat\u0131ld\u0131\u011f\u0131 gibi de\u011fildi.   \u00c7ok daha tehlikeliydi.   \u201cKatabasis\u2019te Kuang hem komik, hem kanl\u0131 hem de sars\u0131c\u0131 bir yolculu\u011fa \u00e7\u0131kar\u0131yor okuru; akademik ya\u015fam\u0131n tehlikelerini ve g\u00fc\u00e7 yap\u0131s\u0131n\u0131 ac\u0131mas\u0131zca hicvederken, k\u0131r\u0131lgan bir insan kalbine sahip olman\u0131n anlam\u0131n\u0131 asla g\u00f6zden ka\u00e7\u0131rm\u0131yor.\u201d\u2013Leigh Bardugo   \u201cB\u00fcy\u00fcleyici ve dokunakl\u0131 bir hik\u00e2ye; ba\u015f\u0131ndan kalkmadan okudum. Bu kitap ba\u015fl\u0131 ba\u015f\u0131na bir deneyim. Onu ilk kez okuyacaklara imreniyorum.\u201d \u2013Rebecca Ross   \u201cKatabasis, y\u00fcrek burkan derecede ger\u00e7ek karakterleri ve s\u00fcr\u00fckleyici d\u00fcnya in\u015fas\u0131yla y\u0131l\u0131n en iddial\u0131 romanlar\u0131ndan biri.\u201d \u2013New York Times    \u201c\u0130nan\u0131lmaz fikirlerle dolu bir kitap. Kuang en yarat\u0131c\u0131 yazarlardan biri. Ya\u011f gibi ak\u0131p giden bir \u00fcsluba sahip. Katabasis, modern bir klasik olmaya aday, g\u00fc\u00e7l\u00fc ve zamans\u0131z bir eser.\u201d \u2013Olivie Blake   \u201cNe macera ama! Katabasis tam bir ba\u015fyap\u0131t \u2014 edebi, n\u00fcktedan ve ustaca yaz\u0131lm\u0131\u015f; son derece tatmin edici finaline kadar heyecanland\u0131r\u0131yor ve b\u00fcy\u00fcl\u00fcyor. Okumaktan b\u00fcy\u00fck keyif ald\u0131m.\u201d \u2013Gareth Brown    \u201c\u015eeytani derecede zekice ve beklenmedik \u015fekilde tatl\u0131; cehenneme gitmek hi\u00e7 bu kadar e\u011flenceli olmam\u0131\u015ft\u0131.\u201d \u2013Shannon Chakraborty <\/p>\n","protected":false},"excerpt":{"rendered":"<p>\u00c7oksatan Sar\u0131 Y\u00fcz\u2019\u00fcn yazar\u0131 R. F. Kuang\u2019\u0131n t\u00fcm d\u00fcnyada heyecanla beklenen yeni roman\u0131 Katabasis \u015fimdi T\u00fcrk\u00e7ede! \u0130ki doktora \u00f6\u011frencisi, rekabetlerini bir kenara b\u0131rak\u0131p hocalar\u0131n\u0131n ruhunu kurtarmak<span class=\"excerpt-hellip\"> [\u2026]<\/span><\/p>\n","protected":false},"featured_media":0,"template":"","meta":{"_monsterinsights_skip_tracking":false,"_monsterinsights_sitenote_active":false,"_monsterinsights_sitenote_note":"","_monsterinsights_sitenote_category":0},"product_brand":[],"product_cat":[12291,14777],"product_tag":[],"class_list":{"0":"post-776826","1":"product","2":"type-product","3":"status-publish","5":"product_cat-edebiyat","6":"product_cat-fantastik","7":"pa_cilt-ciltsiz","8":"pa_tur-kitap","9":"pa_yayinevi-ithaki-yayinlari","10":"pa_yazar-r-f-kuang","12":"first","13":"instock","14":"sale","15":"shipping-taxable","16":"purchasable","17":"product-type-simple"},"_links":{"self":[{"href":"https:\/\/roveyayinevi.com.tr\/index.php\/wp-json\/wp\/v2\/product\/776826","targetHints":{"allow":["GET"]}}],"collection":[{"href":"https:\/\/roveyayinevi.com.tr\/index.php\/wp-json\/wp\/v2\/product"}],"about":[{"href":"https:\/\/roveyayinevi.com.tr\/index.php\/wp-json\/wp\/v2\/types\/product"}],"wp:attachment":[{"href":"https:\/\/roveyayinevi.com.tr\/index.php\/wp-json\/wp\/v2\/media?parent=776826"}],"wp:term":[{"taxonomy":"product_brand","embeddable":true,"href":"https:\/\/roveyayinevi.com.tr\/index.php\/wp-json\/wp\/v2\/product_brand?post=776826"},{"taxonomy":"product_cat","embeddable":true,"href":"https:\/\/roveyayinevi.com.tr\/index.php\/wp-json\/wp\/v2\/product_cat?post=776826"},{"taxonomy":"product_tag","embeddable":true,"href":"https:\/\/roveyayinevi.com.tr\/index.php\/wp-json\/wp\/v2\/product_tag?post=776826"}],"curies":[{"name":"wp","href":"https:\/\/api.w.org\/{rel}","templated":true}]}}