{"id":776825,"date":"2025-10-06T00:22:20","date_gmt":"2025-10-05T21:22:20","guid":{"rendered":"https:\/\/roveyayinevi.com.tr\/index.php\/urun\/hamilelik-dogum-ve-bebek-bakim-kitabi\/"},"modified":"2026-04-15T03:42:37","modified_gmt":"2026-04-15T00:42:37","slug":"hamilelik-dogum-ve-bebek-bakim-kitabi","status":"publish","type":"product","link":"https:\/\/roveyayinevi.com.tr\/index.php\/urun\/hamilelik-dogum-ve-bebek-bakim-kitabi\/","title":{"rendered":"Hamilelik Do\u011fum ve Bebek Bak\u0131m Kitab\u0131"},"content":{"rendered":"<p>Hamilelik, Do\u011fum ve Bebek Bak\u0131m Kitab\u0131, uzun y\u0131llar boyunca y\u00fczlerce anne aday\u0131na hamileli\u011fi, do\u011fumu ve bebek bak\u0131m\u0131n\u0131 \u00f6\u011freten Ay\u015fe \u00d6ner\u2019in bilgi birikimlerinin bir sonucudur. \u00dclkemiz \u015fartlar\u0131na uygun olarak haz\u0131rlanm\u0131\u015f ama d\u00fcnya \u00e7ap\u0131ndaki en g\u00fcncel bilgilerle zenginle\u015ftirilmi\u015f bu eser anne ve baba adaylar\u0131n\u0131n ba\u015fucu kitab\u0131 olacakt\u0131r. Ayn\u0131 zamanda \u00c7a\u011fla \u015eikel, Ceyda D\u00fcvenci, G\u00fclben Ergen, \u015eeyda Co\u015fkun, Leyla Alaton, Tu\u011fba Co\u015fkun gibi \u00fcnl\u00fclere hamilelik ve bebek bak\u0131m\u0131 e\u011fitimi vermi\u015f ve do\u011fum ko\u00e7lu\u011fu yapm\u0131\u015f olan Ay\u015fe \u00d6ner, en g\u00fcncel bilgilerle yenilenmi\u015f ve geni\u015fletilmi\u015f olan eserinde, anne adaylar\u0131n\u0131n her konuda akl\u0131na gelebilecek sorular\u0131na \u0131\u015f\u0131k tutmaktad\u0131r. Onlara bir \u00e7ocuk sahibi olma mucizesini b\u00fcy\u00fck bir g\u00fcvenle tadabilecekleri bilgiler sunmaktad\u0131r. Hamilelik, Do\u011fum ve Bebek Bak\u0131m Kitab\u0131, hamilelik \u00f6ncesinden ba\u015flayarak \u00e7ocu\u011funuz bir ya\u015f\u0131na gelinceye kadar sizin ve bebe\u011finizin ihtiya\u00e7 duyaca\u011f\u0131 her t\u00fcrl\u00fc bilgiyi i\u00e7ermektedir. <\/p>\n","protected":false},"excerpt":{"rendered":"<p>Hamilelik, Do\u011fum ve Bebek Bak\u0131m Kitab\u0131, uzun y\u0131llar boyunca y\u00fczlerce anne aday\u0131na hamileli\u011fi, do\u011fumu ve bebek bak\u0131m\u0131n\u0131 \u00f6\u011freten Ay\u015fe \u00d6ner\u2019in bilgi birikimlerinin bir sonucudur. \u00dclkemiz \u015fartlar\u0131na<span class=\"excerpt-hellip\"> [\u2026]<\/span><\/p>\n","protected":false},"featured_media":0,"template":"","meta":{"_monsterinsights_skip_tracking":false,"_monsterinsights_sitenote_active":false,"_monsterinsights_sitenote_note":"","_monsterinsights_sitenote_category":0},"product_brand":[],"product_cat":[14902,13365],"product_tag":[],"class_list":{"0":"post-776825","1":"product","2":"type-product","3":"status-publish","5":"product_cat-annelik-ve-cocuk-bakimi","6":"product_cat-saglik","7":"pa_cilt-ciltsiz","8":"pa_tur-kitap","9":"pa_yayinevi-nemesis-kitap","10":"pa_yazar-ayse-oner","12":"first","13":"instock","14":"sale","15":"shipping-taxable","16":"purchasable","17":"product-type-simple"},"_links":{"self":[{"href":"https:\/\/roveyayinevi.com.tr\/index.php\/wp-json\/wp\/v2\/product\/776825","targetHints":{"allow":["GET"]}}],"collection":[{"href":"https:\/\/roveyayinevi.com.tr\/index.php\/wp-json\/wp\/v2\/product"}],"about":[{"href":"https:\/\/roveyayinevi.com.tr\/index.php\/wp-json\/wp\/v2\/types\/product"}],"wp:attachment":[{"href":"https:\/\/roveyayinevi.com.tr\/index.php\/wp-json\/wp\/v2\/media?parent=776825"}],"wp:term":[{"taxonomy":"product_brand","embeddable":true,"href":"https:\/\/roveyayinevi.com.tr\/index.php\/wp-json\/wp\/v2\/product_brand?post=776825"},{"taxonomy":"product_cat","embeddable":true,"href":"https:\/\/roveyayinevi.com.tr\/index.php\/wp-json\/wp\/v2\/product_cat?post=776825"},{"taxonomy":"product_tag","embeddable":true,"href":"https:\/\/roveyayinevi.com.tr\/index.php\/wp-json\/wp\/v2\/product_tag?post=776825"}],"curies":[{"name":"wp","href":"https:\/\/api.w.org\/{rel}","templated":true}]}}