{"id":776824,"date":"2025-10-06T00:22:17","date_gmt":"2025-10-05T21:22:17","guid":{"rendered":"https:\/\/roveyayinevi.com.tr\/index.php\/urun\/ozguven-4\/"},"modified":"2026-04-15T03:42:37","modified_gmt":"2026-04-15T00:42:37","slug":"ozguven-4","status":"publish","type":"product","link":"https:\/\/roveyayinevi.com.tr\/index.php\/urun\/ozguven-4\/","title":{"rendered":"\u00d6zg\u00fcven"},"content":{"rendered":"<p>KEND\u0130NE G\u00dcVENMEK, YALNIZCA B\u0130R K\u0130\u015e\u0130SEL GEL\u0130\u015e\u0130M MESELES\u0130 DE\u011e\u0130L, \u0130NSAN OLMANIN EN TEMEL VE EVRENSEL DENEY\u0130MLER\u0130NDEN B\u0130R\u0130D\u0130R.     Filozof Charles P\u00e9pin, bu kitapta \u00f6zg\u00fcveni sadece bireysel bir \u00f6zellik olarak de\u011fil, ili\u015fkilerimizden, sezgilerimizden ve hayata bak\u0131\u015f\u0131m\u0131zdan beslenen \u00e7ok katmanl\u0131, derinlikli bir kavram olarak ele al\u0131yor.   \u2022 Peki, g\u00fcn\u00fcm\u00fcz d\u00fcnyas\u0131nda \u00f6zg\u00fcven neden bu kadar k\u0131r\u0131lgan h\u00e2le geldi?   \u2022 Neye, kime ya da ne zaman g\u00fcvenebiliriz?   \u2022 Bir \u00e7ocu\u011fun bisiklet s\u00fcrerken hissetti\u011fi co\u015fkuyla, bir sava\u015f pilotunun zifiri karanl\u0131kta piste ini\u015fi aras\u0131nda nas\u0131l bir ba\u011f olabilir?     Madonna\u2019dan Nietzsche\u2019ye, acil servis doktorlar\u0131ndan da\u011fc\u0131lara uzanan ger\u00e7ek ya\u015fam \u00f6yk\u00fcleri ve felsefi analizlerle P\u00e9pin, \u00f6zg\u00fcvene giden yollar\u0131 ayd\u0131nlat\u0131yor.   \u00d6zg\u00fcven: Felsefi Bir Yolculuk, modern \u00e7a\u011f\u0131n karma\u015fas\u0131nda ayakta kalmak isteyen herkes i\u00e7in yal\u0131n, g\u00fc\u00e7l\u00fc ve d\u00f6n\u00fc\u015ft\u00fcr\u00fcc\u00fc bir rehber.<\/p>\n","protected":false},"excerpt":{"rendered":"<p>KEND\u0130NE G\u00dcVENMEK, YALNIZCA B\u0130R K\u0130\u015e\u0130SEL GEL\u0130\u015e\u0130M MESELES\u0130 DE\u011e\u0130L, \u0130NSAN OLMANIN EN TEMEL VE EVRENSEL DENEY\u0130MLER\u0130NDEN B\u0130R\u0130D\u0130R. Filozof Charles P\u00e9pin, bu kitapta \u00f6zg\u00fcveni sadece bireysel bir \u00f6zellik<span class=\"excerpt-hellip\"> [\u2026]<\/span><\/p>\n","protected":false},"featured_media":0,"template":"","meta":{"_monsterinsights_skip_tracking":false,"_monsterinsights_sitenote_active":false,"_monsterinsights_sitenote_note":"","_monsterinsights_sitenote_category":0},"product_brand":[],"product_cat":[12364,12376],"product_tag":[],"class_list":{"0":"post-776824","1":"product","2":"type-product","3":"status-publish","5":"product_cat-genel-konular","6":"product_cat-kisisel-gelisim","7":"pa_cilt-ciltsiz","8":"pa_tur-kitap","9":"pa_yayinevi-epsilon-yayinlari","10":"pa_yazar-charles-pepin","12":"first","13":"instock","14":"sale","15":"shipping-taxable","16":"purchasable","17":"product-type-simple"},"_links":{"self":[{"href":"https:\/\/roveyayinevi.com.tr\/index.php\/wp-json\/wp\/v2\/product\/776824","targetHints":{"allow":["GET"]}}],"collection":[{"href":"https:\/\/roveyayinevi.com.tr\/index.php\/wp-json\/wp\/v2\/product"}],"about":[{"href":"https:\/\/roveyayinevi.com.tr\/index.php\/wp-json\/wp\/v2\/types\/product"}],"wp:attachment":[{"href":"https:\/\/roveyayinevi.com.tr\/index.php\/wp-json\/wp\/v2\/media?parent=776824"}],"wp:term":[{"taxonomy":"product_brand","embeddable":true,"href":"https:\/\/roveyayinevi.com.tr\/index.php\/wp-json\/wp\/v2\/product_brand?post=776824"},{"taxonomy":"product_cat","embeddable":true,"href":"https:\/\/roveyayinevi.com.tr\/index.php\/wp-json\/wp\/v2\/product_cat?post=776824"},{"taxonomy":"product_tag","embeddable":true,"href":"https:\/\/roveyayinevi.com.tr\/index.php\/wp-json\/wp\/v2\/product_tag?post=776824"}],"curies":[{"name":"wp","href":"https:\/\/api.w.org\/{rel}","templated":true}]}}