{"id":776816,"date":"2025-10-06T00:20:52","date_gmt":"2025-10-05T21:20:52","guid":{"rendered":"https:\/\/roveyayinevi.com.tr\/index.php\/urun\/bebegimle-hayvanlar-aleminde-sivri-sivri-cok-sivri-ciltli\/"},"modified":"2026-04-15T03:42:31","modified_gmt":"2026-04-15T00:42:31","slug":"bebegimle-hayvanlar-aleminde-sivri-sivri-cok-sivri-ciltli","status":"publish","type":"product","link":"https:\/\/roveyayinevi.com.tr\/index.php\/urun\/bebegimle-hayvanlar-aleminde-sivri-sivri-cok-sivri-ciltli\/","title":{"rendered":"Bebe\u011fimle Hayvanlar Aleminde Sivri, Sivri, \u00c7ok Sivri (Ciltli)"},"content":{"rendered":"<p>Baz\u0131 hayvanlar\u0131n burnu sivri, baz\u0131lar\u0131n\u0131n di\u015fleri\u2026 Kimi hayvan\u0131n sivri mi sivri bir gagas\u0131 var, kiminin de sivri pen\u00e7eleri.Bir s\u00fcr\u00fc farkl\u0131 hayvan\u0131 ke\u015ffedece\u011fin heyecanl\u0131 bir yolculu\u011fa haz\u0131r m\u0131s\u0131n? Bu reng\u00e2renk kitab\u0131n sayfalar\u0131n\u0131 s\u00fcsleyen pencereler, hareketli k\u0131s\u0131mlar ve \u00fc\u00e7 boyutlu resimler minik okurlar\u0131m\u0131za etkile\u015fimli, keyifli bir \u00f6\u011frenme deneyimi sunacak.Macera ba\u015flas\u0131n.Katlanabilir Bordbook | 3D G\u00f6rseller | Etkile\u015fimli \u00d6\u011frenmeOkul \u00f6ncesi \u00e7a\u011fdaki \u00e7ocuklar i\u00e7in m\u00fckemmel bir ilk bilgi kitab\u0131<\/p>\n","protected":false},"excerpt":{"rendered":"<p>Baz\u0131 hayvanlar\u0131n burnu sivri, baz\u0131lar\u0131n\u0131n di\u015fleri\u2026 Kimi hayvan\u0131n sivri mi sivri bir gagas\u0131 var, kiminin de sivri pen\u00e7eleri.Bir s\u00fcr\u00fc farkl\u0131 hayvan\u0131 ke\u015ffedece\u011fin heyecanl\u0131 bir yolculu\u011fa haz\u0131r<span class=\"excerpt-hellip\"> [\u2026]<\/span><\/p>\n","protected":false},"featured_media":0,"template":"","meta":{"_monsterinsights_skip_tracking":false,"_monsterinsights_sitenote_active":false,"_monsterinsights_sitenote_note":"","_monsterinsights_sitenote_category":0},"product_brand":[],"product_cat":[12274,12518],"product_tag":[],"class_list":{"0":"post-776816","1":"product","2":"type-product","3":"status-publish","5":"product_cat-cocuk-ve-genclik-kitaplari","6":"product_cat-okul-oncesi-kitaplar","7":"pa_cilt-ciltli","8":"pa_tur-kitap","9":"pa_yayinevi-ucan-fil-yayinlari","10":"pa_yazar-kolektif","12":"first","13":"instock","14":"sale","15":"shipping-taxable","16":"purchasable","17":"product-type-simple"},"_links":{"self":[{"href":"https:\/\/roveyayinevi.com.tr\/index.php\/wp-json\/wp\/v2\/product\/776816","targetHints":{"allow":["GET"]}}],"collection":[{"href":"https:\/\/roveyayinevi.com.tr\/index.php\/wp-json\/wp\/v2\/product"}],"about":[{"href":"https:\/\/roveyayinevi.com.tr\/index.php\/wp-json\/wp\/v2\/types\/product"}],"wp:attachment":[{"href":"https:\/\/roveyayinevi.com.tr\/index.php\/wp-json\/wp\/v2\/media?parent=776816"}],"wp:term":[{"taxonomy":"product_brand","embeddable":true,"href":"https:\/\/roveyayinevi.com.tr\/index.php\/wp-json\/wp\/v2\/product_brand?post=776816"},{"taxonomy":"product_cat","embeddable":true,"href":"https:\/\/roveyayinevi.com.tr\/index.php\/wp-json\/wp\/v2\/product_cat?post=776816"},{"taxonomy":"product_tag","embeddable":true,"href":"https:\/\/roveyayinevi.com.tr\/index.php\/wp-json\/wp\/v2\/product_tag?post=776816"}],"curies":[{"name":"wp","href":"https:\/\/api.w.org\/{rel}","templated":true}]}}