{"id":776814,"date":"2025-10-06T00:20:46","date_gmt":"2025-10-05T21:20:46","guid":{"rendered":"https:\/\/roveyayinevi.com.tr\/index.php\/urun\/bul-ve-goster-orman-kasifleri-ciltli\/"},"modified":"2026-04-15T03:42:31","modified_gmt":"2026-04-15T00:42:31","slug":"bul-ve-goster-orman-kasifleri-ciltli","status":"publish","type":"product","link":"https:\/\/roveyayinevi.com.tr\/index.php\/urun\/bul-ve-goster-orman-kasifleri-ciltli\/","title":{"rendered":"Bul ve G\u00f6ster: Orman Ka\u015fifleri (Ciltli)"},"content":{"rendered":"<p>Bul ve G\u00f6ster Orman K\u00e2\u015fifleriBu orman maceras\u0131nda minik ka\u015fifler, yemye\u015fil yapraklar aras\u0131nda gizlenen canl\u0131lar\u0131 ve reng\u00e2renk detaylar\u0131 ke\u015ffetmek i\u00e7in sayfalar aras\u0131nda dola\u015f\u0131yor. B\u00fcy\u00fck pencerelerin alt\u0131nda hem \u015fa\u015f\u0131rt\u0131c\u0131 bilgiler hem de e\u011flenceli s\u00fcrprizler onlar\u0131 bekliyor. Sayfalar\u0131 \u00e7evirip pencereyi kald\u0131rd\u0131k\u00e7a yeni bir hayvan, yeni bir bitki ya da do\u011fan\u0131n ba\u015fka bir harikas\u0131yla tan\u0131\u015facaklar. Hem e\u011flenceli hem \u00f6\u011fretici bu yolculuk, \u00e7ocuklar\u0131n do\u011fa sevgisini peki\u015ftirirken \u00f6\u011frenme merak\u0131n\u0131 da art\u0131racak.\u00d6\u011frenme Becerileri:Kelime \u00d6\u011fren\u0130nce Motor BecerileriDinle ve \u00d6\u011frenD\u00fcnyay\u0131 Ke\u015ffet<\/p>\n","protected":false},"excerpt":{"rendered":"<p>Bul ve G\u00f6ster Orman K\u00e2\u015fifleriBu orman maceras\u0131nda minik ka\u015fifler, yemye\u015fil yapraklar aras\u0131nda gizlenen canl\u0131lar\u0131 ve reng\u00e2renk detaylar\u0131 ke\u015ffetmek i\u00e7in sayfalar aras\u0131nda dola\u015f\u0131yor. B\u00fcy\u00fck pencerelerin alt\u0131nda hem<span class=\"excerpt-hellip\"> [\u2026]<\/span><\/p>\n","protected":false},"featured_media":0,"template":"","meta":{"_monsterinsights_skip_tracking":false,"_monsterinsights_sitenote_active":false,"_monsterinsights_sitenote_note":"","_monsterinsights_sitenote_category":0},"product_brand":[],"product_cat":[12274,12518],"product_tag":[],"class_list":{"0":"post-776814","1":"product","2":"type-product","3":"status-publish","5":"product_cat-cocuk-ve-genclik-kitaplari","6":"product_cat-okul-oncesi-kitaplar","7":"pa_cilt-ciltli","8":"pa_tur-kitap","9":"pa_yayinevi-ucan-fil-yayinlari","10":"pa_yazar-kolektif","12":"first","13":"instock","14":"sale","15":"shipping-taxable","16":"purchasable","17":"product-type-simple"},"_links":{"self":[{"href":"https:\/\/roveyayinevi.com.tr\/index.php\/wp-json\/wp\/v2\/product\/776814","targetHints":{"allow":["GET"]}}],"collection":[{"href":"https:\/\/roveyayinevi.com.tr\/index.php\/wp-json\/wp\/v2\/product"}],"about":[{"href":"https:\/\/roveyayinevi.com.tr\/index.php\/wp-json\/wp\/v2\/types\/product"}],"wp:attachment":[{"href":"https:\/\/roveyayinevi.com.tr\/index.php\/wp-json\/wp\/v2\/media?parent=776814"}],"wp:term":[{"taxonomy":"product_brand","embeddable":true,"href":"https:\/\/roveyayinevi.com.tr\/index.php\/wp-json\/wp\/v2\/product_brand?post=776814"},{"taxonomy":"product_cat","embeddable":true,"href":"https:\/\/roveyayinevi.com.tr\/index.php\/wp-json\/wp\/v2\/product_cat?post=776814"},{"taxonomy":"product_tag","embeddable":true,"href":"https:\/\/roveyayinevi.com.tr\/index.php\/wp-json\/wp\/v2\/product_tag?post=776814"}],"curies":[{"name":"wp","href":"https:\/\/api.w.org\/{rel}","templated":true}]}}