{"id":776811,"date":"2025-10-06T00:20:41","date_gmt":"2025-10-05T21:20:41","guid":{"rendered":"https:\/\/roveyayinevi.com.tr\/index.php\/urun\/hareketli-minikler-muhtesem-insaat-ciltli\/"},"modified":"2026-04-15T03:42:31","modified_gmt":"2026-04-15T00:42:31","slug":"hareketli-minikler-muhtesem-insaat-ciltli","status":"publish","type":"product","link":"https:\/\/roveyayinevi.com.tr\/index.php\/urun\/hareketli-minikler-muhtesem-insaat-ciltli\/","title":{"rendered":"Hareketli Minikler: Muhte\u015fem \u0130n\u015faat (Ciltli)"},"content":{"rendered":"<p>Hareketli MiniklerMuhte\u015fem \u0130n\u015faat\u0130n\u015faat al\u0131n\u0131ndaki muhte\u015fem maceraya sizde kat\u0131l\u0131n!Vin\u00e7ler, kamyonlar ve kaz\u0131c\u0131lar bu sayfalarda! Hareketli par\u00e7alar ve dokulu y\u00fczeylerle dolu sahnelerde minikler, in\u015faat d\u00fcnyas\u0131n\u0131 ke\u015ffederken el becerilerini geli\u015ftirecek.Kazan\u0131mlar: Problem \u00e7\u00f6zme \u0130nce motor geli\u015fimiMeslek fark\u0131ndal\u0131\u011f\u0131Dokun &amp; ke\u015ffet deneyimiHayal g\u00fcc\u00fcKayd\u0131r, \u00c7evir, D\u00f6nd\u00fcr, \u00c7ek 10 Farkl\u0131 HareketOkul \u00f6ncesi \u00e7a\u011fdaki \u00e7ocuklar i\u00e7in m\u00fckemmel bir ilk bilgi kitab\u0131<\/p>\n","protected":false},"excerpt":{"rendered":"<p>Hareketli MiniklerMuhte\u015fem \u0130n\u015faat\u0130n\u015faat al\u0131n\u0131ndaki muhte\u015fem maceraya sizde kat\u0131l\u0131n!Vin\u00e7ler, kamyonlar ve kaz\u0131c\u0131lar bu sayfalarda! Hareketli par\u00e7alar ve dokulu y\u00fczeylerle dolu sahnelerde minikler, in\u015faat d\u00fcnyas\u0131n\u0131 ke\u015ffederken el becerilerini<span class=\"excerpt-hellip\"> [\u2026]<\/span><\/p>\n","protected":false},"featured_media":0,"template":"","meta":{"_monsterinsights_skip_tracking":false,"_monsterinsights_sitenote_active":false,"_monsterinsights_sitenote_note":"","_monsterinsights_sitenote_category":0},"product_brand":[],"product_cat":[12274,12518],"product_tag":[],"class_list":{"0":"post-776811","1":"product","2":"type-product","3":"status-publish","5":"product_cat-cocuk-ve-genclik-kitaplari","6":"product_cat-okul-oncesi-kitaplar","7":"pa_cilt-ciltli","8":"pa_tur-kitap","9":"pa_yayinevi-ucan-fil-yayinlari","10":"pa_yazar-kolektif","12":"first","13":"instock","14":"sale","15":"shipping-taxable","16":"purchasable","17":"product-type-simple"},"_links":{"self":[{"href":"https:\/\/roveyayinevi.com.tr\/index.php\/wp-json\/wp\/v2\/product\/776811","targetHints":{"allow":["GET"]}}],"collection":[{"href":"https:\/\/roveyayinevi.com.tr\/index.php\/wp-json\/wp\/v2\/product"}],"about":[{"href":"https:\/\/roveyayinevi.com.tr\/index.php\/wp-json\/wp\/v2\/types\/product"}],"wp:attachment":[{"href":"https:\/\/roveyayinevi.com.tr\/index.php\/wp-json\/wp\/v2\/media?parent=776811"}],"wp:term":[{"taxonomy":"product_brand","embeddable":true,"href":"https:\/\/roveyayinevi.com.tr\/index.php\/wp-json\/wp\/v2\/product_brand?post=776811"},{"taxonomy":"product_cat","embeddable":true,"href":"https:\/\/roveyayinevi.com.tr\/index.php\/wp-json\/wp\/v2\/product_cat?post=776811"},{"taxonomy":"product_tag","embeddable":true,"href":"https:\/\/roveyayinevi.com.tr\/index.php\/wp-json\/wp\/v2\/product_tag?post=776811"}],"curies":[{"name":"wp","href":"https:\/\/api.w.org\/{rel}","templated":true}]}}